{"id":85122,"date":"2021-01-12T08:42:24","date_gmt":"2021-01-12T07:42:24","guid":{"rendered":"https:\/\/www.jtl-software.com\/?page_id=85122"},"modified":"2025-07-15T11:53:57","modified_gmt":"2025-07-15T09:53:57","slug":"partner-werden","status":"publish","type":"page","link":"https:\/\/www.jtl-software.com\/de\/partner-werden","title":{"rendered":"Jetzt Partner werden!"},"content":{"rendered":"\t\t<section>\n\t\t\t\t\t<div class=\"container\">\n\t\t\t\t\t\t\t\t<div class=\"row\">\n\t\t\t\t\t\t\t<div class=\"col\">\n\t<span id=\"anchor-jetzt-partner-werden\" class=\"mb-2 font-weight-normal h3\">Jetzt Partner werden!<a href=\"#jetzt-partner-werden\" class=\"far fa-link headline-link\" data-href=\"#jetzt-partner-werden\"><\/a><\/span><h1 id=\"anchor-kontaktanfrage-stellen\" class=\"mt-0\">Kontaktanfrage stellen<a href=\"#kontaktanfrage-stellen\" class=\"far fa-link headline-link\" data-href=\"#kontaktanfrage-stellen\"><\/a><\/h1><div class=\"mt-7 tabs tabs-buttons tabs-no-border\" id=\"tabs-69e2e84c03fa6\">\n\t<div class=\"swiper swiper-small-controls\">\n\t\t<div class=\"swiper-container\">\n\t\t\t<div class=\"swiper-wrapper nav nav-tabs\" role=\"tablist\">\n\t\t\t\t\t\t\t\t\t\t\t\t\t\t\t<div class=\"swiper-slide nav-item\">\n\t\t\t\t\t\t\t<a class=\"btn btn-outline-primary btn-pill px-4 py-2 active\" id=\"anchor-tab-servicepartner\" data-toggle=\"tab\" href=\"#tab-servicepartner\" role=\"tab\" aria-controls=\"servicepartner\" aria-selected=\"false\">Servicepartner<\/a>\n\t\t\t\t\t\t<\/div>\n\t\t\t\t\t\t\t\t\t\t\t<div class=\"swiper-slide nav-item\">\n\t\t\t\t\t\t\t<a class=\"btn btn-outline-primary btn-pill px-4 py-2\" id=\"anchor-tab-steuerberaterpartner\" data-toggle=\"tab\" href=\"#tab-steuerberaterpartner\" role=\"tab\" aria-controls=\"steuerberaterpartner\" aria-selected=\"false\">Steuerberaterpartner<\/a>\n\t\t\t\t\t\t<\/div>\n\t\t\t\t\t\t\t\t\t\t\t<div class=\"swiper-slide nav-item\">\n\t\t\t\t\t\t\t<a class=\"btn btn-outline-primary btn-pill px-4 py-2\" id=\"anchor-tab-fulfillmentpartner\" data-toggle=\"tab\" href=\"#tab-fulfillmentpartner\" role=\"tab\" aria-controls=\"fulfillmentpartner\" aria-selected=\"false\">Fulfillmentpartner<\/a>\n\t\t\t\t\t\t<\/div>\n\t\t\t\t\t\t\t\t\t\t\t<div class=\"swiper-slide nav-item\">\n\t\t\t\t\t\t\t<a class=\"btn btn-outline-primary btn-pill px-4 py-2\" id=\"anchor-tab-scx-partnerintegration\" data-toggle=\"tab\" href=\"#tab-scx-partnerintegration\" role=\"tab\" aria-controls=\"scx-partnerintegration\" aria-selected=\"false\">SCX-Partnerintegration<\/a>\n\t\t\t\t\t\t<\/div>\n\t\t\t\t\t\t\t\t\t\t\t<div class=\"swiper-slide nav-item\">\n\t\t\t\t\t\t\t<a class=\"btn btn-outline-primary btn-pill px-4 py-2\" id=\"anchor-tab-technologiepartner\" data-toggle=\"tab\" href=\"#tab-technologiepartner\" role=\"tab\" aria-controls=\"technologiepartner\" aria-selected=\"false\">Technologiepartner<\/a>\n\t\t\t\t\t\t<\/div>\n\t\t\t\t\t\t\t\t\t\t\t\t<\/div>\n\t\t<\/div>\n\n\t\t<div class=\"swiper-button-prev d-none d-lg-flex\"><\/div>\n\t\t<div class=\"swiper-button-next d-none d-lg-flex\"><\/div>\n\t<\/div>\n\n\t<div class=\"tab-content\">\n\t\t\t<div class=\"tab-pane fade show active\" id=\"tab-servicepartner\" role=\"tabpanel\" aria-labelledby=\"anchor-tab-servicepartner\">\n\t\t\t<div class=\"row\">\n\t\t<div class=\"col-lg-5 mr-auto\">\n\t<h2 id=\"anchor-servicepartner-management-kontaktieren\" class=\"h5\">Servicepartner-Management kontaktieren<a href=\"#servicepartner-management-kontaktieren\" class=\"far fa-link headline-link\" data-href=\"#servicepartner-management-kontaktieren\"><\/a><\/h2><p>Sie sind an einer Partnerschaft im Bereich Projektabwicklung interessiert \u2013 f\u00fcr JTL-Wawi, JTL-WMS, JTL-Shop oder JTL-Connector? Dann freuen sich unserer Partnermanager Philip Valentin und Christian Gaebel auf Ihre Kontaktanfrage.<\/p>\n<p>Unsere Partnermanager melden sich zeitnah bei Ihnen zur\u00fcck.<\/p>\n<p>Vielen Dank!<\/p>\n<a href=\"https:\/\/www.jtl-software.de\/kooperationen\"><span class=\"text-primary fal fa-arrow-circle-right fa-fw mr-2\"><\/span>Zu den Partnerprogrammen<\/a><\/div><div class=\"col-sm-6 col-lg-3\">\n\t<picture><source type=\"image\/webp\" srcset=\"data:image\/svg+xml,%3Csvg%20xmlns='http:\/\/www.w3.org\/2000\/svg'%20viewBox='0%200%20636%20358'%20xml:space='preserve'%3E%3C\/svg%3E 1x\" data-srcset=\"https:\/\/www.jtl-software.com\/uploads\/2021\/01\/phillip-v-636x358.jpg.webp 1x, https:\/\/www.jtl-software.com\/uploads\/2021\/01\/phillip-v.jpg.webp 1.42x\"><source type=\"image\/jpeg\" srcset=\"data:image\/svg+xml,%3Csvg%20xmlns='http:\/\/www.w3.org\/2000\/svg'%20viewBox='0%200%20636%20358'%20xml:space='preserve'%3E%3C\/svg%3E 1x\" data-srcset=\"https:\/\/www.jtl-software.com\/uploads\/2021\/01\/phillip-v-636x358.jpg 1x, https:\/\/www.jtl-software.com\/uploads\/2021\/01\/phillip-v.jpg 1.42x\"><img loading=\"lazy\" decoding=\"async\" class=\"mt-4 mb-4 mt-lg-0 lazy img-fluid border-solid \" src=\"data:image\/svg+xml,%3Csvg%20xmlns='http:\/\/www.w3.org\/2000\/svg'%20viewBox='0%200%20900%20506'%20xml:space='preserve'%3E%3C\/svg%3E\" data-src=\"https:\/\/www.jtl-software.com\/uploads\/2021\/01\/phillip-v.jpg\" width=\"636\" height=\"358\" alt=\"Phillip Valentin\"><\/picture><p><strong>Philip Valentin<\/strong><br \/>\nPartnermanager<\/p>\n<p>partner@jtl-software.com<br \/>\n(0 22 1) 988 302 11<\/p>\n<\/div><div class=\"col-sm-6 col-lg-3\">\n\t<picture><source type=\"image\/webp\" srcset=\"data:image\/svg+xml,%3Csvg%20xmlns='http:\/\/www.w3.org\/2000\/svg'%20viewBox='0%200%20636%20358'%20xml:space='preserve'%3E%3C\/svg%3E 1x\" data-srcset=\"https:\/\/www.jtl-software.com\/uploads\/2022\/05\/christian-g-636x358.jpg.webp 1x, https:\/\/www.jtl-software.com\/uploads\/2022\/05\/christian-g.jpg.webp 1.42x\"><source type=\"image\/jpeg\" srcset=\"data:image\/svg+xml,%3Csvg%20xmlns='http:\/\/www.w3.org\/2000\/svg'%20viewBox='0%200%20636%20358'%20xml:space='preserve'%3E%3C\/svg%3E 1x\" data-srcset=\"https:\/\/www.jtl-software.com\/uploads\/2022\/05\/christian-g-636x358.jpg 1x, https:\/\/www.jtl-software.com\/uploads\/2022\/05\/christian-g.jpg 1.42x\"><img loading=\"lazy\" decoding=\"async\" class=\"mt-4 mb-4 mt-lg-0 lazy img-fluid border-solid \" src=\"data:image\/svg+xml,%3Csvg%20xmlns='http:\/\/www.w3.org\/2000\/svg'%20viewBox='0%200%20900%20506'%20xml:space='preserve'%3E%3C\/svg%3E\" data-src=\"https:\/\/www.jtl-software.com\/uploads\/2022\/05\/christian-g.jpg\" width=\"636\" height=\"358\" alt=\"Christian Gaebel\"><\/picture><p><strong>Christian Gaebel<\/strong><br \/>\nPartnermanager<\/p>\n<p>partner@jtl-software.com<br \/>\n(0 22 1) 988 302 11<\/p>\n<\/div>\t<\/div>\n<hr class=\"mt-5 mb-5\">\t<\/div>\n\t<div class=\"tab-pane fade\" id=\"tab-steuerberaterpartner\" role=\"tabpanel\" aria-labelledby=\"anchor-tab-steuerberaterpartner\">\n\t\t\t<div class=\"row\">\n\t\t<div class=\"col-lg-5 mr-auto\">\n\t<h2 id=\"anchor-steuerberater-management-kontaktieren\" class=\"h5\">Steuerberater-Management kontaktieren<a href=\"#steuerberater-management-kontaktieren\" class=\"far fa-link headline-link\" data-href=\"#steuerberater-management-kontaktieren\"><\/a><\/h2><p>Sie beraten buchhalterisch bereits E-Commerce Unternehmen und wissen genau worauf Onlineh\u00e4ndler achten m\u00fcssen?<\/p>\n<p>Unser Partnermanager Christian Gaebel freut sich auf Ihre Kontaktanfrage!<\/p>\n<\/div><div class=\"col-sm-6 col-lg-3\">\n\t<picture><source type=\"image\/webp\" srcset=\"data:image\/svg+xml,%3Csvg%20xmlns='http:\/\/www.w3.org\/2000\/svg'%20viewBox='0%200%20636%20358'%20xml:space='preserve'%3E%3C\/svg%3E 1x\" data-srcset=\"https:\/\/www.jtl-software.com\/uploads\/2022\/05\/christian-g-636x358.jpg.webp 1x, https:\/\/www.jtl-software.com\/uploads\/2022\/05\/christian-g.jpg.webp 1.42x\"><source type=\"image\/jpeg\" srcset=\"data:image\/svg+xml,%3Csvg%20xmlns='http:\/\/www.w3.org\/2000\/svg'%20viewBox='0%200%20636%20358'%20xml:space='preserve'%3E%3C\/svg%3E 1x\" data-srcset=\"https:\/\/www.jtl-software.com\/uploads\/2022\/05\/christian-g-636x358.jpg 1x, https:\/\/www.jtl-software.com\/uploads\/2022\/05\/christian-g.jpg 1.42x\"><img loading=\"lazy\" decoding=\"async\" class=\"mt-4 mb-4 mt-lg-0 lazy img-fluid border-solid \" src=\"data:image\/svg+xml,%3Csvg%20xmlns='http:\/\/www.w3.org\/2000\/svg'%20viewBox='0%200%20900%20506'%20xml:space='preserve'%3E%3C\/svg%3E\" data-src=\"https:\/\/www.jtl-software.com\/uploads\/2022\/05\/christian-g.jpg\" width=\"636\" height=\"358\" alt=\"Christian Gaebel\"><\/picture><p><strong>Christian Gaebel<\/strong><br \/>\nPartnermanager<\/p>\n<p>partner@jtl-software.com<br \/>\n(0 22 1) 988 302 11<\/p>\n<\/div><div class=\"col-sm-6 col-lg-3\">\n\t<\/div>\t<\/div>\n<hr class=\"mt-5 mb-5\">\t<\/div>\n\t<div class=\"tab-pane fade\" id=\"tab-fulfillmentpartner\" role=\"tabpanel\" aria-labelledby=\"anchor-tab-fulfillmentpartner\">\n\t\t\t<div class=\"row\">\n\t\t<div class=\"col-lg-5 mr-auto\">\n\t<h2 id=\"anchor-fulfillmentpartner-management-kontaktieren\" class=\"h5\">Fulfillmentpartner-Management kontaktieren<a href=\"#fulfillmentpartner-management-kontaktieren\" class=\"far fa-link headline-link\" data-href=\"#fulfillmentpartner-management-kontaktieren\"><\/a><\/h2><p>Sie m\u00f6chten Ihre Fulfillment-Dienstleistungen im JTL-Fulfillment Network anbieten?<\/p>\n<p>Unser Partnermanager Felix Ullrich sowie unser Vertriebsteam beantworten gerne Ihre Kontaktanfragen.<\/p>\n<p>Vielen Dank!<\/p>\n<a href=\"https:\/\/www.jtl-software.de\/kooperationen\"><span class=\"text-primary fal fa-arrow-circle-right fa-fw mr-2\"><\/span>Zu den Partnerprogrammen<\/a><\/div><div class=\"col-sm-6 col-lg-3\">\n\t<picture><source type=\"image\/webp\" srcset=\"data:image\/svg+xml,%3Csvg%20xmlns='http:\/\/www.w3.org\/2000\/svg'%20viewBox='0%200%20636%20358'%20xml:space='preserve'%3E%3C\/svg%3E 1x\" data-srcset=\"https:\/\/www.jtl-software.com\/uploads\/2025\/02\/felix-ullrich-neu-636x358.jpg.webp 1x, https:\/\/www.jtl-software.com\/uploads\/2025\/02\/felix-ullrich-neu.jpg.webp 1.42x\"><source type=\"image\/jpeg\" srcset=\"data:image\/svg+xml,%3Csvg%20xmlns='http:\/\/www.w3.org\/2000\/svg'%20viewBox='0%200%20636%20358'%20xml:space='preserve'%3E%3C\/svg%3E 1x\" data-srcset=\"https:\/\/www.jtl-software.com\/uploads\/2025\/02\/felix-ullrich-neu-636x358.jpg 1x, https:\/\/www.jtl-software.com\/uploads\/2025\/02\/felix-ullrich-neu.jpg 1.42x\"><img loading=\"lazy\" decoding=\"async\" class=\"mt-4 mb-4 mt-lg-0 lazy img-fluid border-solid \" src=\"data:image\/svg+xml,%3Csvg%20xmlns='http:\/\/www.w3.org\/2000\/svg'%20viewBox='0%200%20900%20506'%20xml:space='preserve'%3E%3C\/svg%3E\" data-src=\"https:\/\/www.jtl-software.com\/uploads\/2025\/02\/felix-ullrich-neu.jpg\" width=\"636\" height=\"358\" alt=\"Felix Ullrich, Partnermanager\"><\/picture><p><strong>Felix Ullrich<\/strong><br \/>\nPartnermanager<br \/>\nJTL-Fulfillment Network<\/p>\n<p>fulfillmentpartner@jtl-software.de<br \/>\n(0221) 988 302 11<\/p>\n<\/div><div class=\"col-sm-6 col-lg-3\">\n\t<\/div>\t<\/div>\n<hr class=\"mt-5 mb-5\">\t<\/div>\n\t<div class=\"tab-pane fade\" id=\"tab-scx-partnerintegration\" role=\"tabpanel\" aria-labelledby=\"anchor-tab-scx-partnerintegration\">\n\t\t\t<div class=\"row\">\n\t\t<div class=\"col-lg-5 mr-auto\">\n\t<h2 id=\"anchor-scx-management-kontaktieren\" class=\"h5\">SCX-Management kontaktieren<a href=\"#scx-management-kontaktieren\" class=\"far fa-link headline-link\" data-href=\"#scx-management-kontaktieren\"><\/a><\/h2><p>Sie m\u00f6chten eine Integration f\u00fcr SCX erstellen oder einen neuen Marktplatz an JTL anbinden?<\/p>\n<p>Unsere Partnermanager Felix Ullrich und Marcel Wischhof helfen Ihnen gerne weiter und beantworten Ihre Fragen.<\/p>\n<p>Bitte nutzen Sie dazu unser Kontaktformular und wir werden uns schnellstm\u00f6glich bei Ihnen melden.<\/p>\n<p>Vielen Dank!<\/p>\n<\/div><div class=\"col-sm-6 col-lg-3\">\n\t<picture><source type=\"image\/webp\" srcset=\"data:image\/svg+xml,%3Csvg%20xmlns='http:\/\/www.w3.org\/2000\/svg'%20viewBox='0%200%20636%20358'%20xml:space='preserve'%3E%3C\/svg%3E 1x\" data-srcset=\"https:\/\/www.jtl-software.com\/uploads\/2025\/02\/felix-ullrich-neu-636x358.jpg.webp 1x, https:\/\/www.jtl-software.com\/uploads\/2025\/02\/felix-ullrich-neu.jpg.webp 1.42x\"><source type=\"image\/jpeg\" srcset=\"data:image\/svg+xml,%3Csvg%20xmlns='http:\/\/www.w3.org\/2000\/svg'%20viewBox='0%200%20636%20358'%20xml:space='preserve'%3E%3C\/svg%3E 1x\" data-srcset=\"https:\/\/www.jtl-software.com\/uploads\/2025\/02\/felix-ullrich-neu-636x358.jpg 1x, https:\/\/www.jtl-software.com\/uploads\/2025\/02\/felix-ullrich-neu.jpg 1.42x\"><img loading=\"lazy\" decoding=\"async\" class=\"mt-4 mb-4 mt-lg-0 lazy img-fluid border-solid \" src=\"data:image\/svg+xml,%3Csvg%20xmlns='http:\/\/www.w3.org\/2000\/svg'%20viewBox='0%200%20900%20506'%20xml:space='preserve'%3E%3C\/svg%3E\" data-src=\"https:\/\/www.jtl-software.com\/uploads\/2025\/02\/felix-ullrich-neu.jpg\" width=\"636\" height=\"358\" alt=\"Felix Ullrich, Partnermanager\"><\/picture><p><strong>Felix Ullrich<\/strong><br \/>\nPartnermanager<\/p>\n<p>partner@jtl-software.de<\/p>\n<\/div><div class=\"col-sm-6 col-lg-3\">\n\t<picture><source type=\"image\/webp\" srcset=\"data:image\/svg+xml,%3Csvg%20xmlns='http:\/\/www.w3.org\/2000\/svg'%20viewBox='0%200%20636%20358'%20xml:space='preserve'%3E%3C\/svg%3E 1x\" data-srcset=\"https:\/\/www.jtl-software.com\/uploads\/2025\/03\/marcel-wischhof-partnermanager-636x358.jpg.webp 1x, https:\/\/www.jtl-software.com\/uploads\/2025\/03\/marcel-wischhof-partnermanager.jpg.webp 1.42x\"><source type=\"image\/jpeg\" srcset=\"data:image\/svg+xml,%3Csvg%20xmlns='http:\/\/www.w3.org\/2000\/svg'%20viewBox='0%200%20636%20358'%20xml:space='preserve'%3E%3C\/svg%3E 1x\" data-srcset=\"https:\/\/www.jtl-software.com\/uploads\/2025\/03\/marcel-wischhof-partnermanager-636x358.jpg 1x, https:\/\/www.jtl-software.com\/uploads\/2025\/03\/marcel-wischhof-partnermanager.jpg 1.42x\"><img loading=\"lazy\" decoding=\"async\" class=\"mt-4 mb-4 mt-lg-0 lazy img-fluid border-solid \" src=\"data:image\/svg+xml,%3Csvg%20xmlns='http:\/\/www.w3.org\/2000\/svg'%20viewBox='0%200%20900%20506'%20xml:space='preserve'%3E%3C\/svg%3E\" data-src=\"https:\/\/www.jtl-software.com\/uploads\/2025\/03\/marcel-wischhof-partnermanager.jpg\" width=\"636\" height=\"358\" alt=\"Marcel Wischhof Partnermanager\"><\/picture><p><strong>Marcel Wischhof<\/strong><br \/>\nPartnermanager<\/p>\n<p>partner@jtl-software.de<\/p>\n<\/div>\t<\/div>\n<hr class=\"mt-5 mb-5\">\t<\/div>\n\t<div class=\"tab-pane fade\" id=\"tab-technologiepartner\" role=\"tabpanel\" aria-labelledby=\"anchor-tab-technologiepartner\">\n\t\t\t<div class=\"row\">\n\t\t<div class=\"col-lg-5 mr-auto\">\n\t<h2 id=\"anchor-technologiepartner-management-kontaktieren\" class=\"h5\">Technologiepartner-Management kontaktieren<a href=\"#technologiepartner-management-kontaktieren\" class=\"far fa-link headline-link\" data-href=\"#technologiepartner-management-kontaktieren\"><\/a><\/h2><p>Sie m\u00f6chten die JTL-Community mit Ihrer L\u00f6sung bereichern, einen echten Mehrwert schaffen und Kunden dabei unterst\u00fctzen, noch effizienter zu arbeiten?<\/p>\n<p>Unsere Partnermanager Felix Ullrich und Marcel Wischhof freuen sich auf Ihre Kontaktanfrage und melden sich zeitnah bei Ihnen.<\/p>\n<p>Vielen Dank!<\/p>\n<\/div><div class=\"col-sm-6 col-lg-3\">\n\t<picture><source type=\"image\/webp\" srcset=\"data:image\/svg+xml,%3Csvg%20xmlns='http:\/\/www.w3.org\/2000\/svg'%20viewBox='0%200%20636%20358'%20xml:space='preserve'%3E%3C\/svg%3E 1x\" data-srcset=\"https:\/\/www.jtl-software.com\/uploads\/2025\/02\/felix-ullrich-neu-636x358.jpg.webp 1x, https:\/\/www.jtl-software.com\/uploads\/2025\/02\/felix-ullrich-neu.jpg.webp 1.42x\"><source type=\"image\/jpeg\" srcset=\"data:image\/svg+xml,%3Csvg%20xmlns='http:\/\/www.w3.org\/2000\/svg'%20viewBox='0%200%20636%20358'%20xml:space='preserve'%3E%3C\/svg%3E 1x\" data-srcset=\"https:\/\/www.jtl-software.com\/uploads\/2025\/02\/felix-ullrich-neu-636x358.jpg 1x, https:\/\/www.jtl-software.com\/uploads\/2025\/02\/felix-ullrich-neu.jpg 1.42x\"><img loading=\"lazy\" decoding=\"async\" class=\"mt-4 mb-4 mt-lg-0 lazy img-fluid border-solid \" src=\"data:image\/svg+xml,%3Csvg%20xmlns='http:\/\/www.w3.org\/2000\/svg'%20viewBox='0%200%20900%20506'%20xml:space='preserve'%3E%3C\/svg%3E\" data-src=\"https:\/\/www.jtl-software.com\/uploads\/2025\/02\/felix-ullrich-neu.jpg\" width=\"636\" height=\"358\" alt=\"Felix Ullrich, Partnermanager\"><\/picture><p><strong>Felix Ullrich<\/strong><br \/>\nPartnermanager<\/p>\n<p>technologiepartner@jtl-software.de<\/p>\n<\/div><div class=\"col-sm-6 col-lg-3\">\n\t<picture><source type=\"image\/webp\" srcset=\"data:image\/svg+xml,%3Csvg%20xmlns='http:\/\/www.w3.org\/2000\/svg'%20viewBox='0%200%20636%20358'%20xml:space='preserve'%3E%3C\/svg%3E 1x\" data-srcset=\"https:\/\/www.jtl-software.com\/uploads\/2025\/03\/marcel-wischhof-partnermanager-636x358.jpg.webp 1x, https:\/\/www.jtl-software.com\/uploads\/2025\/03\/marcel-wischhof-partnermanager.jpg.webp 1.42x\"><source type=\"image\/jpeg\" srcset=\"data:image\/svg+xml,%3Csvg%20xmlns='http:\/\/www.w3.org\/2000\/svg'%20viewBox='0%200%20636%20358'%20xml:space='preserve'%3E%3C\/svg%3E 1x\" data-srcset=\"https:\/\/www.jtl-software.com\/uploads\/2025\/03\/marcel-wischhof-partnermanager-636x358.jpg 1x, https:\/\/www.jtl-software.com\/uploads\/2025\/03\/marcel-wischhof-partnermanager.jpg 1.42x\"><img loading=\"lazy\" decoding=\"async\" class=\"mt-4 mb-4 mt-lg-0 lazy img-fluid border-solid \" src=\"data:image\/svg+xml,%3Csvg%20xmlns='http:\/\/www.w3.org\/2000\/svg'%20viewBox='0%200%20900%20506'%20xml:space='preserve'%3E%3C\/svg%3E\" data-src=\"https:\/\/www.jtl-software.com\/uploads\/2025\/03\/marcel-wischhof-partnermanager.jpg\" width=\"636\" height=\"358\" alt=\"Marcel Wischhof Partnermanager\"><\/picture><p><strong>Marcel Wischhof<\/strong><br \/>\nPartnermanager<\/p>\n<p>technologiepartner@jtl-software.de<\/p>\n<\/div>\t<\/div>\n<hr class=\"mt-5 mb-5\">\t<\/div>\n\t<\/div>\n<\/div>\n\n<script>\n\tdocument.addEventListener('contentReady', function(e) {\n\t\t(function(Swiper) {\n\t\t\tvar slider = new Swiper('#tabs-69e2e84c03fa6 > .swiper .swiper-container', {\n\t\t\t\tmousewheel: {\n\t\t\t\t\tforceToAxis: true,\n\t\t\t\t},\n\t\t\t\tthreshold: 3,\n\t\t\t\tslidesPerView: 'auto',\n\t\t\t\tfreeMode: true,\n\t\t\t\tnavigation: {\n\t\t\t\t\tnextEl: '#tabs-69e2e84c03fa6 .swiper-button-next',\n\t\t\t\t\tprevEl: '#tabs-69e2e84c03fa6 .swiper-button-prev',\n\t\t\t\t}\n\t\t\t});\n\n\t\t\t__.helpers.delay(() => slider.update(), 1000);\n\t\t})(__.Swiper);\n\t});\n<\/script>\n[vc_raw_html css=&#8220;&#8220;]JTNDc2NyaXB0JTNFJTBBJTIwJTIwaGJzcHQuZm9ybXMuY3JlYXRlJTI4JTdCJTBBJTIwJTIwJTIwJTIwcG9ydGFsSWQlM0ElMjAlMjIxNDU4NTA3MzUlMjIlMkMlMEElMjAlMjAlMjAlMjBmb3JtSWQlM0ElMjAlMjJkZjVlNTc4Ny1jOTc4LTQzYTEtYTM1My0wMjk4ZDcwMjRjMDYlMjIlMkMlMEElMjAlMjAlMjAlMjByZWdpb24lM0ElMjAlMjJldTElMjIlMEElMjAlMjAlN0QlMjklM0IlMEElM0MlMkZzY3JpcHQlM0U=[\/vc_raw_html]<\/div>\n\t\t\t\t\t\t<\/div>\n\t\t\t\t\t\t\t<\/div>\n\t\t\t\t<\/section>\n\t\t\t<section class=\"bg-primary text-tertiary\">\n\t\t\t\t\t<div class=\"container\">\n\t\t\t\t\t\t\t\t\t\t<div class=\"row justify-content-center align-items-center\">\n\t<div class=\"col-lg-6 col-xl-5 mb-5 mb-lg-0\">\n\t\t\t\t\t<span id=\"anchor-bleiben-sie-auf-dem-laufenden\" class=\"text-reset h4\">Bleiben Sie auf dem Laufenden!<a href=\"#bleiben-sie-auf-dem-laufenden\" class=\"far fa-link headline-link\" data-href=\"#bleiben-sie-auf-dem-laufenden\"><\/a><\/span><p>Erhalten Sie wichtige Infos zu unseren Produkten sofort!<\/p>\n\t\t\t<\/div>\n\t<div class=\"col-lg-6 col-xl-5\">\n\t\t<form action=\"https:\/\/kundencenter.jtl-software.de\/public\/newsletter\" method=\"post\" target=\"_blank\">\n\t\t\t<div class=\"input-group\">\n\t\t\t\t<input type=\"email\" class=\"form-control border-0\" name=\"email\" required placeholder=\"Ihre E-Mail Adresse angeben\">\n\t\t\t\t<div class=\"input-group-append\">\n\t\t\t\t\t<button type=\"submit\" class=\"btn btn-wawi\">Abonnieren<\/button>\n\t\t\t\t<\/div>\n\t\t\t<\/div>\n\t\t<\/form>\n\t<\/div>\n<\/div>\n\t\t\t\t\t\t\t<\/div>\n\t\t\t\t<\/section>\n\t","protected":false},"excerpt":{"rendered":"Jetzt Partner werden!Kontaktanfrage stellen Servicepartner Steuerberaterpartner Fulfillmentpartner SCX-Partnerintegration Technologiepartner Servicepartner-Management kontaktierenSie sind an einer Partnerschaft im Bereich Projektabwicklung interessiert \u2013 f\u00fcr JTL-Wawi, JTL-WMS, JTL-Shop oder JTL-Connector? Dann freuen sich unserer Partnermanager Philip Valentin und Christian Gaebel auf Ihre Kontaktanfrage. Unsere Partnermanager melden sich zeitnah bei Ihnen zur\u00fcck. Vielen Dank! Zu den Partnerprogrammen Philip Valentin Partnermanager","protected":false},"author":4,"featured_media":0,"parent":0,"menu_order":0,"comment_status":"closed","ping_status":"closed","template":"","meta":{"_acf_changed":false,"footnotes":""},"class_list":["post-85122","page","type-page","status-publish","hentry"],"acf":[],"_links":{"self":[{"href":"https:\/\/www.jtl-software.com\/de\/wp-json\/wp\/v2\/pages\/85122","targetHints":{"allow":["GET"]}}],"collection":[{"href":"https:\/\/www.jtl-software.com\/de\/wp-json\/wp\/v2\/pages"}],"about":[{"href":"https:\/\/www.jtl-software.com\/de\/wp-json\/wp\/v2\/types\/page"}],"author":[{"embeddable":true,"href":"https:\/\/www.jtl-software.com\/de\/wp-json\/wp\/v2\/users\/4"}],"replies":[{"embeddable":true,"href":"https:\/\/www.jtl-software.com\/de\/wp-json\/wp\/v2\/comments?post=85122"}],"version-history":[{"count":9,"href":"https:\/\/www.jtl-software.com\/de\/wp-json\/wp\/v2\/pages\/85122\/revisions"}],"predecessor-version":[{"id":232478,"href":"https:\/\/www.jtl-software.com\/de\/wp-json\/wp\/v2\/pages\/85122\/revisions\/232478"}],"wp:attachment":[{"href":"https:\/\/www.jtl-software.com\/de\/wp-json\/wp\/v2\/media?parent=85122"}],"curies":[{"name":"wp","href":"https:\/\/api.w.org\/{rel}","templated":true}]}}