{"id":421,"date":"2020-07-23T14:01:03","date_gmt":"2020-07-23T12:01:03","guid":{"rendered":"http:\/\/www.jtl-software.de\/?page_id=421"},"modified":"2025-09-24T13:01:41","modified_gmt":"2025-09-24T11:01:41","slug":"starten-mit-jtl","status":"publish","type":"page","link":"https:\/\/www.jtl-software.com\/de\/starten-mit-jtl","title":{"rendered":"Starten mit JTL"},"content":{"rendered":"\t\t<section class=\"bg-secondary\">\n\t\t\t\t\t<div class=\"container\">\n\t\t\t\t\t\t\t\t<div class=\"row\">\n\t\t\t\t\t\t\t<div class=\"col-lg-6\">\n\t<span class=\"font-weight-light mb-0 h3\">Ihr Weg zu uns<\/span><h1 id=\"anchor-starten-mit-jtl\">Starten mit JTL<a href=\"#starten-mit-jtl\" class=\"far fa-link headline-link\" data-href=\"#starten-mit-jtl\"><\/a><\/h1><\/div>\n<div class=\"col-lg-6\">\n\t<p><strong>Ich will JTL testen. Wie gehe ich am besten vor?<\/strong><\/p>\n<p>Laden Sie sich JTL-Wawi herunter und installieren Sie das Programm auf einem Windows-Rechner. Parallel k\u00f6nnen Sie sich einen <a href=\"https:\/\/www.jtl-software.de\/jtl-store\/editionen-shopsystem\/testphase-jtl-shop\">JTL-Testshop<\/a> bei uns aufsetzen lassen, um das Zusammenspiel ausf\u00fchrlich kennenzulernen. Sollten Sie dar\u00fcber hinaus weitere Produkte oder Services von JTL testen wollen, setzen Sie sich bitte \u00fcber dieses <a href=\"https:\/\/www.jtl-software.de\/kontakt#produktberatung\">Kontaktformular<\/a> mit unserem Vertrieb in Verbindung. Vielen Dank.<\/p>\n<\/div>\n\t\t\t\t\t\t<\/div>\n\t\t\t\t\t\t\t<\/div>\n\t\t\t\t<\/section>\n\t\t\t<section>\n\t\t\t\t\t<div class=\"container\">\n\t\t\t\t\t\t\t\t<div class=\"row\">\n\t\t\t\t\t\t\t<div class=\"col-lg-6\">\n\t<span id=\"anchor-leitf\u00e4den-f\u00fcr-jeden-wissenstand\" class=\"h6\">Leitf\u00e4den f\u00fcr jeden Wissenstand<a href=\"#leitf\u00e4den-f\u00fcr-jeden-wissenstand\" class=\"far fa-link headline-link\" data-href=\"#leitf\u00e4den-f\u00fcr-jeden-wissenstand\"><\/a><\/span><p>Im Folgenden finden Sie drei Leitf\u00e4den, die wir extra f\u00fcr H\u00e4ndler und Hersteller mit unterschiedlichem Vorwissen geschrieben haben. Folgen Sie in Ruhe den Vorschl\u00e4gen dort und sie werden gut vorankommen.<\/p>\n<p>Falls Sie doch einmal h\u00e4ngen bleiben, hilft ein Anruf beim Vertriebsteam. Die Kollegen beantworten kurze, pr\u00e4zise Frage gerne, damit Sie besser vorankommen. F\u00fcr l\u00e4ngere Unterst\u00fctzung nutzen Sie bitte unsere <a href=\"https:\/\/www.jtl-software.de\/hilfecenter\/services\">Einrichtungsservices<\/a>.<\/p>\n<span id=\"anchor-direkt-zu-den-leitf\u00e4den\" class=\"mt-5 h6\"><span class=\"text-wawi fal fa-book fa-fw mr-3\"><\/span>Direkt zu den Leitf\u00e4den<a href=\"#direkt-zu-den-leitf\u00e4den\" class=\"far fa-link headline-link\" data-href=\"#direkt-zu-den-leitf\u00e4den\"><\/a><\/span><p><a href=\"https:\/\/www.jtl-software.de\/einstieg-und-start-up\">Mit JTL einsteigen<\/a>\u00a0|\u00a0<a href=\"https:\/\/www.jtl-software.de\/umstieg-und-wechsel\">Zu JTL wechseln<\/a>\u00a0|\u00a0<a href=\"https:\/\/www.jtl-software.de\/aufstieg-und-wachstum\">Mit JTL wachsen<\/a><\/p>\n<\/div>\n<div class=\"col-lg-6\">\n\t<span id=\"anchor-bedienung-von-jtl-wawi-erlernen\" class=\"mt-5 mt-lg-0 h6\">Bedienung von JTL-Wawi erlernen<a href=\"#bedienung-von-jtl-wawi-erlernen\" class=\"far fa-link headline-link\" data-href=\"#bedienung-von-jtl-wawi-erlernen\"><\/a><\/span><p>Unsere Warenwirtschaft ist funktional sehr m\u00e4chtig. Alle Funktionen und Werkzeuge, die Ihnen gem\u00e4\u00df der von Ihnen gew\u00e4hlten Edition zur Verf\u00fcgung stehen, werden von Informatikern entworfen und weiterentwickelt: Und so werden Sie staunen, was man mit Werkzeugen wie <a href=\"https:\/\/www.jtl-software.de\/warenwirtschaft\/prozessoptimierung\">JTL-Workflows<\/a>\u00a0oder\u00a0<a href=\"https:\/\/www.jtl-software.de\/warenwirtschaft\/import-export\">JTL-Ameise<\/a>\u00a0alles machen kann!<\/p>\n<p>F\u00fcr Einsteiger ist unsere Warenwirtschaft ebenfalls gut bedienbar. Sie sollten allerdings ein paar Kniffe fr\u00fchzeitig erlernen, um sich die Arbeit einfacher zu machen. Nutzen Sie unsere zahlreichen\u00a0<a href=\"https:\/\/www.jtl-software.de\/hilfecenter\/video-tutorials\">Video-Tutorials<\/a>, um sich f\u00fcr den E-Commerce mit JTL fit zu machen.<\/p>\n<p><strong>Fazit:<\/strong> JTL hilft Ihnen, konkurrenzf\u00e4hig Handel zu betreiben.<\/p>\n<\/div>\n\t\t\t\t\t\t<\/div>\n\t\t\t\t\t\t\t<\/div>\n\t\t\t\t<\/section>\n\t\t\t<section class=\"bg-secondary\">\n\t\t\t\t\t<div class=\"container\">\n\t\t\t\t\t\t\t\t<div class=\"row\">\n\t\t\t\t\t\t\t<div class=\"col\">\n\t\t<div class=\"row\">\n\t\t<div class=\"col-lg-6\">\n\t<picture><source type=\"image\/webp\" srcset=\"data:image\/svg+xml,%3Csvg%20xmlns='http:\/\/www.w3.org\/2000\/svg'%20viewBox='0%200%20570%20434'%20xml:space='preserve'%3E%3C\/svg%3E 1x\" data-srcset=\"https:\/\/www.jtl-software.com\/uploads\/2020\/07\/einsteiger.png.webp 1x, https:\/\/www.jtl-software.com\/uploads\/2020\/07\/einsteiger.png.webp 1x\"><source type=\"image\/png\" srcset=\"data:image\/svg+xml,%3Csvg%20xmlns='http:\/\/www.w3.org\/2000\/svg'%20viewBox='0%200%20570%20434'%20xml:space='preserve'%3E%3C\/svg%3E 1x\" data-srcset=\"https:\/\/www.jtl-software.com\/uploads\/2020\/07\/einsteiger.png 1x, https:\/\/www.jtl-software.com\/uploads\/2020\/07\/einsteiger.png 1x\"><img loading=\"lazy\" decoding=\"async\" src=\"data:image\/svg+xml,%3Csvg%20xmlns='http:\/\/www.w3.org\/2000\/svg'%20viewBox='0%200%20570%20434'%20xml:space='preserve'%3E%3C\/svg%3E\" data-src=\"https:\/\/www.jtl-software.com\/uploads\/2020\/07\/einsteiger.png\" width=\"570\" height=\"434\" alt class=\"lazy img-fluid border-solid \"><\/picture><\/div><div class=\"col-lg-6 d-flex flex-column\">\n\t<h2 id=\"anchor-mit-jtl-einsteigen\" class=\"mt-5 mb-6 mt-lg-0\">Mit JTL einsteigen<a href=\"#mit-jtl-einsteigen\" class=\"far fa-link headline-link\" data-href=\"#mit-jtl-einsteigen\"><\/a><\/h2><div class=\"mt-auto card card-sketched\">\n\t<div class=\"card-body\">\n\t\t<span class=\"text-reset h6\">Mit Ladenlokal in den Onlinehandel<\/span><p>Als Ladenlokalbesitzer kannte ich mich mit dem Handel aus \u2013 ich bin seit 15 Jahren am Markt. Onlinehandel kann so schwer nicht sein, dachte ich. Die Software war schnell eingerichtet und meine Produkte bei Amazon und eBay gelistet. Doch ich musste noch lernen meine Angebote richtig zu platzieren. Und dank JTL konnte ich jeden Tipp meines Servicepartners direkt umsetzen.<\/p>\n<p>Was ich gerlernt habe? Dass ich mit dem richtigen Know-how und einer guten Warenwirtschaft konkurrenzf\u00e4hig sein kann.<\/p>\n\t<\/div>\n\t<\/div><\/div>\t<\/div>\n\t<div class=\"row mt-7 mb-7\">\n\t\t<div class=\"col-lg-6\">\n\t<span id=\"anchor-durchstarten-im-onlinehandel\" class=\"h6\"><span class=\"text-wawi fal fa-rocket fa-fw fa-1.5x mr-3\"><\/span>Durchstarten im Onlinehandel<a href=\"#durchstarten-im-onlinehandel\" class=\"far fa-link headline-link\" data-href=\"#durchstarten-im-onlinehandel\"><\/a><\/span><p>Tipps f\u00fcr Einsteiger: Holen Sie Kunden von den Marktpl\u00e4tzen in Ihren Onlineshop! Locken Sie z.B. durch einen attraktiven Gutscheinecode auf der Marktplatz-Rechnung Kunden in Ihren Onlineshop.<\/p>\n<\/div><div class=\"col-lg-6\">\n\t<span id=\"anchor-ihr-ganzes-business-in-einer-software\" class=\"mt-5 mt-lg-0 h6\"><span class=\"text-wawi fal fa-check fa-fw fa-1.5x mr-3\"><\/span>Ihr ganzes Business in einer Software<a href=\"#ihr-ganzes-business-in-einer-software\" class=\"far fa-link headline-link\" data-href=\"#ihr-ganzes-business-in-einer-software\"><\/a><\/span><p>Wenn Sie parallel zum Onlinehandel ein Ladenlokal betreiben m\u00f6chten, k\u00f6nnen Sie einfach das\u00a0<a href=\"https:\/\/www.jtl-software.de\/kassensystem\">Kassensystem JTL-POS<\/a>\u00a0an JTL-Wawi anschlie\u00dfen und \u00fcber die Warenwirtschaft erfolgreichen Multichannel betreiben.<\/p>\n<\/div>\t<\/div>\n<div class=\"justify-content-center btn-wrapper\">\n\t<a class=\"btn btn-primary\" href=\"https:\/\/www.jtl-software.de\/einstieg-und-start-up\">\n\t\t\t\tZum Leitfaden f\u00fcr Einsteiger\t\t<\/a><\/div><\/div>\n\t\t\t\t\t\t<\/div>\n\t\t\t\t\t\t\t<\/div>\n\t\t\t\t<\/section>\n\t\t\t<section>\n\t\t\t\t\t<div class=\"container\">\n\t\t\t\t\t\t\t\t<div class=\"row\">\n\t\t\t\t\t\t\t<div class=\"col\">\n\t\t<div class=\"row\">\n\t\t<div class=\"col-lg-6\">\n\t<picture><source type=\"image\/webp\" srcset=\"data:image\/svg+xml,%3Csvg%20xmlns='http:\/\/www.w3.org\/2000\/svg'%20viewBox='0%200%20570%20434'%20xml:space='preserve'%3E%3C\/svg%3E 1x\" data-srcset=\"https:\/\/www.jtl-software.com\/uploads\/2020\/07\/umsteiger.png.webp 1x, https:\/\/www.jtl-software.com\/uploads\/2020\/07\/umsteiger.png.webp 1x\"><source type=\"image\/png\" srcset=\"data:image\/svg+xml,%3Csvg%20xmlns='http:\/\/www.w3.org\/2000\/svg'%20viewBox='0%200%20570%20434'%20xml:space='preserve'%3E%3C\/svg%3E 1x\" data-srcset=\"https:\/\/www.jtl-software.com\/uploads\/2020\/07\/umsteiger.png 1x, https:\/\/www.jtl-software.com\/uploads\/2020\/07\/umsteiger.png 1x\"><img loading=\"lazy\" decoding=\"async\" src=\"data:image\/svg+xml,%3Csvg%20xmlns='http:\/\/www.w3.org\/2000\/svg'%20viewBox='0%200%20570%20434'%20xml:space='preserve'%3E%3C\/svg%3E\" data-src=\"https:\/\/www.jtl-software.com\/uploads\/2020\/07\/umsteiger.png\" width=\"570\" height=\"434\" alt class=\"lazy img-fluid border-solid \"><\/picture><\/div><div class=\"col-lg-6 d-flex flex-column\">\n\t<h2 id=\"anchor-zu-jtl-wechseln\" class=\"mt-5 mb-6 mt-lg-0\">Zu JTL wechseln<a href=\"#zu-jtl-wechseln\" class=\"far fa-link headline-link\" data-href=\"#zu-jtl-wechseln\"><\/a><\/h2><div class=\"mt-auto card card-sketched card-sketched-style2\">\n\t<div class=\"card-body\">\n\t\t<span class=\"text-reset h6\">Von der alten in die neue Welt<\/span><p>Zu Beginn fiel uns der Wechsel schwer. Wir waren an unsere bisherige Software gew\u00f6hnt und hatten irgendwie erwartet, JTL w\u00fcrde genauso funktionieren. Erst als wir uns von alten Prozessen l\u00f6sten und die M\u00f6glichkeiten von JTL-Wawi entdeckten, hat das Projekt richtig Fahrt aufgenommen. Heute m\u00f6chten wir die Produkte von JTL nicht mehr missen \u2013 denn wir sind effizienter unterwegs denn je.<\/p>\n<p>Unser Fazit: Bei einem Wechsel muss man sich ein St\u00fcck weit von bekannten Prozessen l\u00f6sen und Abl\u00e4ufe \u201eneu denken\u201d.<\/p>\n\t<\/div>\n\t<\/div><\/div>\t<\/div>\n\t<div class=\"row mt-7 mb-7\">\n\t\t<div class=\"col-lg-6\">\n\t<span id=\"anchor-lokal-oder-in-der-cloud-sie-haben-die-wahl\" class=\"h6\"><span class=\"text-wawi fal fa-map-signs fa-fw fa-1.5x mr-3\"><\/span>Lokal oder in der Cloud: Sie haben die Wahl!<a href=\"#lokal-oder-in-der-cloud-sie-haben-die-wahl\" class=\"far fa-link headline-link\" data-href=\"#lokal-oder-in-der-cloud-sie-haben-die-wahl\"><\/a><\/span><p>W\u00e4hlen Sie zwischen zwei Betriebsmodi und passen Sie unsere Software ganz an Ihre Bed\u00fcrfnisse an. Mit JTL-Wawi Cloud arbeiten Sie unabh\u00e4ngig von Ort und Ger\u00e4t. Dabei profitieren Sie von modernsten IT-Standards und maximaler Performance. Oder bevorzugen Sie, Ihre Datenbank und IT selbst zu managen? Dann ist die Desktop-Anwendung von JTL-Wawi die richtige Wahl.<\/p>\n<\/div><div class=\"col-lg-6\">\n\t<span id=\"anchor-vernetzte-systeme-zuverl\u00e4ssige-backups\" class=\"mt-5 mt-lg-0 h6\"><span class=\"text-wawi fal fa-spinner fa-fw fa-1.5x mr-3\"><\/span>Vernetzte Systeme &amp; zuverl\u00e4ssige Backups<a href=\"#vernetzte-systeme-zuverl\u00e4ssige-backups\" class=\"far fa-link headline-link\" data-href=\"#vernetzte-systeme-zuverl\u00e4ssige-backups\"><\/a><\/span><p>Alles aus einer Hand \u2013 wenn Systeme gut integriert sind und sauber ineinandergreifen ist das wunderbar. Trotzdem m\u00f6chten viele H\u00e4ndler f\u00fcr vitale Aufgaben einen Notfallplan parat haben. Daher geht bei JTL vieles sowohl voll-automatisiert als auch \u201ezu Fu\u00df\u201d, d. h. halb-automatisch per Im\/Export von CSV-Dateien.<\/p>\n<\/div>\t<\/div>\n<div class=\"justify-content-center btn-wrapper\">\n\t<a class=\"btn btn-primary\" href=\"https:\/\/www.jtl-software.de\/umstieg-und-wechsel\">\n\t\t\t\tZum Leitfaden f\u00fcr Umsteiger\t\t<\/a><\/div><\/div>\n\t\t\t\t\t\t<\/div>\n\t\t\t\t\t\t\t<\/div>\n\t\t\t\t<\/section>\n\t\t\t<section class=\"bg-secondary\">\n\t\t\t\t\t<div class=\"container\">\n\t\t\t\t\t\t\t\t<div class=\"row\">\n\t\t\t\t\t\t\t<div class=\"col\">\n\t\t<div class=\"row\">\n\t\t<div class=\"col-lg-6\">\n\t<picture><source type=\"image\/webp\" srcset=\"data:image\/svg+xml,%3Csvg%20xmlns='http:\/\/www.w3.org\/2000\/svg'%20viewBox='0%200%20570%20434'%20xml:space='preserve'%3E%3C\/svg%3E 1x\" data-srcset=\"https:\/\/www.jtl-software.com\/uploads\/2020\/07\/aufsteiger.png.webp 1x, https:\/\/www.jtl-software.com\/uploads\/2020\/07\/aufsteiger.png.webp 1x\"><source type=\"image\/png\" srcset=\"data:image\/svg+xml,%3Csvg%20xmlns='http:\/\/www.w3.org\/2000\/svg'%20viewBox='0%200%20570%20434'%20xml:space='preserve'%3E%3C\/svg%3E 1x\" data-srcset=\"https:\/\/www.jtl-software.com\/uploads\/2020\/07\/aufsteiger.png 1x, https:\/\/www.jtl-software.com\/uploads\/2020\/07\/aufsteiger.png 1x\"><img loading=\"lazy\" decoding=\"async\" src=\"data:image\/svg+xml,%3Csvg%20xmlns='http:\/\/www.w3.org\/2000\/svg'%20viewBox='0%200%20570%20434'%20xml:space='preserve'%3E%3C\/svg%3E\" data-src=\"https:\/\/www.jtl-software.com\/uploads\/2020\/07\/aufsteiger.png\" width=\"570\" height=\"434\" alt class=\"lazy img-fluid border-solid \"><\/picture><\/div><div class=\"col-lg-6 d-flex flex-column\">\n\t<h2 id=\"anchor-mit-jtl-wachsen\" class=\"mt-5 mb-6 mt-lg-0\">Mit JTL wachsen<a href=\"#mit-jtl-wachsen\" class=\"far fa-link headline-link\" data-href=\"#mit-jtl-wachsen\"><\/a><\/h2><div class=\"mt-auto card card-sketched\">\n\t<div class=\"card-body\">\n\t\t<span class=\"text-reset h6\">Durch geringe Prozesskosten konkurrenzf\u00e4hig bleiben<\/span><p>Der Onlinehandel hat so seine T\u00fccken. Zu Beginn verkaufte ich gut, achtete aber zu wenig auf optimale Margen. Ein anderes Mal wurde der Wettbewerb sehr stark und ich hatte Schwierigkeiten meine Waren abzusetzen. Ich habe daraus gelernt und durch JTL alle Routinet\u00e4tigkeiten auf ein Minimum reduziert. Heute kann ich mich voll und ganz auf die Produktbeschaffung und -platzierung k\u00fcmmern \u2013 ein klarer Wettbewerbsvorteil.<\/p>\n<p>Wer langfristig erfolgreich bleiben m\u00f6chte, muss sich auf das Wesentliche konzentrieren k\u00f6nnen. Mit JTL kann ich das.<\/p>\n\t<\/div>\n\t<\/div><\/div>\t<\/div>\n\t<div class=\"row mt-7 mb-7\">\n\t\t<div class=\"col-lg-6\">\n\t<span id=\"anchor-bringen-sie-ihr-business-auf-ein-neues-level\" class=\"h6\"><span class=\"text-wawi fal fa-star fa-fw fa-1.5x mr-3\"><\/span>Bringen Sie Ihr Business auf ein neues Level<a href=\"#bringen-sie-ihr-business-auf-ein-neues-level\" class=\"far fa-link headline-link\" data-href=\"#bringen-sie-ihr-business-auf-ein-neues-level\"><\/a><\/span><p>Unsere Warenwirtschaft ist mit starken Automatiserungsm\u00f6glichkeiten ausgestattet. Solche High-End-Funktionen sind f\u00fcr den Einsteiger manchmal \u00fcberfordernd, f\u00fcr fortgeschrittene Nutzer werden sie jedoch zum unverzichtbaren Bestandteil der eigenen Arbeit.<\/p>\n<p>Alleine mit\u00a0<a href=\"https:\/\/www.jtl-software.de\/warenwirtschaft\/prozessoptimierung\">JTL-Workflows<\/a>,\u00a0<a href=\"https:\/\/www.jtl-software.de\/warenwirtschaft\/import-export\">JTL-Ameise<\/a>\u00a0und ein wenig Programmierkenntnis k\u00f6nnen Sie fast jede Routinet\u00e4tigkeit automatisieren.<\/p>\n<\/div><div class=\"col-lg-6\">\n\t<span id=\"anchor-alles-im-fluss\" class=\"mt-5 mt-lg-0 h6\"><span class=\"text-wawi fal fa-truck fa-fw fa-1.5x mr-3\"><\/span>Alles im Fluss<a href=\"#alles-im-fluss\" class=\"far fa-link headline-link\" data-href=\"#alles-im-fluss\"><\/a><\/span><p>Und wer statt Dropshipping und Fulfillment ein eigenes Warenlager f\u00fchren m\u00f6chte, der ist mit\u00a0<a href=\"https:\/\/www.jtl-software.de\/lagerverwaltung\">JTL-WMS<\/a>\u00a0bestens beraten. Denn alle Automatisierungsfunktionen sind auch tief in unsere Lagerverwaltung integriert.<\/p>\n<p>Im Leitfaden f\u00fcr Aufsteiger &amp; Prozessoptimierer stellen wir Ihnen das Land der unbekannten M\u00f6glichkeiten vor. Wer sich vom Techniksprech nicht abschrecken l\u00e4sst, gewinnt sp\u00e4ter um so mehr.<\/p>\n<\/div>\t<\/div>\n<div class=\"justify-content-center btn-wrapper\">\n\t<a class=\"btn btn-primary\" href=\"https:\/\/www.jtl-software.de\/aufstieg-und-wachstum\">\n\t\t\t\tZum Leitfaden f\u00fcr Aufsteiger\t\t<\/a><\/div><\/div>\n\t\t\t\t\t\t<\/div>\n\t\t\t\t\t\t\t<\/div>\n\t\t\t\t<\/section>\n\t\t\t<section class=\"bg-primary\">\n\t\t\t\t\t<div class=\"container\">\n\t\t\t\t\t\t\t\t<div class=\"row\">\n\t\t\t\t\t\t\t<div class=\"col-lg-6 text-tertiary d-flex flex-column\">\n\t<h2 id=\"anchor-partner-finden\" class=\"text-reset\">Partner finden<a href=\"#partner-finden\" class=\"far fa-link headline-link\" data-href=\"#partner-finden\"><\/a><\/h2><p>Unsere Servicepartner unterst\u00fctzen Sie gerne bei der Einf\u00fchrung von JTL-Wawi &amp; Co. sowie bei der Umsetzung Ihrer Projekte rund um die Software von JTL. In unserem Servicepartner-Verzeichnis k\u00f6nnen Sie Partner nach Fachkenntnissen oder reginaler N\u00e4he filtern. In der Projektb\u00f6rse haben Sie die M\u00f6glichkeit, Ihr Projekt auszuschreiben und Bewerbungen von Servicepartnern einzuholen.<\/p>\n<div class=\"mt-auto btn-wrapper\">\n\t<a class=\"btn btn-outline-tertiary\" href=\"https:\/\/www.jtl-software.de\/projektplanung-umsetzung\">\n\t\t\t\tPartner f\u00fcr Ihr Projekt finden\t\t<\/a><\/div><\/div>\n<div class=\"col-lg-6\">\n\t<div class=\"mt-5 mt-lg-0 embed-responsive embed-responsive-16by9 bg-secondary\">\n\t<div  class=\"embed-responsive-item\" data-youtube-id=\"NtC3nTi8uXQ\">\n\t\t\t\t<div class=\"embed-cover lazy poster\" data-bg=\"url('https:\/\/www.jtl-software.com\/uploads\/youtube-thumbs\/NtC3nTi8uXQ-maxresdefault.webp')\">\n\t\t\t<span class=\"embed-play fas fa-play-circle\"><\/span>\n\t\t<\/div>\t\n\t\t\t<\/div>\n<\/div>\n<\/div>\n\t\t\t\t\t\t<\/div>\n\t\t\t\t\t\t\t<\/div>\n\t\t\t\t<\/section>\n\t","protected":false},"excerpt":{"rendered":"Ihr Weg zu unsStarten mit JTL Ich will JTL testen. Wie gehe ich am besten vor? Laden Sie sich JTL-Wawi herunter und installieren Sie das Programm auf einem Windows-Rechner. Parallel k\u00f6nnen Sie sich einen JTL-Testshop bei uns aufsetzen lassen, um das Zusammenspiel ausf\u00fchrlich kennenzulernen. Sollten Sie dar\u00fcber hinaus weitere Produkte oder Services von JTL testen","protected":false},"author":1,"featured_media":0,"parent":0,"menu_order":0,"comment_status":"closed","ping_status":"closed","template":"","meta":{"_acf_changed":false,"footnotes":""},"class_list":["post-421","page","type-page","status-publish","hentry"],"acf":[],"_links":{"self":[{"href":"https:\/\/www.jtl-software.com\/de\/wp-json\/wp\/v2\/pages\/421","targetHints":{"allow":["GET"]}}],"collection":[{"href":"https:\/\/www.jtl-software.com\/de\/wp-json\/wp\/v2\/pages"}],"about":[{"href":"https:\/\/www.jtl-software.com\/de\/wp-json\/wp\/v2\/types\/page"}],"author":[{"embeddable":true,"href":"https:\/\/www.jtl-software.com\/de\/wp-json\/wp\/v2\/users\/1"}],"replies":[{"embeddable":true,"href":"https:\/\/www.jtl-software.com\/de\/wp-json\/wp\/v2\/comments?post=421"}],"version-history":[{"count":8,"href":"https:\/\/www.jtl-software.com\/de\/wp-json\/wp\/v2\/pages\/421\/revisions"}],"predecessor-version":[{"id":270086,"href":"https:\/\/www.jtl-software.com\/de\/wp-json\/wp\/v2\/pages\/421\/revisions\/270086"}],"wp:attachment":[{"href":"https:\/\/www.jtl-software.com\/de\/wp-json\/wp\/v2\/media?parent=421"}],"curies":[{"name":"wp","href":"https:\/\/api.w.org\/{rel}","templated":true}]}}