{"id":3546,"date":"2020-09-07T15:14:35","date_gmt":"2020-09-07T13:14:35","guid":{"rendered":"http:\/\/www.jtl-software.de\/?page_id=3546"},"modified":"2025-11-18T11:30:21","modified_gmt":"2025-11-18T10:30:21","slug":"presse","status":"publish","type":"page","link":"https:\/\/www.jtl-software.com\/de\/presse","title":{"rendered":"Presse"},"content":{"rendered":"<style>\n\t.utils-69e30f68df1c0 { background-repeat: no-repeat !important; }\n<\/style>\t\t<section class=\"hero-product-section orange utils-69e30f68df1c0\">\n\t\t\t\t\t<div class=\"container\">\n\t\t\t\t\t\t\t\t<div class=\"row\">\n\t\t\t\t\t\t\t<div class=\"col-lg-6 hero-product-section__content orange\">\n\t<span class=\"product-support-section__subtitle text-uppercase h3\">Pressebereich<\/span><style>\n\t.utils-69e30f68df9f6 { color: #333333 !important; }\n<\/style><h1 class=\"hero-product-section__content--title utils-69e30f68df9f6\"><span class=\"text-lighten\">News und Infomaterial<br><span class=\"font-weight-bold\"> zu JTL<\/span><\/span><\/h1>\t<div class=\"pr-10\">\n<p>Auf diesen Seiten stehen Unternehmensinformationen sowie zugeh\u00f6riges Bildmaterial zum Download bereit.<\/p>\n<p>Als eines der f\u00fchrenden Unternehmen im deutschsprachigen E-Commerce m\u00f6chten wir dich regelm\u00e4\u00dfig \u00fcber die Entwicklungen bei JTL informieren. Neben Pressemitteilungen finden Journalisten und Redakteure Bilder zu Produkten, Logos und Events.<\/p>\n<p>Du ben\u00f6tigst weitere Bildmotive und -formate, planst ein Interview oder arbeitest an einer Story, f\u00fcr die dir fundierte Aussagen fehlen? Dann melde dich bei uns! Wir versorgen dich gerne kurzfristig mit zus\u00e4tzlichem Material.<\/p>\n\t<\/div>\n<\/div>\n<div class=\"col-lg-6 hero-product-section__image\">\n\t\n<div class=\"page-author-widget\">\n    <div class=\"page-author-widget__card\">\n\n        <!-- Section Title -->\n        <h3 class=\"page-author-widget__section-title\">Deine <strong>Ansprechpartnerin<\/strong><\/h3>\n\n        <!-- Description -->\n        \n        <!-- Author Info -->\n        <div class=\"page-author-widget__author-info\">\n                            <div class=\"page-author-widget__author-photo\">\n                    <img decoding=\"async\" src=\"https:\/\/www.jtl-software.com\/uploads\/2025\/09\/pietzsch-zitat.jpg-1-1.png\" alt=\"Bettina Taylor\"\/>\n                <\/div>\n            \n            <div class=\"page-author-widget__author-details\">\n                <div class=\"page-author-widget__author-name\">Bettina Taylor<\/div>\n                                    <a href=\"mailto:presse@jtl-software.com\" class=\"page-author-widget__author-email\">\n                        presse@jtl-software.com                    <\/a>\n                            <\/div>\n        <\/div>\n\n        \n    <\/div>\n<\/div>\n<\/div>\n\t\t\t\t\t\t<\/div>\n\t\t\t\t\t\t\t<\/div>\n\t\t\t\t<\/section>\n\t\t\t<section class=\"product-payments-section\">\n\t\t\t\t\t<div class=\"container\">\n\t\t\t\t\t\t\t\t<div class=\"row\">\n\t\t\t\t\t\t\t<div class=\"col\">\n\t<style>\n\t.utils-69e30f68e071c { background-image: url(\"https:\/\/www.jtl-software.com\/uploads\/2025\/09\/Group-15047-1.svg\") !important; background-size: cover !important; background-repeat: no-repeat !important; }\n\n\t@media (min-width: 1200px) {\n\t\t.utils-69e30f68e071c { background-image: url(\"https:\/\/www.jtl-software.com\/uploads\/2025\/09\/Group-15047.svg\") !important; background-size: cover !important; background-repeat: no-repeat !important; }\n\t}\n<\/style><div class=\"container-product-payments-card utils-69e30f68e071c card\">\n\t<div class=\"card-body\">\n\t\t\t<div class=\"row\">\n\t\t<div class=\"col-lg-6  offset-xl-2 offset-md-0 col-xl-5 align-content-center\">\n\t<h2 class=\"product-payments-section__title align-content-center mb-3 mb-lg-0\">Der offizielle <span class=\"font-weight-bold\">JTL-Software<br>Youtube Channel<\/span><\/h2><\/div><div class=\"col-lg-6 col-xl-3\">\n\t\t<div class=\"mb-4\">\n<p>Regelm\u00e4\u00dfige Neuigkeiten aus der JTL-Welt findest du auch auf unserem offiziellen YouTube-Kanal.<\/p>\n\t<\/div>\n<div class=\"product-buttons-group\">\n                <a class=\"product-button-group__button--with-icon no-icon\" href=\"https:\/\/www.youtube.com\/user\/JTLSoftwareGmbH\" target=\"_blank\">\n                                    <span class=\"product-button-group__button--with-icon__text\">ZUM YOUTUBE CHANNEL<\/span>\n            <\/a>\n    <\/div><\/div>\t<\/div>\n\t<\/div>\n\t<\/div><\/div>\n\t\t\t\t\t\t<\/div>\n\t\t\t\t\t\t\t<\/div>\n\t\t\t\t<\/section>\n\t\t\t<section class=\"orange black\">\n\t\t\t\t\t<div class=\"container\">\n\t\t\t\t\t\t\t\t<div class=\"row\">\n\t\t\t\t\t\t\t<div class=\"col\">\n\t\n\n<div class=\"decorated-container-inner \">\n        <div class=\"decorated-container-square-overlay\"><\/div>\n        <div class=\"decorated-container-wrapper\">\n        <div class=\"decorated-container\">\n                        <div class=\"decorated-container-heading\" style=\"max-width: 906px\">\n                                    <div class=\"decorated-container-heading__over-title\">Pressemeldungen, Medienecho, Markenassets<\/div>\n                \n                                    <div class=\"decorated-container-heading__title\">\n                        Ressourcen f\u00fcr Redaktionen und Partner                    <\/div>\n                                            <\/div>\n                        <div class=\"decorated-container-items-wrapper\">\n                                    \n    <div class=\"slider-mobile-items-wrapper  count_3_element no-x-padding \"\n         id=\"wrapper_69e30f68e3fad\">\n\n        <div id=\"swiper_69e30f68e3fab\" class=\"slider-mobile-slider swiper\">\n            <div class=\"slider-mobile-items swiper-wrapper\">\n                \n<div class=\"swiper-slide card-mobile-item card-mobile-image with_button  with_image with_description\">\n\n            <div class=\"swiper-slide__top-heading\">\n            <div class=\"swiper-slide__image\">\n                <picture><source type=\"image\/webp\" srcset=\"data:image\/svg+xml,%3Csvg%20xmlns='http:\/\/www.w3.org\/2000\/svg'%20viewBox='0%200%20800%20450'%20xml:space='preserve'%3E%3C\/svg%3E 1x\" data-srcset=\"https:\/\/www.jtl-software.com\/uploads\/2025\/10\/ffa1847f982e64edf98fb8dab3f22fe406973fb3.png.webp 1x, https:\/\/www.jtl-software.com\/uploads\/2025\/10\/ffa1847f982e64edf98fb8dab3f22fe406973fb3.png.webp 1x\"><source type=\"image\/png\" srcset=\"data:image\/svg+xml,%3Csvg%20xmlns='http:\/\/www.w3.org\/2000\/svg'%20viewBox='0%200%20800%20450'%20xml:space='preserve'%3E%3C\/svg%3E 1x\" data-srcset=\"https:\/\/www.jtl-software.com\/uploads\/2025\/10\/ffa1847f982e64edf98fb8dab3f22fe406973fb3.png 1x, https:\/\/www.jtl-software.com\/uploads\/2025\/10\/ffa1847f982e64edf98fb8dab3f22fe406973fb3.png 1x\"><img loading=\"lazy\" decoding=\"async\" src=\"data:image\/svg+xml,%3Csvg%20xmlns='http:\/\/www.w3.org\/2000\/svg'%20viewBox='0%200%20800%20450'%20xml:space='preserve'%3E%3C\/svg%3E\" data-src=\"https:\/\/www.jtl-software.com\/uploads\/2025\/10\/ffa1847f982e64edf98fb8dab3f22fe406973fb3.png\" width=\"800\" height=\"450\" alt class=\"lazy img-fluid border-solid \"><\/picture>            <\/div>\n                            <div class=\"swiper-slide__title-heading\" style=\"max-width: px\">\n\n\n                                            <div class=\"swiper-slide__title\">\n                            Pressemitteilungen                        <\/div>\n                                                        <\/div>\n                    <\/div>\n    \n\n            <div class=\"swiper-slide__description\">\n            <span class=\"text-description\">Aktuelle Pressemeldungen zum Unternehmen, zu Produktreleases und Events.<\/span>\n                            <div class=\"swiper-slide__button-wrapper\">\n                                            <a class=\"bordered-transparent-link\"\n                           href=\"https:\/\/www.jtl-software.com\/de\/presse\/archiv\" >\n                            <span class=\"text\">ZU DEN PRESSEMITTEILUNGEN<\/span>\n                        <\/a>\n                                    <\/div>\n                                    <\/div>\n    <\/div>\n\n\n\n<div class=\"swiper-slide card-mobile-item card-mobile-image with_button  with_image with_description\">\n\n            <div class=\"swiper-slide__top-heading\">\n            <div class=\"swiper-slide__image\">\n                <picture><source type=\"image\/webp\" srcset=\"data:image\/svg+xml,%3Csvg%20xmlns='http:\/\/www.w3.org\/2000\/svg'%20viewBox='0%200%20800%20450'%20xml:space='preserve'%3E%3C\/svg%3E 1x\" data-srcset=\"https:\/\/www.jtl-software.com\/uploads\/2025\/10\/79bdd82436adf439ebe0341550fd4f6568655fa0.png.webp 1x, https:\/\/www.jtl-software.com\/uploads\/2025\/10\/79bdd82436adf439ebe0341550fd4f6568655fa0.png.webp 1x\"><source type=\"image\/png\" srcset=\"data:image\/svg+xml,%3Csvg%20xmlns='http:\/\/www.w3.org\/2000\/svg'%20viewBox='0%200%20800%20450'%20xml:space='preserve'%3E%3C\/svg%3E 1x\" data-srcset=\"https:\/\/www.jtl-software.com\/uploads\/2025\/10\/79bdd82436adf439ebe0341550fd4f6568655fa0.png 1x, https:\/\/www.jtl-software.com\/uploads\/2025\/10\/79bdd82436adf439ebe0341550fd4f6568655fa0.png 1x\"><img loading=\"lazy\" decoding=\"async\" src=\"data:image\/svg+xml,%3Csvg%20xmlns='http:\/\/www.w3.org\/2000\/svg'%20viewBox='0%200%20800%20450'%20xml:space='preserve'%3E%3C\/svg%3E\" data-src=\"https:\/\/www.jtl-software.com\/uploads\/2025\/10\/79bdd82436adf439ebe0341550fd4f6568655fa0.png\" width=\"800\" height=\"450\" alt class=\"lazy img-fluid border-solid \"><\/picture>            <\/div>\n                            <div class=\"swiper-slide__title-heading\" style=\"max-width: px\">\n\n\n                                            <div class=\"swiper-slide__title\">\n                            JTL in den Medien                        <\/div>\n                                                        <\/div>\n                    <\/div>\n    \n\n            <div class=\"swiper-slide__description\">\n            <span class=\"text-description\">In welchen Publikationen wurde zuletzt \u00fcber JTL berichtet? Hier findest du eine Auswahl.<\/span>\n                            <div class=\"swiper-slide__button-wrapper\">\n                                            <a class=\"bordered-transparent-link\"\n                           href=\"https:\/\/www.jtl-software.com\/de\/presse\/jtl-in-den-medien\" >\n                            <span class=\"text\">ZU DEN CLIPPINGS<\/span>\n                        <\/a>\n                                    <\/div>\n                                    <\/div>\n    <\/div>\n\n\n\n<div class=\"swiper-slide card-mobile-item card-mobile-image with_button  with_image with_description\">\n\n            <div class=\"swiper-slide__top-heading\">\n            <div class=\"swiper-slide__image\">\n                <picture><source type=\"image\/webp\" srcset=\"data:image\/svg+xml,%3Csvg%20xmlns='http:\/\/www.w3.org\/2000\/svg'%20viewBox='0%200%20800%20450'%20xml:space='preserve'%3E%3C\/svg%3E 1x\" data-srcset=\"https:\/\/www.jtl-software.com\/uploads\/2025\/10\/bf7e876970c87dfb394070931ecddb5f816d7d84.png.webp 1x, https:\/\/www.jtl-software.com\/uploads\/2025\/10\/bf7e876970c87dfb394070931ecddb5f816d7d84.png.webp 1x\"><source type=\"image\/png\" srcset=\"data:image\/svg+xml,%3Csvg%20xmlns='http:\/\/www.w3.org\/2000\/svg'%20viewBox='0%200%20800%20450'%20xml:space='preserve'%3E%3C\/svg%3E 1x\" data-srcset=\"https:\/\/www.jtl-software.com\/uploads\/2025\/10\/bf7e876970c87dfb394070931ecddb5f816d7d84.png 1x, https:\/\/www.jtl-software.com\/uploads\/2025\/10\/bf7e876970c87dfb394070931ecddb5f816d7d84.png 1x\"><img loading=\"lazy\" decoding=\"async\" src=\"data:image\/svg+xml,%3Csvg%20xmlns='http:\/\/www.w3.org\/2000\/svg'%20viewBox='0%200%20800%20450'%20xml:space='preserve'%3E%3C\/svg%3E\" data-src=\"https:\/\/www.jtl-software.com\/uploads\/2025\/10\/bf7e876970c87dfb394070931ecddb5f816d7d84.png\" width=\"800\" height=\"450\" alt class=\"lazy img-fluid border-solid \"><\/picture>            <\/div>\n                            <div class=\"swiper-slide__title-heading\" style=\"max-width: px\">\n\n\n                                            <div class=\"swiper-slide__title\">\n                            Downloadmaterial                        <\/div>\n                                                        <\/div>\n                    <\/div>\n    \n\n            <div class=\"swiper-slide__description\">\n            <span class=\"text-description\">Bilder, Logopakete und Unternehmenstexte zum Download f\u00fcr Presse &amp; JTL-Partner.<\/span>\n                            <div class=\"swiper-slide__button-wrapper\">\n                                            <a class=\"bordered-transparent-link\"\n                           href=\"https:\/\/www.jtl-software.com\/de\/presse\/pressematerial\" >\n                            <span class=\"text\">ZUM DOWNLOADBEREICH<\/span>\n                        <\/a>\n                                    <\/div>\n                                    <\/div>\n    <\/div>\n\n\n            <\/div>\n        <\/div>\n\n            <\/div>\n\n    <script>\n        document.addEventListener('DOMContentLoaded', function () {\n\n\n            const modalHTML = `\n    <div class=\"modal fade\" id=\"list-widget-modal\"\n         tabindex=\"-1\" role=\"dialog\" aria-labelledby=\"list-widget-modal-label\" aria-hidden=\"true\">\n        <div class=\"modal-dialog modal-dialog-centered modal-lg\" role=\"document\">\n            <div class=\"modal-content\">\n                <div class=\"modal-header\">\n                    <h5 class=\"modal-title\" id=\"modal-title\"><\/h5>\n                    <button type=\"button\" class=\"close\" data-dismiss=\"modal\" aria-label=\"Close\">\n                        <span aria-hidden=\"true\" class=\"fal fa-times\"><\/span>\n                    <\/button>\n                <\/div>\n                <div class=\"modal-body\">\n                    <div class=\"my-3\" id=\"modal-data\"><\/div>\n                <\/div>\n            <\/div>\n        <\/div>\n    <\/div>`;\n            document.body.insertAdjacentHTML('beforeend', modalHTML);\n\n            const modal = document.getElementById('list-widget-modal');\n            const titleEl = modal.querySelector('#modal-title');\n            const dataEl = modal.querySelector('#modal-data');\n\n\n            function createBackdrop() {\n                const b = document.createElement('div');\n                b.className = 'modal-backdrop fade show';\n                b.dataset.modalBackdrop = '1';\n                document.body.appendChild(b);\n                return b;\n            }\n\n            function showModal() {\n                if (!document.querySelector('.modal-backdrop[data-modal-backdrop=\"1\"]')) createBackdrop();\n                modal.style.display = 'block';\n                modal.removeAttribute('aria-hidden');\n                modal.classList.add('show');\n                document.body.classList.add('modal-open');\n                modal.addEventListener('mousedown', onOutsideClick);\n                document.addEventListener('keydown', onEsc);\n            }\n\n            function hideModal() {\n                modal.classList.remove('show');\n                modal.setAttribute('aria-hidden', 'true');\n                modal.style.display = 'none';\n                document.body.classList.remove('modal-open');\n                const b = document.querySelector('.modal-backdrop[data-modal-backdrop=\"1\"]');\n                if (b) b.remove();\n                modal.removeEventListener('mousedown', onOutsideClick);\n                document.removeEventListener('keydown', onEsc);\n            }\n\n            function onOutsideClick(e) {\n                const dialog = modal.querySelector('.modal-dialog');\n                if (dialog && !dialog.contains(e.target)) hideModal();\n            }\n\n            function onEsc(e) {\n                if (e.key === 'Escape') hideModal();\n            }\n\n\n            document.addEventListener('click', function (e) {\n                const btn = e.target.closest('.additional-button');\n                if (!btn) return;\n\n                e.preventDefault();\n\n\n                const cls = Array.from(btn.classList).find(c => c.startsWith('open-modal-'));\n                if (!cls) return;\n                const suffix = cls.slice('open-modal-'.length);\n                const contentEl = document.getElementById('data-content-' + suffix);\n\n\n                titleEl.textContent = btn.dataset.title || '';\n                dataEl.innerHTML = contentEl ? contentEl.innerHTML : '';\n\n\n                showModal();\n            });\n\n\n            document.addEventListener('click', function (e) {\n                if (e.target.closest('[data-dismiss=\"modal\"], .modal .close')) {\n                    e.preventDefault();\n                    hideModal();\n                }\n            });\n        });\n    <\/script>\n\n    <script>\n        if (!document.querySelector('link[href*=\"swiper-bundle.min.css\"]')) {\n            const style = document.createElement('link');\n            style.rel = 'stylesheet';\n            style.href = 'https:\/\/www.jtl-software.com\/plugins\/wpb-oop-widget-with-global\/widgets\/CardSliderMobile\/Views\/lib\/swiper-bundle.min.css';\n            document.head.appendChild(style);\n        }\n    <\/script>\n\n    <script>\n        (function () {\n            const WIDGET_SELECTOR = '#wrapper_69e30f68e3fad .swiper-wrapper';\n            const PARTS = [\n                '.swiper-slide-title',\n                '.swiper-slide-date',\n                '.swiper-slide-description'\n            ];\n\n            const CARD_FILTER = ':not(.swiper-slide-duplicate)';\n\n            function resetHeights(widget) {\n                PARTS.forEach(sel => {\n                    widget.querySelectorAll(sel).forEach(el => el.style.minHeight = '');\n                });\n            }\n\n            function maxHeights(widget) {\n                const max = {};\n                PARTS.forEach(sel => {\n                    let m = 0;\n                    widget.querySelectorAll(`${sel}${CARD_FILTER ? '' : ''}`).forEach(el => {\n                        const rectH = Math.ceil(el.getBoundingClientRect().height);\n                        const h = rectH || el.scrollHeight || 0;\n                        if (h > m) m = h;\n                    });\n                    max[sel] = m;\n                });\n                return max;\n            }\n\n            function applyHeights(widget, maxMap) {\n                PARTS.forEach(sel => {\n                    const h = maxMap[sel] || 0;\n                    if (!h) return;\n                    widget.querySelectorAll(sel).forEach(el => {\n                        el.style.minHeight = h + 'px';\n                    });\n                });\n            }\n\n            function equalizeWidget(widget) {\n                if (!widget) return;\n                resetHeights(widget);\n                const maxMap = maxHeights(widget);\n                applyHeights(widget, maxMap);\n            }\n\n            function equalizeAll() {\n                document.querySelectorAll(WIDGET_SELECTOR).forEach(equalizeWidget);\n            }\n\n\n            function debounce(fn, wait) {\n                let t;\n                return function () {\n                    clearTimeout(t);\n                    t = setTimeout(fn, wait);\n                };\n            }\n\n            function init() {\n                equalizeAll();\n\n\n                window.addEventListener('load', equalizeAll, {once: true});\n\n\n                window.addEventListener('resize', debounce(equalizeAll, 150));\n\n                const ro = new ResizeObserver(debounce(equalizeAll, 100));\n                document.querySelectorAll(WIDGET_SELECTOR).forEach(w => ro.observe(w));\n\n\n                document.addEventListener('cards:reflow', equalizeAll);\n            }\n\n            document.addEventListener('DOMContentLoaded', init);\n        })();\n    <\/script>\n\n\n\n\n    <script>\n        function initSwiper_swiper_69e30f68e3fab(wrapper) {\n            let mode = 'no'\n            const swiperEl = wrapper.querySelector('.swiper');\n            const config = {\n                loop: false,\n                spaceBetween: 32,\n                slidesPerView: 4,\n                breakpoints: {\n                    0: {slidesPerView: 1},\n                    768: {slidesPerView: 2},\n                    1024: {slidesPerView: 3},\n                    1280: {slidesPerView: 4}\n                }\n            };\n\n            if (mode === 'mobile') {\n                const nextBtn = wrapper.querySelector('.swiper-button-next');\n                const prevBtn = wrapper.querySelector('.swiper-button-prev');\n                config.navigation = {\n                    nextEl: nextBtn,\n                    prevEl: prevBtn\n                };\n                config.breakpoints = {\n                    0: {slidesPerView: 1},\n                    768: {slidesPerView: 2},\n                    1024: {slidesPerView: 2},\n                    1280: {slidesPerView: 3}\n                }\n            }\n\n            return new Swiper(swiperEl, config);\n        }\n\n        (function () {\n            const wrapper = document.getElementById('wrapper_69e30f68e3fad');\n            let swiperInstance = null;\n            const mq = window.matchMedia('(max-width: 1280px)');\n\n            function enable() {\n                if (!swiperInstance) swiperInstance = initSwiper_swiper_69e30f68e3fab(wrapper);\n            }\n\n            function disable() {\n                if (swiperInstance) {\n                    swiperInstance.destroy(true, true);\n                    swiperInstance = null;\n                }\n            }\n\n            function toggle(e) {\n                if (e.matches) enable(); else disable();\n            }\n\n            function waitForSwiper() {\n                if (typeof Swiper !== 'undefined') {\n\n                    toggle(mq);\n\n                    if (mq.addEventListener) mq.addEventListener('change', toggle);\n                    else mq.addListener(toggle);\n                } else {\n                    setTimeout(waitForSwiper, 50);\n                }\n            }\n\n\n            if (!document.querySelector('link[href*=\"swiper-bundle.min.css\"]')) {\n                const style = document.createElement('link');\n                style.rel = 'stylesheet';\n                style.href = 'https:\/\/www.jtl-software.com\/plugins\/wpb-oop-widget-with-global\/widgets\/CardSliderMobile\/Views\/lib\/swiper-bundle.min.css';\n                document.head.appendChild(style);\n            }\n\n\n            if (!document.querySelector('script[src*=\"swiper-bundle.min.js\"]')) {\n                const script = document.createElement('script');\n                script.src = 'https:\/\/www.jtl-software.com\/plugins\/wpb-oop-widget-with-global\/widgets\/CardSliderMobile\/Views\/lib\/swiper-bundle.min.js';\n                script.onload = waitForSwiper;\n                document.head.appendChild(script);\n            } else {\n                waitForSwiper();\n            }\n        })();\n\n\n    <\/script>\n                            <\/div>\n        <\/div>\n    <\/div>\n<\/div>\n<\/div>\n\t\t\t\t\t\t<\/div>\n\t\t\t\t\t\t\t<\/div>\n\t\t\t\t<\/section>\n\t\t\t<section class=\"product-support-section orange\">\n\t\t\t\t\t<div class=\"container\">\n\t\t\t\t\t\t\t\t<div class=\"row no-gutters\">\n\t\t\t\t\t\t\t<div class=\"col-lg-12\">\n\t<style>\n\t.utils-69e30f68e75b1 { background-color: #E6F9FA !important; }\n<\/style><div class=\"container-product-support-card utils-69e30f68e75b1 card\">\n\t<div class=\"card-body\">\n\t\t\t<div class=\"row\">\n\t\t<div class=\"col-lg-6 pr-lg-4\">\n\t<h2 id=\"anchor-bleibe-auf-dem-laufenden\" class=\"redesign-styles__overtitle text-wawi text-uppercase font-weight-light mb-1 h3 font-proxima-nova\">Bleibe auf dem Laufenden!<a href=\"#bleibe-auf-dem-laufenden\" class=\"far fa-link headline-link\" data-href=\"#bleibe-auf-dem-laufenden\"><\/a><\/h2><span class=\"redesign-styles__title text-reset font-weight-light mt-0 h2 line-none font-proxima-nova\">Erhalte wichtige Infos <br><span class=\"font-weight-bold\">rund um JTL<\/span> sofort.<\/span>\t<div class=\"redesign-styles__text\">\n<p>Abonniere unseren Newsletter und verpasse keine Neuigkeit aus dem JTL-\u00d6kosystem.<\/p>\n\t<\/div>\n<\/div><style>\n\t.utils-69e30f68e7d70 { border-color: #FF9A26 !important; }\n<\/style><div class=\"col-lg-6 mt-5 border-top border-right border-bottom border-left mt-lg-0 border-big nl-anmeldung basic-br bg-tertiary utils-69e30f68e7d70\">\n\t[vc_raw_html css=&#8220;.vc_custom_1759417758389{padding-top: 30px !important;padding-right: 24px !important;padding-bottom: 30px !important;padding-left: 30px !important;}&#8220;]JTNDc2NyaXB0JTIwY2hhcnNldCUzRCUyMnV0Zi04JTIyJTIwdHlwZSUzRCUyMnRleHQlMkZqYXZhc2NyaXB0JTIyJTIwc3JjJTNEJTIyJTJGJTJGanMtZXUxLmhzZm9ybXMubmV0JTJGZm9ybXMlMkZlbWJlZCUyRnYyLmpzJTIyJTNFJTNDJTJGc2NyaXB0JTNFJTBBJTNDc2NyaXB0JTNFJTBBJTIwJTIwaGJzcHQuZm9ybXMuY3JlYXRlJTI4JTdCJTBBJTIwJTIwJTIwJTIwcG9ydGFsSWQlM0ElMjAlMjIxNDU4NTA3MzUlMjIlMkMlMEElMjAlMjAlMjAlMjBmb3JtSWQlM0ElMjAlMjJiZDhkODBjNS0wMzMxLTQzYmUtYWI0Ny1mOGY0MWJiOTkzNGIlMjIlMkMlMEElMjAlMjAlMjAlMjByZWdpb24lM0ElMjAlMjJldTElMjIlMEElMjAlMjAlN0QlMjklM0IlMEElM0MlMkZzY3JpcHQlM0U=[\/vc_raw_html]<\/div>\t<\/div>\n<div class=\"col-lg-6 product-support-section__column pr-xl-5 col-xl-3 col-md-12\">\n\t<\/div><div class=\"col-lg-6 product-support-section__column col-xl-3 col-md-12\">\n\t<\/div>\t<\/div>\n\t<\/div><\/div>\n\t\t\t\t\t\t<\/div>\n\t\t\t\t\t\t\t<\/div>\n\t\t\t\t<\/section>\n\t","protected":false},"excerpt":{"rendered":"PressebereichNews und Infomaterial zu JTL Auf diesen Seiten stehen Unternehmensinformationen sowie zugeh\u00f6riges Bildmaterial zum Download bereit. Als eines der f\u00fchrenden Unternehmen im deutschsprachigen E-Commerce m\u00f6chten wir dich regelm\u00e4\u00dfig \u00fcber die Entwicklungen bei JTL informieren. Neben Pressemitteilungen finden Journalisten und Redakteure Bilder zu Produkten, Logos und Events. Du ben\u00f6tigst weitere Bildmotive und -formate, planst ein Interview","protected":false},"author":1,"featured_media":0,"parent":0,"menu_order":0,"comment_status":"closed","ping_status":"closed","template":"page-templates\/product-landing.php","meta":{"_acf_changed":false,"footnotes":""},"class_list":["post-3546","page","type-page","status-publish","hentry"],"acf":[],"_links":{"self":[{"href":"https:\/\/www.jtl-software.com\/de\/wp-json\/wp\/v2\/pages\/3546","targetHints":{"allow":["GET"]}}],"collection":[{"href":"https:\/\/www.jtl-software.com\/de\/wp-json\/wp\/v2\/pages"}],"about":[{"href":"https:\/\/www.jtl-software.com\/de\/wp-json\/wp\/v2\/types\/page"}],"author":[{"embeddable":true,"href":"https:\/\/www.jtl-software.com\/de\/wp-json\/wp\/v2\/users\/1"}],"replies":[{"embeddable":true,"href":"https:\/\/www.jtl-software.com\/de\/wp-json\/wp\/v2\/comments?post=3546"}],"version-history":[{"count":22,"href":"https:\/\/www.jtl-software.com\/de\/wp-json\/wp\/v2\/pages\/3546\/revisions"}],"predecessor-version":[{"id":282017,"href":"https:\/\/www.jtl-software.com\/de\/wp-json\/wp\/v2\/pages\/3546\/revisions\/282017"}],"wp:attachment":[{"href":"https:\/\/www.jtl-software.com\/de\/wp-json\/wp\/v2\/media?parent=3546"}],"curies":[{"name":"wp","href":"https:\/\/api.w.org\/{rel}","templated":true}]}}