{"id":3252,"date":"2020-09-04T13:12:20","date_gmt":"2020-09-04T11:12:20","guid":{"rendered":"http:\/\/www.jtl-software.de\/?page_id=3252"},"modified":"2026-03-02T10:13:57","modified_gmt":"2026-03-02T09:13:57","slug":"impressum","status":"publish","type":"page","link":"https:\/\/www.jtl-software.com\/de\/impressum","title":{"rendered":"Impressum"},"content":{"rendered":"\t\t<section>\n\t\t\t\t\t<div class=\"container\">\n\t\t\t\t\t\t\t\t<div class=\"row\">\n\t\t\t\t\t\t\t<div class=\"col-lg-7\">\n\t<span id=\"anchor-kontakt-zu-jtl\" class=\"font-weight-normal h4\">Kontakt zu JTL<a href=\"#kontakt-zu-jtl\" class=\"far fa-link headline-link\" data-href=\"#kontakt-zu-jtl\"><\/a><\/span><h1 id=\"anchor-impressum\">Impressum<a href=\"#impressum\" class=\"far fa-link headline-link\" data-href=\"#impressum\"><\/a><\/h1><p>Betreiber und verantwortlich f\u00fcr die Inhalte dieses Internetauftritts ist:<\/p>\n<span id=\"anchor-jtl-software-gmbh\" class=\"mt-5 h5\">JTL-Software-GmbH<a href=\"#jtl-software-gmbh\" class=\"far fa-link headline-link\" data-href=\"#jtl-software-gmbh\"><\/a><\/span><p>Rheinstr. 7<br \/>\n41836 H\u00fcckelhoven<\/p>\n<p>Tel.:\u00a0+49 2433 8056801<br \/>\nFax:\u00a0+49 2433 970433<br \/>\nE-Mail:\u00a0<a href=\"mailto:info@jtl-software.com\">info@jtl-software.com<\/a><\/p>\n<hr class=\"mt-5 mb-5\"><span id=\"anchor-gesch\u00e4ftsf\u00fchrung\" class=\"h5\">Gesch\u00e4ftsf\u00fchrung<a href=\"#gesch\u00e4ftsf\u00fchrung\" class=\"far fa-link headline-link\" data-href=\"#gesch\u00e4ftsf\u00fchrung\"><\/a><\/span><p>Gesch\u00e4ftsf\u00fchrer: Sebastian Evers, Dario Tato<br \/>\nRegistergericht: Amtsgericht M\u00f6nchengladbach, HRB 12450<\/p>\n<p>Umsatzsteuer-Identifikationsnummer<strong><br \/>\n<\/strong>DE257864472<\/p>\n<hr class=\"mt-5 mb-5\"><span id=\"anchor-inhalte\" class=\"h5\">Inhalte<a href=\"#inhalte\" class=\"far fa-link headline-link\" data-href=\"#inhalte\"><\/a><\/span><p>Verantwortlich f\u00fcr den Inhalt dieses Internetauftritts:<\/p>\n<p>Sebastian Evers<br \/>\nRheinstr. 7<br \/>\n41836 H\u00fcckelhoven<\/p>\n<hr class=\"mt-5 mb-5\"><span id=\"anchor-datenschutzbeauftragter\" class=\"h5\">Datenschutzbeauftragter<a href=\"#datenschutzbeauftragter\" class=\"far fa-link headline-link\" data-href=\"#datenschutzbeauftragter\"><\/a><\/span><picture><source type=\"image\/webp\" srcset=\"data:image\/svg+xml,%3Csvg%20xmlns='http:\/\/www.w3.org\/2000\/svg'%20viewBox='0%200%20755%20320'%20xml:space='preserve'%3E%3C\/svg%3E 1x\" data-srcset=\"https:\/\/www.jtl-software.com\/uploads\/2025\/10\/datenschutzbeauftragter-impressum.png.webp 1x, https:\/\/www.jtl-software.com\/uploads\/2025\/10\/datenschutzbeauftragter-impressum.png.webp 1x\"><source type=\"image\/png\" srcset=\"data:image\/svg+xml,%3Csvg%20xmlns='http:\/\/www.w3.org\/2000\/svg'%20viewBox='0%200%20755%20320'%20xml:space='preserve'%3E%3C\/svg%3E 1x\" data-srcset=\"https:\/\/www.jtl-software.com\/uploads\/2025\/10\/datenschutzbeauftragter-impressum.png 1x, https:\/\/www.jtl-software.com\/uploads\/2025\/10\/datenschutzbeauftragter-impressum.png 1x\"><img loading=\"lazy\" decoding=\"async\" src=\"data:image\/svg+xml,%3Csvg%20xmlns='http:\/\/www.w3.org\/2000\/svg'%20viewBox='0%200%20755%20320'%20xml:space='preserve'%3E%3C\/svg%3E\" data-src=\"https:\/\/www.jtl-software.com\/uploads\/2025\/10\/datenschutzbeauftragter-impressum.png\" width=\"755\" height=\"320\" alt class=\"lazy img-fluid border-solid \"><\/picture><div class=\"d-none btn-wrapper\">\n\t<button class=\"mt-4 btn btn-outline-gray-800 btn-sm\" type=\"button\" data-toggle=\"modal\" data-target=\"#modal-69e2fbd66dc50\">\n\t\tTelefon und Fax des Datenschutzbeauftragten<\/button>\n\n<div class=\"modal fade\" id=\"modal-69e2fbd66dc50\" tabindex=\"-1\" role=\"dialog\" aria-labelledby=\"modal-69e2fbd66dc50-label\" aria-hidden=\"true\">\n\t<div class=\"modal-dialog modal-dialog-centered\">\n\t\t<div class=\"modal-content\">\n\t\t\t<div class=\"modal-body\">\n\t\t\t\t<button type=\"button\" class=\"close\" data-dismiss=\"modal\" aria-label=\"Close\">\n\t\t\t\t\t<span aria-hidden=\"true\" class=\"fal fa-times\"><\/span>\n\t\t\t\t<\/button>\n\t\t\t\t<picture><source type=\"image\/webp\" srcset=\"data:image\/svg+xml,%3Csvg%20xmlns='http:\/\/www.w3.org\/2000\/svg'%20viewBox='0%200%20373%2094'%20xml:space='preserve'%3E%3C\/svg%3E 1x\" data-srcset=\"https:\/\/www.jtl-software.com\/uploads\/2022\/02\/datenschutzbeauftragter-jtl.jpg.webp 1x, https:\/\/www.jtl-software.com\/uploads\/2022\/02\/datenschutzbeauftragter-jtl.jpg.webp 1x\"><source type=\"image\/jpeg\" srcset=\"data:image\/svg+xml,%3Csvg%20xmlns='http:\/\/www.w3.org\/2000\/svg'%20viewBox='0%200%20373%2094'%20xml:space='preserve'%3E%3C\/svg%3E 1x\" data-srcset=\"https:\/\/www.jtl-software.com\/uploads\/2022\/02\/datenschutzbeauftragter-jtl.jpg 1x, https:\/\/www.jtl-software.com\/uploads\/2022\/02\/datenschutzbeauftragter-jtl.jpg 1x\"><img loading=\"lazy\" decoding=\"async\" class=\"mr-auto ml-auto lazy img-fluid border-solid \" src=\"data:image\/svg+xml,%3Csvg%20xmlns='http:\/\/www.w3.org\/2000\/svg'%20viewBox='0%200%20373%2094'%20xml:space='preserve'%3E%3C\/svg%3E\" data-src=\"https:\/\/www.jtl-software.com\/uploads\/2022\/02\/datenschutzbeauftragter-jtl.jpg\" width=\"373\" height=\"94\" alt=\"Datenschutzbeauftragter Datenschutz\"><\/picture>\t\t\t<\/div>\n\t\t<\/div>\n\t<\/div>\n<\/div><\/div><\/div>\n<div class=\"col-lg-4 ml-auto\">\n\t<div class=\"bg-primary text-tertiary mt-7 mt-lg-0 card card-has-link\">\n\t\t\t<span class=\"fa-stack fa-fw text-wawi fa-lg card-top-icon\">\n<span class=\"fa-stack-2x fas fa-circle\"><\/span>\n<span class=\"fal fa-phone fa-fw fa-stack-1x fa-inverse\"><\/span>\n<\/span>\n\t\t<div class=\"card-body pb-5\">\n\t\t<span id=\"anchor-fragen-zum-produkt\" class=\"text-reset font-weight-normal h4\">Fragen zum Produkt?<a href=\"#fragen-zum-produkt\" class=\"far fa-link headline-link\" data-href=\"#fragen-zum-produkt\"><\/a><\/span><p>Du suchst unser Kontaktformular?<br \/>\nOder Beratung durch unser Vertriebsteam?<br \/>\nDann geht\u2018s hier entlang.<\/p>\n\t<\/div>\n\t\t\t<a href=\"\/de\/kontakt\" class=\"card-overlay-link no-icon\"><\/a>\n\t<\/div><\/div>\n\t\t\t\t\t\t<\/div>\n\t\t\t\t\t\t\t<\/div>\n\t\t\t\t<\/section>\n\t","protected":false},"excerpt":{"rendered":"Kontakt zu JTLImpressumBetreiber und verantwortlich f\u00fcr die Inhalte dieses Internetauftritts ist: JTL-Software-GmbHRheinstr. 7 41836 H\u00fcckelhoven Tel.:\u00a0+49 2433 8056801 Fax:\u00a0+49 2433 970433 E-Mail:\u00a0info@jtl-software.com Gesch\u00e4ftsf\u00fchrungGesch\u00e4ftsf\u00fchrer: Sebastian Evers, Dario Tato Registergericht: Amtsgericht M\u00f6nchengladbach, HRB 12450 Umsatzsteuer-Identifikationsnummer DE257864472 InhalteVerantwortlich f\u00fcr den Inhalt dieses Internetauftritts: Sebastian Evers Rheinstr. 7 41836 H\u00fcckelhoven Datenschutzbeauftragter Telefon und Fax des Datenschutzbeauftragten Fragen zum Produkt?Du","protected":false},"author":4,"featured_media":0,"parent":0,"menu_order":0,"comment_status":"closed","ping_status":"closed","template":"","meta":{"_acf_changed":false,"footnotes":""},"class_list":["post-3252","page","type-page","status-publish","hentry"],"acf":[],"_links":{"self":[{"href":"https:\/\/www.jtl-software.com\/de\/wp-json\/wp\/v2\/pages\/3252","targetHints":{"allow":["GET"]}}],"collection":[{"href":"https:\/\/www.jtl-software.com\/de\/wp-json\/wp\/v2\/pages"}],"about":[{"href":"https:\/\/www.jtl-software.com\/de\/wp-json\/wp\/v2\/types\/page"}],"author":[{"embeddable":true,"href":"https:\/\/www.jtl-software.com\/de\/wp-json\/wp\/v2\/users\/4"}],"replies":[{"embeddable":true,"href":"https:\/\/www.jtl-software.com\/de\/wp-json\/wp\/v2\/comments?post=3252"}],"version-history":[{"count":14,"href":"https:\/\/www.jtl-software.com\/de\/wp-json\/wp\/v2\/pages\/3252\/revisions"}],"predecessor-version":[{"id":300124,"href":"https:\/\/www.jtl-software.com\/de\/wp-json\/wp\/v2\/pages\/3252\/revisions\/300124"}],"wp:attachment":[{"href":"https:\/\/www.jtl-software.com\/de\/wp-json\/wp\/v2\/media?parent=3252"}],"curies":[{"name":"wp","href":"https:\/\/api.w.org\/{rel}","templated":true}]}}