{"id":3129,"date":"2020-09-04T09:15:05","date_gmt":"2020-09-04T07:15:05","guid":{"rendered":"http:\/\/www.jtl-software.de\/?page_id=3129"},"modified":"2022-06-27T11:05:58","modified_gmt":"2022-06-27T09:05:58","slug":"anfahrt","status":"publish","type":"page","link":"https:\/\/www.jtl-software.com\/de\/unternehmen\/anfahrt","title":{"rendered":"Anfahrt"},"content":{"rendered":"\t\t<section>\n\t\t\t\t\t<div class=\"container\">\n\t\t\t\t\t\t\t\t<div class=\"row\">\n\t\t\t\t\t\t\t<div class=\"col-lg-6 mt-auto mb-auto\">\n\t<h1 id=\"anchor-standorte-von-jtl\">Standorte von JTL<a href=\"#standorte-von-jtl\" class=\"far fa-link headline-link\" data-href=\"#standorte-von-jtl\"><\/a><\/h1>\t<div class=\"mt-5\">\n<p>Die JTL-Software-GmbH optimiert und unterst\u00fctzt mit ihren Produkten den Onlinehandel. \u00dcber 220 Mitarbeiter tragen an vier Standorten zum Erfolg des Unternehmens bei. Nachfolgend finden Sie unsere Standorte im \u00dcberblick.<\/p>\n\t<\/div>\n<\/div>\n<div class=\"col-lg-6 mt-auto mb-auto text-center d-none d-lg-block\">\n\t<span class=\"fa-stack fa-fw text-primary fa-5x\">\n<span class=\"fa-stack-2x fas fa-circle\"><\/span>\n<span class=\"fal fa-home fa-fw fa-stack-1x fa-inverse\"><\/span>\n<\/span>\n<\/div>\n\t\t\t\t\t\t<\/div>\n\t\t\t\t\t\t\t<\/div>\n\t\t\t\t<\/section>\n\t\t\t<section class=\"bg-secondary\">\n\t\t\t\t\t<div class=\"container\">\n\t\t\t\t\t\t\t\t<div class=\"row\">\n\t\t\t\t\t\t\t<div class=\"col\">\n\t<h2 id=\"anchor-f\u00fcr-partner-und-bewerber\" class=\"text-center mb-2 h4\">F\u00fcr Partner und Bewerber<a href=\"#f\u00fcr-partner-und-bewerber\" class=\"far fa-link headline-link\" data-href=\"#f\u00fcr-partner-und-bewerber\"><\/a><\/h2><span id=\"anchor-besuche-bitte-nur-nach-absprache\" class=\"text-center font-weight-normal mt-0 mb-4 h5\">Besuche bitte nur nach Absprache!<a href=\"#besuche-bitte-nur-nach-absprache\" class=\"far fa-link headline-link\" data-href=\"#besuche-bitte-nur-nach-absprache\"><\/a><\/span>\t<div class=\"row\">\n\t\t<div class=\"col-md-6 col-lg-4\">\n\t<div class=\"card\">\n\t<div class=\"card-body\">\n\t\t<h2 id=\"anchor-standort-h\u00fcckelhoven\" class=\"h5\">Standort H\u00fcckelhoven<a href=\"#standort-h\u00fcckelhoven\" class=\"far fa-link headline-link\" data-href=\"#standort-h\u00fcckelhoven\"><\/a><\/h2><picture><source type=\"image\/webp\" srcset=\"data:image\/svg+xml,%3Csvg%20xmlns='http:\/\/www.w3.org\/2000\/svg'%20viewBox='0%200%20520%20351'%20xml:space='preserve'%3E%3C\/svg%3E 1x\" data-srcset=\"https:\/\/www.jtl-software.com\/uploads\/2020\/09\/jtl-software-standort-hueckelhoven.jpg.webp 1x, https:\/\/www.jtl-software.com\/uploads\/2020\/09\/jtl-software-standort-hueckelhoven.jpg.webp 1x\"><source type=\"image\/jpeg\" srcset=\"data:image\/svg+xml,%3Csvg%20xmlns='http:\/\/www.w3.org\/2000\/svg'%20viewBox='0%200%20520%20351'%20xml:space='preserve'%3E%3C\/svg%3E 1x\" data-srcset=\"https:\/\/www.jtl-software.com\/uploads\/2020\/09\/jtl-software-standort-hueckelhoven.jpg 1x, https:\/\/www.jtl-software.com\/uploads\/2020\/09\/jtl-software-standort-hueckelhoven.jpg 1x\"><img loading=\"lazy\" decoding=\"async\" src=\"data:image\/svg+xml,%3Csvg%20xmlns='http:\/\/www.w3.org\/2000\/svg'%20viewBox='0%200%20520%20351'%20xml:space='preserve'%3E%3C\/svg%3E\" data-src=\"https:\/\/www.jtl-software.com\/uploads\/2020\/09\/jtl-software-standort-hueckelhoven.jpg\" width=\"520\" height=\"351\" alt=\"H\u00fcchelhoven Standort JTL-Software\" class=\"lazy img-fluid border-solid \"><\/picture><ul class=\"mt-3 mb-0 list-icons\">\n\t<li><span class=\"text-wawi fal fa-home-alt fa-fw list-icon\"><\/span>Rheinstr. 7<br \/>41836 H\u00fcckelhoven<\/li><li><span class=\"text-wawi fal fa-subway fa-fw list-icon\"><\/span><a href=\"http:\/\/efa.vrr.de\/vrrstd\/XSLT_TRIP_REQUEST2\"  target='_blank' rel='noopener noreferrer' rel=\"noopener\">VRR,<\/a>\u00a0Buslinie 402<br \/>bis Haltestelle \u201eParkhofstrasse\u201c<\/li><\/ul>\t<\/div>\n\t<\/div><\/div><div class=\"col-md-6 col-lg-4\">\n\t<div class=\"mt-5 mt-md-0 card\">\n\t<div class=\"card-body\">\n\t\t<h2 id=\"anchor-standort-h\u00fcrthk\u00f6ln\" class=\"h5\">Standort H\u00fcrth\/K\u00f6ln<a href=\"#standort-h\u00fcrthk\u00f6ln\" class=\"far fa-link headline-link\" data-href=\"#standort-h\u00fcrthk\u00f6ln\"><\/a><\/h2><picture><source type=\"image\/webp\" srcset=\"data:image\/svg+xml,%3Csvg%20xmlns='http:\/\/www.w3.org\/2000\/svg'%20viewBox='0%200%20520%20351'%20xml:space='preserve'%3E%3C\/svg%3E 1x\" data-srcset=\"https:\/\/www.jtl-software.com\/uploads\/2020\/09\/jtl-software-office-huerth-koeln.jpg.webp 1x, https:\/\/www.jtl-software.com\/uploads\/2020\/09\/jtl-software-office-huerth-koeln.jpg.webp 1x\"><source type=\"image\/jpeg\" srcset=\"data:image\/svg+xml,%3Csvg%20xmlns='http:\/\/www.w3.org\/2000\/svg'%20viewBox='0%200%20520%20351'%20xml:space='preserve'%3E%3C\/svg%3E 1x\" data-srcset=\"https:\/\/www.jtl-software.com\/uploads\/2020\/09\/jtl-software-office-huerth-koeln.jpg 1x, https:\/\/www.jtl-software.com\/uploads\/2020\/09\/jtl-software-office-huerth-koeln.jpg 1x\"><img loading=\"lazy\" decoding=\"async\" src=\"data:image\/svg+xml,%3Csvg%20xmlns='http:\/\/www.w3.org\/2000\/svg'%20viewBox='0%200%20520%20351'%20xml:space='preserve'%3E%3C\/svg%3E\" data-src=\"https:\/\/www.jtl-software.com\/uploads\/2020\/09\/jtl-software-office-huerth-koeln.jpg\" width=\"520\" height=\"351\" alt=\"H\u00fcrth K\u00f6ln Office JTL-Software\" class=\"lazy img-fluid border-solid \"><\/picture><ul class=\"mt-3 mb-0 list-icons\">\n\t<li><span class=\"text-wawi fal fa-home-alt fa-fw list-icon\"><\/span>Leyboldstr. 14<br \/>50354 H\u00fcrth\/K\u00f6ln<\/li><li><span class=\"text-wawi fal fa-subway fa-fw list-icon\"><\/span><a href=\"https:\/\/www.kvb.koeln\/\"  target='_blank' rel='noopener noreferrer' rel=\"noopener\">KVB<\/a>, Stra\u00dfenbahnlinie 18<br \/>bis Haltestelle \u201eH\u00fcrth\/Efferen\u201c<\/li><\/ul>\t<\/div>\n\t<\/div><\/div><div class=\"col-md-6 col-lg-4 mr-auto ml-auto\">\n\t<div class=\"mt-5 mt-lg-0 card\">\n\t<div class=\"card-body\">\n\t\t<h2 id=\"anchor-standort-hallesaale\" class=\"h5\">Standort Halle\/Saale<a href=\"#standort-hallesaale\" class=\"far fa-link headline-link\" data-href=\"#standort-hallesaale\"><\/a><\/h2><picture><source type=\"image\/webp\" srcset=\"data:image\/svg+xml,%3Csvg%20xmlns='http:\/\/www.w3.org\/2000\/svg'%20viewBox='0%200%20520%20351'%20xml:space='preserve'%3E%3C\/svg%3E 1x\" data-srcset=\"https:\/\/www.jtl-software.com\/uploads\/2020\/09\/jtl-standort-halle.jpg.webp 1x, https:\/\/www.jtl-software.com\/uploads\/2020\/09\/jtl-standort-halle.jpg.webp 1x\"><source type=\"image\/jpeg\" srcset=\"data:image\/svg+xml,%3Csvg%20xmlns='http:\/\/www.w3.org\/2000\/svg'%20viewBox='0%200%20520%20351'%20xml:space='preserve'%3E%3C\/svg%3E 1x\" data-srcset=\"https:\/\/www.jtl-software.com\/uploads\/2020\/09\/jtl-standort-halle.jpg 1x, https:\/\/www.jtl-software.com\/uploads\/2020\/09\/jtl-standort-halle.jpg 1x\"><img loading=\"lazy\" decoding=\"async\" src=\"data:image\/svg+xml,%3Csvg%20xmlns='http:\/\/www.w3.org\/2000\/svg'%20viewBox='0%200%20520%20351'%20xml:space='preserve'%3E%3C\/svg%3E\" data-src=\"https:\/\/www.jtl-software.com\/uploads\/2020\/09\/jtl-standort-halle.jpg\" width=\"520\" height=\"351\" alt=\"Halle Standort JTL-Software\" class=\"lazy img-fluid border-solid \"><\/picture><ul class=\"mt-3 mb-0 list-icons\">\n\t<li><span class=\"text-wawi fal fa-home-alt fa-fw list-icon\"><\/span>Gro\u00dfe Ulrichstra\u00dfe 49<br \/>06108 Halle\/Saale<\/li><li><span class=\"text-wawi fal fa-subway fa-fw list-icon\"><\/span><a href=\"https:\/\/havag.com\/\"  target='_blank' rel='noopener noreferrer' rel=\"noopener\">HAVAG<\/a>, Linien 3, 7 oder 8<br \/>bis Haltestelle \u201eNeues Theater\u201c<\/li><\/ul>\t<\/div>\n\t<\/div><\/div>\t<\/div>\n<\/div>\n\t\t\t\t\t\t<\/div>\n\t\t\t\t\t\t\t<\/div>\n\t\t\t\t<\/section>\n\t\t\t<section>\n\t\t\t\t\t<div class=\"container\">\n\t\t\t\t\t\t\t\t<div class=\"row\">\n\t\t\t\t\t\t\t<div class=\"col-md-6 col-lg-4\">\n\t<div class=\"card\">\n\t<div class=\"card-body\">\n\t\t<h2 id=\"anchor-standort-lohfeldenkassel\" class=\"h5\">Standort Lohfelden\/Kassel<a href=\"#standort-lohfeldenkassel\" class=\"far fa-link headline-link\" data-href=\"#standort-lohfeldenkassel\"><\/a><\/h2><ul class=\"mt-3 mb-0 list-icons\">\n\t<li><span class=\"text-wawi fal fa-home-alt fa-fw list-icon\"><\/span>Waldauer Weg 92<br \/>34253 Lohfelden<\/li><li><span class=\"text-wawi fal fa-car-alt fa-fw list-icon\"><\/span><a href=\"https:\/\/www.google.de\/maps\/place\/JTL-Software-GmbH\/@51.28773,9.5325714,17z\/data=!4m13!1m7!3m6!1s0x47bb47797d687ecd:0x80a71e1fde535718!2sWaldauer+Weg+92,+34253+Lohfelden!3b1!8m2!3d51.28773!4d9.5347601!3m4!1s0x47bb4719451b43b1:0x2920f8d590e9a661!8m2!3d51.28773!4d9.5347601\" target=\"_blank\" rel=\"noopener\">Anfahrt<\/a><\/li><\/ul>\t<\/div>\n\t<\/div><\/div>\n<div class=\"col-md-6 col-lg-8\">\n\t<span id=\"anchor-f\u00fcr-partner-und-kunden\" class=\"mt-5 mb-2 mt-md-0 h4\">F\u00fcr Partner und Kunden<a href=\"#f\u00fcr-partner-und-kunden\" class=\"far fa-link headline-link\" data-href=\"#f\u00fcr-partner-und-kunden\"><\/a><\/span><h2 id=\"anchor-unser-schulungszentrum\" class=\"font-weight-normal mt-0 mb-4 h5\">Unser Schulungszentrum<a href=\"#unser-schulungszentrum\" class=\"far fa-link headline-link\" data-href=\"#unser-schulungszentrum\"><\/a><\/h2><p>Im Schulungszentrum nahe Kassel machen wir unsere Servicepartner und Kunden mit der leistungsstarken Produktwelt der JTL-Software-GmbH vertraut.<\/p>\n<div class=\"mt-4 btn-wrapper\">\n\t<a class=\"btn btn-primary\" rel=\"noopener noreferrer\" target=\"_blank\" href=\"https:\/\/www.jtl-software.de\/jtl-store\/services\/schulungen\">\n\t\t\t\tZu den Schulungen\t\t<\/a><\/div>\t<div class=\"row mt-5 d-none d-lg-flex\">\n\t\t<div class=\"col-lg-4\">\n\t<picture><source type=\"image\/webp\" srcset=\"data:image\/svg+xml,%3Csvg%20xmlns='http:\/\/www.w3.org\/2000\/svg'%20viewBox='0%200%20250%20169'%20xml:space='preserve'%3E%3C\/svg%3E 1x\" data-srcset=\"https:\/\/www.jtl-software.com\/uploads\/2020\/09\/jtl-software-schulungunterlagen-2.jpg.webp 1x, https:\/\/www.jtl-software.com\/uploads\/2020\/09\/jtl-software-schulungunterlagen-2.jpg.webp 1x\"><source type=\"image\/jpeg\" srcset=\"data:image\/svg+xml,%3Csvg%20xmlns='http:\/\/www.w3.org\/2000\/svg'%20viewBox='0%200%20250%20169'%20xml:space='preserve'%3E%3C\/svg%3E 1x\" data-srcset=\"https:\/\/www.jtl-software.com\/uploads\/2020\/09\/jtl-software-schulungunterlagen-2.jpg 1x, https:\/\/www.jtl-software.com\/uploads\/2020\/09\/jtl-software-schulungunterlagen-2.jpg 1x\"><img loading=\"lazy\" decoding=\"async\" src=\"data:image\/svg+xml,%3Csvg%20xmlns='http:\/\/www.w3.org\/2000\/svg'%20viewBox='0%200%20250%20169'%20xml:space='preserve'%3E%3C\/svg%3E\" data-src=\"https:\/\/www.jtl-software.com\/uploads\/2020\/09\/jtl-software-schulungunterlagen-2.jpg\" width=\"250\" height=\"169\" alt=\"Schulungsunterlagen JTL\" class=\"lazy img-fluid border-solid \"><\/picture><\/div><div class=\"col-lg-4\">\n\t<picture><source type=\"image\/webp\" srcset=\"data:image\/svg+xml,%3Csvg%20xmlns='http:\/\/www.w3.org\/2000\/svg'%20viewBox='0%200%20250%20169'%20xml:space='preserve'%3E%3C\/svg%3E 1x\" data-srcset=\"https:\/\/www.jtl-software.com\/uploads\/2020\/09\/jtl-software-schulungunterlagen.jpg.webp 1x, https:\/\/www.jtl-software.com\/uploads\/2020\/09\/jtl-software-schulungunterlagen.jpg.webp 1x\"><source type=\"image\/jpeg\" srcset=\"data:image\/svg+xml,%3Csvg%20xmlns='http:\/\/www.w3.org\/2000\/svg'%20viewBox='0%200%20250%20169'%20xml:space='preserve'%3E%3C\/svg%3E 1x\" data-srcset=\"https:\/\/www.jtl-software.com\/uploads\/2020\/09\/jtl-software-schulungunterlagen.jpg 1x, https:\/\/www.jtl-software.com\/uploads\/2020\/09\/jtl-software-schulungunterlagen.jpg 1x\"><img loading=\"lazy\" decoding=\"async\" src=\"data:image\/svg+xml,%3Csvg%20xmlns='http:\/\/www.w3.org\/2000\/svg'%20viewBox='0%200%20250%20169'%20xml:space='preserve'%3E%3C\/svg%3E\" data-src=\"https:\/\/www.jtl-software.com\/uploads\/2020\/09\/jtl-software-schulungunterlagen.jpg\" width=\"250\" height=\"169\" alt=\"Schulungunterlagen JTL-Software\" class=\"lazy img-fluid border-solid \"><\/picture><\/div><div class=\"col-lg-4\">\n\t<picture><source type=\"image\/webp\" srcset=\"data:image\/svg+xml,%3Csvg%20xmlns='http:\/\/www.w3.org\/2000\/svg'%20viewBox='0%200%20250%20169'%20xml:space='preserve'%3E%3C\/svg%3E 1x\" data-srcset=\"https:\/\/www.jtl-software.com\/uploads\/2020\/09\/jtl-software-schulungszentrum.jpg.webp 1x, https:\/\/www.jtl-software.com\/uploads\/2020\/09\/jtl-software-schulungszentrum.jpg.webp 1x\"><source type=\"image\/jpeg\" srcset=\"data:image\/svg+xml,%3Csvg%20xmlns='http:\/\/www.w3.org\/2000\/svg'%20viewBox='0%200%20250%20169'%20xml:space='preserve'%3E%3C\/svg%3E 1x\" data-srcset=\"https:\/\/www.jtl-software.com\/uploads\/2020\/09\/jtl-software-schulungszentrum.jpg 1x, https:\/\/www.jtl-software.com\/uploads\/2020\/09\/jtl-software-schulungszentrum.jpg 1x\"><img loading=\"lazy\" decoding=\"async\" src=\"data:image\/svg+xml,%3Csvg%20xmlns='http:\/\/www.w3.org\/2000\/svg'%20viewBox='0%200%20250%20169'%20xml:space='preserve'%3E%3C\/svg%3E\" data-src=\"https:\/\/www.jtl-software.com\/uploads\/2020\/09\/jtl-software-schulungszentrum.jpg\" width=\"250\" height=\"169\" alt=\"Schulungszentrum JTL Software\" class=\"lazy img-fluid border-solid \"><\/picture><\/div>\t<\/div>\n<\/div>\n\t\t\t\t\t\t<\/div>\n\t\t\t\t\t\t\t<\/div>\n\t\t\t\t<\/section>\n\t\t\t<section>\n\t\t\t\t\t<div class=\"container-fluid py-0\">\n\t\t\t\t\t\t\t\t<div class=\"row no-gutters\">\n\t\t\t\t\t\t\t<div class=\"col\">\n\t<div class=\"maps\">\n\t<div class=\"row no-gutters\">\n\t\t<div class=\"col-lg\">\n\t\t\t<div class=\"map minh-100\" data-directions=\"{&quot;config&quot;:{&quot;zoom&quot;:17},&quot;marker&quot;:{&quot;street&quot;:&quot;Waldauer Weg&quot;,&quot;streetnr&quot;:92,&quot;postcode&quot;:34253,&quot;city&quot;:&quot;Lohfelden&quot;}}\"><\/div>\n\t\t\t<div class=\"maps-blocker rounded\">\n\t\t\t\t<div class=\"card privacy-card\">\n\t\t\t\t\t<div class=\"card-body\">\n\t\t\t\t\t\t<p>Bitte best\u00e4tigen Sie, dass Ihnen die Karte angezeigt wird<\/p>\n\t\t\t\t\t\t<button type=\"button\" class=\"btn btn-primary\" data-maps-blocker=\"\">Weiter<\/button>\n\t\t\t\t\t<\/div>\n\t\t\t\t<\/div>\n\t\t\t<\/div>\n\t\t\t<div class=\"privacy-blocker\">\n\t\t\t\t<div class=\"card privacy-card\">\n\t\t\t\t\t<div class=\"card-body\">\n\t\t\t\t\t\t<span class=\"h6\">Datenschutz<\/span>\n\t\t\t\t\t\t<p>Ihre aktuellen Datenschutz Einstellungen verhindern, dass Ihnen dieser Inhalt angezeigt wird.<\/p>\n\t\t\t\t\t\t<button type=\"button\" class=\"btn btn-primary\" data-directions-privacy>Einstellungen \u00f6ffnen<\/button>\n\t\t\t\t\t<\/div>\n\t\t\t\t<\/div>\n\t\t\t<\/div>\n\t\t<\/div>\n\t\t<div class=\"col-lg-4\">\n\t\t\t<div class=\"tabs tabs-lines\">\n\t\t\t\t<ul class=\"nav nav-tabs px-5 bg-secondary\">\n\t\t\t\t\t<li class=\"nav-item\">\n\t\t\t\t\t\t<a class=\"nav-link active\" data-toggle=\"tab\" href=\"#plan-route-69f8b8c30d6f0\" role=\"tab\" aria-controls=\"home\" aria-selected=\"true\">Route planen<\/a>\n\t\t\t\t\t<\/li>\n\t\t\t\t\t<li class=\"nav-item\">\n\t\t\t\t\t\t<a class=\"nav-link disabled\" data-directions-routetab data-toggle=\"tab\" href=\"#route-69f8b8c30d6f0\" role=\"tab\" aria-controls=\"profile\" aria-selected=\"false\">Route anzeigen<\/a>\n\t\t\t\t\t<\/li>\n\t\t\t\t<\/ul>\n\n\t\t\t\t<div class=\"tab-content px-5\">\n\t\t\t\t\t<div class=\"tab-pane fade show active w-80\" id=\"plan-route-69f8b8c30d6f0\" role=\"tabpanel\">\n\t\t\t\t\t\t\t\t\t\t\t\t\t<span class=\"h5\">Schulungszentrum Kassel<\/span>\n\t\t\t\t\t\t\n\t\t\t\t\t\t<div class=\"mt-5 mb-3\">\n\t\t\t\t\t\t\t\t\t\t\t\t\t\t\t<span class=\"h6 mb-0\">Veranstalter<\/span>\n\t\t\t\t\t\t\t\tJTL-Software GmbH<br \/>\n\t\t\t\t\t\t\t\t\t\t\t\t\t\t\t\t\t\t\t\t<\/div>\n\n\t\t\t\t\t\t<address>\n\t\t\t\t\t\t\t\t\t\t\t\t\t\t\t<span class=\"h6 mb-0\">Schulungszentrum Kassel<\/span>\n\t\t\t\t\t\t\t\t\t\t\t\t\t\tWaldauer Weg 92,<br \/>\n\t\t\t\t\t\t\t34253 Lohfelden\t\t\t\t\t\t<\/address>\n\n\t\t\t\t\t\t<span class=\"h6 mt-6\">Ihre Anreise<\/span>\n\t\t\t\t\t\t<div class=\"btn-group\" role=\"group\" aria-label=\"Ihre Anreise\">\n\t\t\t\t\t\t\t<button type=\"button\" class=\"btn btn-outline-primary py-2 px-3\" disabled data-directions-travelmode=\"DRIVING\" title=\"Mit dem Auto\" data-toggle=\"tooltip\">\n\t\t\t\t\t\t\t\t<span class=\"fas fa-car fa-fw\"><\/span>\n\t\t\t\t\t\t\t<\/button>\n\t\t\t\t\t\t\t<button type=\"button\" class=\"btn btn-outline-primary py-2 px-3\" disabled data-directions-travelmode=\"TRANSIT\" title=\"Mit dem Zug\" data-toggle=\"tooltip\">\n\t\t\t\t\t\t\t\t<span class=\"fas fa-train fa-fw\"><\/span>\n\t\t\t\t\t\t\t<\/button>\n\t\t\t\t\t\t\t<button type=\"button\" class=\"btn btn-outline-primary py-2 px-3\" disabled data-directions-travelmode=\"WALKING\" title=\"Zu Fu\u00df\" data-toggle=\"tooltip\">\n\t\t\t\t\t\t\t\t<span class=\"fas fa-walking fa-fw\"><\/span>\n\t\t\t\t\t\t\t<\/button>\n\t\t\t\t\t\t\t<button type=\"button\" class=\"btn btn-outline-primary py-2 px-3\" disabled data-directions-travelmode=\"BICYCLING\" title=\"Mit dem Fahrrad\" data-toggle=\"tooltip\">\n\t\t\t\t\t\t\t\t<span class=\"fas fa-bicycle fa-fw\"><\/span>\n\t\t\t\t\t\t\t<\/button>\n\t\t\t\t\t\t<\/div>\n\n\t\t\t\t\t\t<span class=\"h6 mt-4\">Route planen<\/span>\n\t\t\t\t\t\t<form>\n\t\t\t\t\t\t\t<div class=\"input-group\">\n\t\t\t\t\t\t\t\t<input type=\"text\" class=\"form-control\" data-directions-input disabled required placeholder=\"Start Adresse eingeben\">\n\t\t\t\t\t\t\t\t<div class=\"input-group-append\">\n\t\t\t\t\t\t\t\t\t<button type=\"submit\" class=\"btn btn-primary rounded-top-right rounded-bottom-right\" data-directions-submit disabled>Route planen<\/button>\n\t\t\t\t\t\t\t\t<\/div>\n\t\t\t\t\t\t\t\t<div class=\"invalid-feedback\" data-directions-feedback><\/div>\n\t\t\t\t\t\t\t<\/div>\n\t\t\t\t\t\t<\/form>\n\t\t\t\t\t<\/div>\n\t\t\t\t\t<div class=\"tab-pane fade py-4 mx-n5 px-5 maxh-10 overflow-auto\" id=\"route-69f8b8c30d6f0\" role=\"tabpanel\">\n\t\t\t\t\t\t<div class=\"btn-wrapper mb-3\">\n\t\t\t\t\t\t\t<button type=\"button\" class=\"btn btn-md ml-auto btn-outline-primary\" id=\"directions-print-route\">Drucken<\/button>\n\t\t\t\t\t\t\t<script>\n\t\t\t\t\t\t\t\tdocument.querySelector('#directions-print-route').addEventListener('click', function() {\n\t\t\t\t\t\t\t\t\tvar printWindow = window.open('', 'MsgWindow', 'width=700,height=500');\n\t\t\t\t\t\t\t\t\tprintWindow.document.write(document.querySelector('[data-directions-route]').innerHTML);\n\t\t\t\t\t\t\t\t\tprintWindow.document.close();\n\t\t\t\t\t\t\t\t\tprintWindow.focus();\n\t\t\t\t\t\t\t\t\tprintWindow.print();\n\t\t\t\t\t\t\t\t})\n\t\t\t\t\t\t\t<\/script>\n\t\t\t\t\t\t<\/div>\n\t\t\t\t\t\t<div data-directions-route><\/div>\n\t\t\t\t\t<\/div>\n\t\t\t\t<\/div>\n\t\t\t<\/div>\n\t\t<\/div>\n\t<\/div>\n<\/div><\/div>\n\t\t\t\t\t\t<\/div>\n\t\t\t\t\t\t\t<\/div>\n\t\t\t\t<\/section>\n\t","protected":false},"excerpt":{"rendered":"Standorte von JTL Die JTL-Software-GmbH optimiert und unterst\u00fctzt mit ihren Produkten den Onlinehandel. \u00dcber 220 Mitarbeiter tragen an vier Standorten zum Erfolg des Unternehmens bei. Nachfolgend finden Sie unsere Standorte im \u00dcberblick. F\u00fcr Partner und BewerberBesuche bitte nur nach Absprache! Standort H\u00fcckelhoven Rheinstr. 741836 H\u00fcckelhovenVRR,\u00a0Buslinie 402bis Haltestelle \u201eParkhofstrasse\u201c Standort H\u00fcrth\/K\u00f6ln Leyboldstr. 1450354 H\u00fcrth\/K\u00f6lnKVB, Stra\u00dfenbahnlinie 18bis","protected":false},"author":4,"featured_media":0,"parent":433,"menu_order":0,"comment_status":"closed","ping_status":"closed","template":"","meta":{"_acf_changed":false,"footnotes":""},"class_list":["post-3129","page","type-page","status-publish","hentry"],"acf":[],"_links":{"self":[{"href":"https:\/\/www.jtl-software.com\/de\/wp-json\/wp\/v2\/pages\/3129","targetHints":{"allow":["GET"]}}],"collection":[{"href":"https:\/\/www.jtl-software.com\/de\/wp-json\/wp\/v2\/pages"}],"about":[{"href":"https:\/\/www.jtl-software.com\/de\/wp-json\/wp\/v2\/types\/page"}],"author":[{"embeddable":true,"href":"https:\/\/www.jtl-software.com\/de\/wp-json\/wp\/v2\/users\/4"}],"replies":[{"embeddable":true,"href":"https:\/\/www.jtl-software.com\/de\/wp-json\/wp\/v2\/comments?post=3129"}],"version-history":[{"count":6,"href":"https:\/\/www.jtl-software.com\/de\/wp-json\/wp\/v2\/pages\/3129\/revisions"}],"predecessor-version":[{"id":153556,"href":"https:\/\/www.jtl-software.com\/de\/wp-json\/wp\/v2\/pages\/3129\/revisions\/153556"}],"up":[{"embeddable":true,"href":"https:\/\/www.jtl-software.com\/de\/wp-json\/wp\/v2\/pages\/433"}],"wp:attachment":[{"href":"https:\/\/www.jtl-software.com\/de\/wp-json\/wp\/v2\/media?parent=3129"}],"curies":[{"name":"wp","href":"https:\/\/api.w.org\/{rel}","templated":true}]}}