{"id":293202,"date":"2026-01-19T18:03:52","date_gmt":"2026-01-19T17:03:52","guid":{"rendered":"https:\/\/www.jtl-software.com\/?page_id=293202"},"modified":"2026-01-22T14:01:56","modified_gmt":"2026-01-22T13:01:56","slug":"newsletter","status":"publish","type":"page","link":"https:\/\/www.jtl-software.com\/de\/newsletter","title":{"rendered":"Anmeldung Newsletter"},"content":{"rendered":"\t\t<section class=\"product-support-section orange\">\n\t\t\t\t\t<div class=\"container\">\n\t\t\t\t\t\t\t\t<div class=\"row no-gutters\">\n\t\t\t\t\t\t\t<div class=\"col-lg-12\">\n\t<style>\n\t.utils-69eb52e2d2550 { background-color: #E6F9FA !important; }\n<\/style><div class=\"container-product-support-card utils-69eb52e2d2550 card\">\n\t<div class=\"card-body\">\n\t\t\t<div class=\"row\">\n\t\t<div class=\"col-lg-6 pr-lg-4\">\n\t<h1 class=\"redesign-styles__overtitle text-wawi text-uppercase font-weight-light mb-1 h3 font-proxima-nova\">Hol dir den <span class=\"font-weight-bold\">JTL-Newsletter!<\/span><\/h1><span class=\"redesign-styles__title text-reset font-weight-light mt-0 h1 line-none font-proxima-nova\"><span class=\"font-weight-bold\">Weniger Aufwand im E-Commerce.<\/span> Mehr Umsatz mit JTL.<\/span>\t<div class=\"redesign-styles__text\">\n<p>Ab sofort verpasst du keine Neuigkeiten mehr aus dem JTL-\u00d6kosystem:<\/p>\n\t<\/div>\n<ul class=\"mt-5 mr-2 list-icons\">\n\t<li><span style=\"color:#FF9A26;\" class=\"fa-regular fa-arrow-right fa-fw list-icon\"><\/span><strong>Alles rund um unsere Produkte &amp; Events<br \/><\/strong>Wir versorgen dich mit allen wichtigen Infos &#8211; damit du mit JTL jederzeit gut und schnell arbeiten und mehr erreichen kannst.<strong><br \/><\/strong><\/li><li><span style=\"color:#FF9A26;\" class=\"fa-regular fa-arrow-right fa-fw list-icon\"><\/span><strong>Praxis-Use-Cases f\u00fcr mehr Effizienzgewinne in deinem Business<br \/><\/strong>Konkrete Beispiele aus echten JTL-Projekten, die zeigen, wie H\u00e4ndler Prozesse automatisieren und ihr Wachstum skalieren.<\/li><li><span style=\"color:#FF9A26;\" class=\"fa-regular fa-arrow-right fa-fw list-icon\"><\/span><strong>Zwei- bis dreimal im Monat<br \/><\/strong>Bestens informiert, ohne \u00fcberfordert zu sein. Eine kurze, zielf\u00fchrende Lekt\u00fcre, die deine F\u00e4higkeiten verbessert und deine Projekte voranbringt.<\/li><\/ul><\/div><style>\n\t.utils-69eb52e2d3aa8 { border-color: #FF9A26 !important; }\n<\/style><div class=\"col-lg-6 mt-5 border-top border-right border-bottom border-left mt-lg-0 border-big nl-anmeldung basic-br bg-tertiary utils-69eb52e2d3aa8\">\n\t\n\t<div class=\"wpb_raw_code wpb_raw_html wpb_content_element\" >\n\t\t<div class=\"wpb_wrapper\">\n\t\t\t<script charset=\"utf-8\" type=\"text\/javascript\" src=\"\/\/js-eu1.hsforms.net\/forms\/embed\/v2.js\"><\/script>\n<script>\n  hbspt.forms.create({\n    portalId: \"145850735\",\n    formId: \"bd8d80c5-0331-43be-ab47-f8f41bb9934b\",\n    region: \"eu1\"\n  });\n<\/script>\n\t\t<\/div>\n\t<\/div>\n<\/div>\t<\/div>\n<div class=\"col-lg-6 product-support-section__column pr-xl-5 col-xl-3 col-md-12\">\n\t<\/div><div class=\"col-lg-6 product-support-section__column col-xl-3 col-md-12\">\n\t<\/div>\t<\/div>\n\t<\/div><\/div>\n\t\t\t\t\t\t<\/div>\n\t\t\t\t\t\t\t<\/div>\n\t\t\t\t<\/section>\n\t\t\t<section class=\"product-company-section\">\n\t\t\t\t\t<div class=\"container\">\n\t\t\t\t\t\t\t\t<div class=\"row\">\n\t\t\t\t\t\t\t<div class=\"col\">\n\t<h2 class=\"product-companies-section__title\">\u00dcber <span class=\"font-weight-bold\">50.000 Onlineh\u00e4ndler<\/span> setzen auf die Software von JTL.<\/h2><div class=\"row\">\n\t\t\t\t\t\t\t<div class=\"col\">\n\t<style>\n\t.slider-69eb52e28e92d { min-height: 128px; }\n\n\t@media (min-width: 576px) {\n\t\t.slider-69eb52e28e92d { min-height: 128px; }\n\t}\n\n\t@media (min-width: 768px) {\n\t\t.slider-69eb52e28e92d { min-height: 128px; }\n\t}\n\n\t@media (min-width: 992px) {\n\t\t.slider-69eb52e28e92d { min-height: 128px; }\n\t}\n<\/style><div class=\"product-companies-section__slider swiper slider-69eb52e28e92d slider-images\" id=\"slider-69eb52e28e92b\">\n\t<div class=\"swiper-container\">\n\t\t<div class=\"swiper-wrapper \">\n\t\t\t<div class=\"h-auto swiper-slide\">\n\t<div class=\"swiper-lazy\">\n\t\t\t\t\t\t<picture><source type=\"image\/webp\" srcset=\"data:image\/svg+xml,%3Csvg%20xmlns='http:\/\/www.w3.org\/2000\/svg'%20viewBox='0%200%20177%2069'%20xml:space='preserve'%3E%3C\/svg%3E 1x\" data-srcset=\"https:\/\/www.jtl-software.com\/uploads\/2025\/10\/zeiss-logo.png.webp 1x, https:\/\/www.jtl-software.com\/uploads\/2025\/10\/zeiss-logo.png.webp 1x\"><source type=\"image\/png\" srcset=\"data:image\/svg+xml,%3Csvg%20xmlns='http:\/\/www.w3.org\/2000\/svg'%20viewBox='0%200%20177%2069'%20xml:space='preserve'%3E%3C\/svg%3E 1x\" data-srcset=\"https:\/\/www.jtl-software.com\/uploads\/2025\/10\/zeiss-logo.png 1x, https:\/\/www.jtl-software.com\/uploads\/2025\/10\/zeiss-logo.png 1x\"><img loading=\"lazy\" decoding=\"async\" src=\"data:image\/svg+xml,%3Csvg%20xmlns='http:\/\/www.w3.org\/2000\/svg'%20viewBox='0%200%20177%2069'%20xml:space='preserve'%3E%3C\/svg%3E\" data-src=\"https:\/\/www.jtl-software.com\/uploads\/2025\/10\/zeiss-logo.png\" width=\"177\" height=\"69\" alt=\"Zeiss Logo\" class=\"lazy img-fluid border-solid \" data-slidergallery=\"{&quot;src&quot;:&quot;https:\\\/\\\/www.jtl-software.com\\\/uploads\\\/2025\\\/10\\\/zeiss-logo.png&quot;,&quot;w&quot;:177,&quot;h&quot;:69}\"><\/picture>\t\t\t<\/div>\n\t<div class=\"swiper-lazy-preloader\"><\/div>\n<\/div><div class=\"h-auto swiper-slide\">\n\t<div class=\"swiper-lazy\">\n\t\t\t\t\t\t<picture><source type=\"image\/webp\" srcset=\"data:image\/svg+xml,%3Csvg%20xmlns='http:\/\/www.w3.org\/2000\/svg'%20viewBox='0%200%20177%2069'%20xml:space='preserve'%3E%3C\/svg%3E 1x\" data-srcset=\"https:\/\/www.jtl-software.com\/uploads\/2025\/09\/ankerkraut-logo-1.png.webp 1x, https:\/\/www.jtl-software.com\/uploads\/2025\/09\/ankerkraut-logo-1.png.webp 1x\"><source type=\"image\/png\" srcset=\"data:image\/svg+xml,%3Csvg%20xmlns='http:\/\/www.w3.org\/2000\/svg'%20viewBox='0%200%20177%2069'%20xml:space='preserve'%3E%3C\/svg%3E 1x\" data-srcset=\"https:\/\/www.jtl-software.com\/uploads\/2025\/09\/ankerkraut-logo-1.png 1x, https:\/\/www.jtl-software.com\/uploads\/2025\/09\/ankerkraut-logo-1.png 1x\"><img loading=\"lazy\" decoding=\"async\" src=\"data:image\/svg+xml,%3Csvg%20xmlns='http:\/\/www.w3.org\/2000\/svg'%20viewBox='0%200%20177%2069'%20xml:space='preserve'%3E%3C\/svg%3E\" data-src=\"https:\/\/www.jtl-software.com\/uploads\/2025\/09\/ankerkraut-logo-1.png\" width=\"177\" height=\"69\" alt=\"Ankerkraut Logo\" class=\"lazy img-fluid border-solid \" data-slidergallery=\"{&quot;src&quot;:&quot;https:\\\/\\\/www.jtl-software.com\\\/uploads\\\/2025\\\/09\\\/ankerkraut-logo-1.png&quot;,&quot;w&quot;:177,&quot;h&quot;:69}\"><\/picture>\t\t\t<\/div>\n\t<div class=\"swiper-lazy-preloader\"><\/div>\n<\/div><div class=\"h-auto swiper-slide\">\n\t<div class=\"swiper-lazy\">\n\t\t\t\t\t\t<picture><source type=\"image\/webp\" srcset=\"data:image\/svg+xml,%3Csvg%20xmlns='http:\/\/www.w3.org\/2000\/svg'%20viewBox='0%200%20177%2069'%20xml:space='preserve'%3E%3C\/svg%3E 1x\" data-srcset=\"https:\/\/www.jtl-software.com\/uploads\/2025\/09\/cineplex-logo.png.webp 1x, https:\/\/www.jtl-software.com\/uploads\/2025\/09\/cineplex-logo.png.webp 1x\"><source type=\"image\/png\" srcset=\"data:image\/svg+xml,%3Csvg%20xmlns='http:\/\/www.w3.org\/2000\/svg'%20viewBox='0%200%20177%2069'%20xml:space='preserve'%3E%3C\/svg%3E 1x\" data-srcset=\"https:\/\/www.jtl-software.com\/uploads\/2025\/09\/cineplex-logo.png 1x, https:\/\/www.jtl-software.com\/uploads\/2025\/09\/cineplex-logo.png 1x\"><img loading=\"lazy\" decoding=\"async\" src=\"data:image\/svg+xml,%3Csvg%20xmlns='http:\/\/www.w3.org\/2000\/svg'%20viewBox='0%200%20177%2069'%20xml:space='preserve'%3E%3C\/svg%3E\" data-src=\"https:\/\/www.jtl-software.com\/uploads\/2025\/09\/cineplex-logo.png\" width=\"177\" height=\"69\" alt=\"Cineplex Logo\" class=\"lazy img-fluid border-solid \" data-slidergallery=\"{&quot;src&quot;:&quot;https:\\\/\\\/www.jtl-software.com\\\/uploads\\\/2025\\\/09\\\/cineplex-logo.png&quot;,&quot;w&quot;:177,&quot;h&quot;:69}\"><\/picture>\t\t\t<\/div>\n\t<div class=\"swiper-lazy-preloader\"><\/div>\n<\/div><div class=\"h-auto swiper-slide\">\n\t<div class=\"swiper-lazy\">\n\t\t\t\t\t\t<picture><source type=\"image\/webp\" srcset=\"data:image\/svg+xml,%3Csvg%20xmlns='http:\/\/www.w3.org\/2000\/svg'%20viewBox='0%200%20177%2069'%20xml:space='preserve'%3E%3C\/svg%3E 1x\" data-srcset=\"https:\/\/www.jtl-software.com\/uploads\/2025\/09\/flyeralarm-logo.png.webp 1x, https:\/\/www.jtl-software.com\/uploads\/2025\/09\/flyeralarm-logo.png.webp 1x\"><source type=\"image\/png\" srcset=\"data:image\/svg+xml,%3Csvg%20xmlns='http:\/\/www.w3.org\/2000\/svg'%20viewBox='0%200%20177%2069'%20xml:space='preserve'%3E%3C\/svg%3E 1x\" data-srcset=\"https:\/\/www.jtl-software.com\/uploads\/2025\/09\/flyeralarm-logo.png 1x, https:\/\/www.jtl-software.com\/uploads\/2025\/09\/flyeralarm-logo.png 1x\"><img loading=\"lazy\" decoding=\"async\" src=\"data:image\/svg+xml,%3Csvg%20xmlns='http:\/\/www.w3.org\/2000\/svg'%20viewBox='0%200%20177%2069'%20xml:space='preserve'%3E%3C\/svg%3E\" data-src=\"https:\/\/www.jtl-software.com\/uploads\/2025\/09\/flyeralarm-logo.png\" width=\"177\" height=\"69\" alt=\"Flyeralarm Logo\" class=\"lazy img-fluid border-solid \" data-slidergallery=\"{&quot;src&quot;:&quot;https:\\\/\\\/www.jtl-software.com\\\/uploads\\\/2025\\\/09\\\/flyeralarm-logo.png&quot;,&quot;w&quot;:177,&quot;h&quot;:69}\"><\/picture>\t\t\t<\/div>\n\t<div class=\"swiper-lazy-preloader\"><\/div>\n<\/div><div class=\"h-auto swiper-slide\">\n\t<div class=\"swiper-lazy\">\n\t\t\t\t\t\t<picture><source type=\"image\/webp\" srcset=\"data:image\/svg+xml,%3Csvg%20xmlns='http:\/\/www.w3.org\/2000\/svg'%20viewBox='0%200%20177%2069'%20xml:space='preserve'%3E%3C\/svg%3E 1x\" data-srcset=\"https:\/\/www.jtl-software.com\/uploads\/2025\/09\/seeberger-logo.png.webp 1x, https:\/\/www.jtl-software.com\/uploads\/2025\/09\/seeberger-logo.png.webp 1x\"><source type=\"image\/png\" srcset=\"data:image\/svg+xml,%3Csvg%20xmlns='http:\/\/www.w3.org\/2000\/svg'%20viewBox='0%200%20177%2069'%20xml:space='preserve'%3E%3C\/svg%3E 1x\" data-srcset=\"https:\/\/www.jtl-software.com\/uploads\/2025\/09\/seeberger-logo.png 1x, https:\/\/www.jtl-software.com\/uploads\/2025\/09\/seeberger-logo.png 1x\"><img loading=\"lazy\" decoding=\"async\" src=\"data:image\/svg+xml,%3Csvg%20xmlns='http:\/\/www.w3.org\/2000\/svg'%20viewBox='0%200%20177%2069'%20xml:space='preserve'%3E%3C\/svg%3E\" data-src=\"https:\/\/www.jtl-software.com\/uploads\/2025\/09\/seeberger-logo.png\" width=\"177\" height=\"69\" alt=\"Seeberger Logo\" class=\"lazy img-fluid border-solid \" data-slidergallery=\"{&quot;src&quot;:&quot;https:\\\/\\\/www.jtl-software.com\\\/uploads\\\/2025\\\/09\\\/seeberger-logo.png&quot;,&quot;w&quot;:177,&quot;h&quot;:69}\"><\/picture>\t\t\t<\/div>\n\t<div class=\"swiper-lazy-preloader\"><\/div>\n<\/div><div class=\"h-auto swiper-slide\">\n\t<div class=\"swiper-lazy\">\n\t\t\t\t\t\t<picture><source type=\"image\/webp\" srcset=\"data:image\/svg+xml,%3Csvg%20xmlns='http:\/\/www.w3.org\/2000\/svg'%20viewBox='0%200%20177%2069'%20xml:space='preserve'%3E%3C\/svg%3E 1x\" data-srcset=\"https:\/\/www.jtl-software.com\/uploads\/2025\/09\/stahlwerk-logo.png.webp 1x, https:\/\/www.jtl-software.com\/uploads\/2025\/09\/stahlwerk-logo.png.webp 1x\"><source type=\"image\/png\" srcset=\"data:image\/svg+xml,%3Csvg%20xmlns='http:\/\/www.w3.org\/2000\/svg'%20viewBox='0%200%20177%2069'%20xml:space='preserve'%3E%3C\/svg%3E 1x\" data-srcset=\"https:\/\/www.jtl-software.com\/uploads\/2025\/09\/stahlwerk-logo.png 1x, https:\/\/www.jtl-software.com\/uploads\/2025\/09\/stahlwerk-logo.png 1x\"><img loading=\"lazy\" decoding=\"async\" src=\"data:image\/svg+xml,%3Csvg%20xmlns='http:\/\/www.w3.org\/2000\/svg'%20viewBox='0%200%20177%2069'%20xml:space='preserve'%3E%3C\/svg%3E\" data-src=\"https:\/\/www.jtl-software.com\/uploads\/2025\/09\/stahlwerk-logo.png\" width=\"177\" height=\"69\" alt=\"Stahlwerk Logo\" class=\"lazy img-fluid border-solid \" data-slidergallery=\"{&quot;src&quot;:&quot;https:\\\/\\\/www.jtl-software.com\\\/uploads\\\/2025\\\/09\\\/stahlwerk-logo.png&quot;,&quot;w&quot;:177,&quot;h&quot;:69}\"><\/picture>\t\t\t<\/div>\n\t<div class=\"swiper-lazy-preloader\"><\/div>\n<\/div><div class=\"h-auto swiper-slide\">\n\t<div class=\"swiper-lazy\">\n\t\t\t\t\t\t<picture><source type=\"image\/webp\" srcset=\"data:image\/svg+xml,%3Csvg%20xmlns='http:\/\/www.w3.org\/2000\/svg'%20viewBox='0%200%20177%2069'%20xml:space='preserve'%3E%3C\/svg%3E 1x\" data-srcset=\"https:\/\/www.jtl-software.com\/uploads\/2025\/09\/tedi-logo.png.webp 1x, https:\/\/www.jtl-software.com\/uploads\/2025\/09\/tedi-logo.png.webp 1x\"><source type=\"image\/png\" srcset=\"data:image\/svg+xml,%3Csvg%20xmlns='http:\/\/www.w3.org\/2000\/svg'%20viewBox='0%200%20177%2069'%20xml:space='preserve'%3E%3C\/svg%3E 1x\" data-srcset=\"https:\/\/www.jtl-software.com\/uploads\/2025\/09\/tedi-logo.png 1x, https:\/\/www.jtl-software.com\/uploads\/2025\/09\/tedi-logo.png 1x\"><img loading=\"lazy\" decoding=\"async\" src=\"data:image\/svg+xml,%3Csvg%20xmlns='http:\/\/www.w3.org\/2000\/svg'%20viewBox='0%200%20177%2069'%20xml:space='preserve'%3E%3C\/svg%3E\" data-src=\"https:\/\/www.jtl-software.com\/uploads\/2025\/09\/tedi-logo.png\" width=\"177\" height=\"69\" alt=\"Tedi Logo\" class=\"lazy img-fluid border-solid \" data-slidergallery=\"{&quot;src&quot;:&quot;https:\\\/\\\/www.jtl-software.com\\\/uploads\\\/2025\\\/09\\\/tedi-logo.png&quot;,&quot;w&quot;:177,&quot;h&quot;:69}\"><\/picture>\t\t\t<\/div>\n\t<div class=\"swiper-lazy-preloader\"><\/div>\n<\/div>\t\t<\/div>\n\n\t\t<div class=\"swiper-pagination\"><\/div>\n\t<\/div>\n\n\t<div class=\"swiper-button-prev d-none\"><\/div>\n\t<div class=\"swiper-button-next d-none\"><\/div>\n\n\t<div class=\"swiper-scrollbar\"><\/div>\n<\/div>\n\n<script>\n\tdocument.addEventListener('contentReady', function(e) {\n\t\t\t\t\t(function(Slider) {\n\t\t\t\tvar settings = JSON.parse('{\"lazy\":true,\"init\":false,\"mousewheel\":{\"forceToAxis\":true},\"direction\":\"horizontal\",\"loop\":1,\"autoplay\":{\"delay\":2000,\"stopOnLastSlide\":1},\"slidesPerView\":2,\"spaceBetween\":30,\"breakpoints\":{\" 0\":{\"slidesPerView\":\"2\",\"spaceBetween\":30},\" 576\":{\"slidesPerView\":\"2\",\"spaceBetween\":30},\" 768\":{\"slidesPerView\":\"4\",\"spaceBetween\":30},\" 992\":{\"slidesPerView\":\"6\",\"spaceBetween\":30}}}');\n\t\t\t\tvar slider = new Slider('#slider-69eb52e28e92b .swiper-container', settings);\n\t\t\t})(__.Slider);\n\t\t\t});\n<\/script><\/div>\n\t\t\t\t\t\t<\/div><\/div>\n\t\t\t\t\t\t<\/div>\n\t\t\t\t\t\t\t<\/div>\n\t\t\t\t<\/section>\n\t","protected":false},"excerpt":{"rendered":"Hol dir den JTL-Newsletter!Weniger Aufwand im E-Commerce. Mehr Umsatz mit JTL. Ab sofort verpasst du keine Neuigkeiten mehr aus dem JTL-\u00d6kosystem: Alles rund um unsere Produkte &amp; EventsWir versorgen dich mit allen wichtigen Infos - damit du mit JTL jederzeit gut und schnell arbeiten und mehr erreichen kannst.Praxis-Use-Cases f\u00fcr mehr Effizienzgewinne in deinem BusinessKonkrete Beispiele","protected":false},"author":31,"featured_media":0,"parent":0,"menu_order":0,"comment_status":"closed","ping_status":"closed","template":"page-templates\/product-landing.php","meta":{"_acf_changed":false,"footnotes":""},"class_list":["post-293202","page","type-page","status-publish","hentry"],"acf":[],"_links":{"self":[{"href":"https:\/\/www.jtl-software.com\/de\/wp-json\/wp\/v2\/pages\/293202","targetHints":{"allow":["GET"]}}],"collection":[{"href":"https:\/\/www.jtl-software.com\/de\/wp-json\/wp\/v2\/pages"}],"about":[{"href":"https:\/\/www.jtl-software.com\/de\/wp-json\/wp\/v2\/types\/page"}],"author":[{"embeddable":true,"href":"https:\/\/www.jtl-software.com\/de\/wp-json\/wp\/v2\/users\/31"}],"replies":[{"embeddable":true,"href":"https:\/\/www.jtl-software.com\/de\/wp-json\/wp\/v2\/comments?post=293202"}],"version-history":[{"count":4,"href":"https:\/\/www.jtl-software.com\/de\/wp-json\/wp\/v2\/pages\/293202\/revisions"}],"predecessor-version":[{"id":293490,"href":"https:\/\/www.jtl-software.com\/de\/wp-json\/wp\/v2\/pages\/293202\/revisions\/293490"}],"wp:attachment":[{"href":"https:\/\/www.jtl-software.com\/de\/wp-json\/wp\/v2\/media?parent=293202"}],"curies":[{"name":"wp","href":"https:\/\/api.w.org\/{rel}","templated":true}]}}