{"id":278558,"date":"2025-10-14T14:53:50","date_gmt":"2025-10-14T12:53:50","guid":{"rendered":"https:\/\/www.jtl-software.com\/?page_id=278558"},"modified":"2026-02-10T10:55:35","modified_gmt":"2026-02-10T09:55:35","slug":"buchungsdatenservice-jtl2datev","status":"publish","type":"page","link":"https:\/\/www.jtl-software.com\/de\/buchungsdatenservice-jtl2datev","title":{"rendered":"DATEV Buchungsdatenservice"},"content":{"rendered":"\t\t<section>\n\t\t\t\t\t<div class=\"container\">\n\t\t\t\t\t\t\t\t<div class=\"row\">\n\t\t\t\t\t\t\t<div class=\"col-lg-12\">\n\t\t<div class=\"row\">\n\t\t<div class=\"col-lg-6\">\n\t<style>\n\t.utils-69eb64b6ba8b0 { color: #FF9A26 !important; }\n<\/style><span class=\"text-uppercase font-weight-bold mt-0 mb-2 utils-69eb64b6ba8b0 h5\">POWERED BY JERA<\/span><h1 class=\"text-gray-333 font-weight-normal mb-5 line-none font-proxima-nova\">Jetzt zukunftsorientiert auf den <span class=\"font-weight-bold\">Buchungsdatenservice von JERA<\/span> umsteigen<\/h1>\t<div class=\"mb-5\">\n<p>Mit dem <strong>DATEV Buchungsdatenservice<\/strong>\u00a0von <strong>JERA<\/strong>, der JTL voll unterst\u00fctzt, bleibst du zuk\u00fcnftig gesetzeskonform und profitierst von neuen Funktionen!<\/p>\n<p>Die Registrierung wird zuk\u00fcnftig automatisch \u00fcber JTL laufen! Bis das m\u00f6glich ist, erstellt bitte ein Ticket bei JERA.<\/p>\n\t<\/div>\n<ul class=\"list-icons\">\n\t<li><span style=\"color:#FF9A26;\" class=\"fal fa-arrow-right fa-fw list-icon\"><\/span><strong>Gepr\u00fcfte DATEV-Schnittstelle<\/strong> mit sicherer Daten\u00fcbertragung<\/li><li><span style=\"color:#FF9A26;\" class=\"fal fa-arrow-right fa-fw list-icon\"><\/span><strong>Keine doppelte Abstimmung<\/strong> mit dem Steuerberater notwendig<\/li><li><span style=\"color:#FF9A26;\" class=\"fal fa-arrow-right fa-fw list-icon\"><\/span><strong>Zeitersparnis<\/strong> durch automatischen Datenimport<\/li><li><span style=\"color:#FF9A26;\" class=\"fal fa-arrow-right fa-fw list-icon\"><\/span><strong>Kein manueller E-Mail-Versand<\/strong> von Buchungsstapeln<\/li><li><span style=\"color:#FF9A26;\" class=\"fal fa-arrow-right fa-fw list-icon\"><\/span><strong>Belegbilder-\u00dcbertragung m\u00f6glich<\/strong><\/li><\/ul><div class=\"product-buttons-group mt-5\">\n                <a class=\"product-button-group__button--with-icon no-icon has-wawi-gradient\" href=\"https:\/\/guide.jtl-software.com\/jtl-wawi\/zahlungen\/umstieg-vom-rechnungsdatenservice-2-0-zu-jtl2datev-jtl-edition\/\" target=\"_blank\">\n                                    <span class=\"product-button-group__button--with-icon__text\">Jetzt informieren<\/span>\n            <\/a>\n    <\/div><\/div><div class=\"col-lg-6 pl-7\">\n\t<picture><source type=\"image\/webp\" srcset=\"data:image\/svg+xml,%3Csvg%20xmlns='http:\/\/www.w3.org\/2000\/svg'%20viewBox='0%200%201260%201151'%20xml:space='preserve'%3E%3C\/svg%3E 1x\" data-srcset=\"https:\/\/www.jtl-software.com\/uploads\/2025\/10\/jtl-jera-datev-header-demo-1260x1151.png.webp 1x, https:\/\/www.jtl-software.com\/uploads\/2025\/10\/jtl-jera-datev-header-demo.png.webp 1.05x\"><source type=\"image\/png\" srcset=\"data:image\/svg+xml,%3Csvg%20xmlns='http:\/\/www.w3.org\/2000\/svg'%20viewBox='0%200%201260%201151'%20xml:space='preserve'%3E%3C\/svg%3E 1x\" data-srcset=\"https:\/\/www.jtl-software.com\/uploads\/2025\/10\/jtl-jera-datev-header-demo-1260x1151.png 1x, https:\/\/www.jtl-software.com\/uploads\/2025\/10\/jtl-jera-datev-header-demo.png 1.05x\"><img loading=\"lazy\" decoding=\"async\" class=\"mt-5 mr-auto ml-auto mt-lg-0 lazy img-fluid border-solid \" src=\"data:image\/svg+xml,%3Csvg%20xmlns='http:\/\/www.w3.org\/2000\/svg'%20viewBox='0%200%201324%201209'%20xml:space='preserve'%3E%3C\/svg%3E\" data-src=\"https:\/\/www.jtl-software.com\/uploads\/2025\/10\/jtl-jera-datev-header-demo.png\" width=\"1260\" height=\"1151\" alt><\/picture><\/div>\t<\/div>\n<\/div>\n\t\t\t\t\t\t<\/div>\n\t\t\t\t\t\t\t<\/div>\n\t\t\t\t<\/section>\n\t\t\t<section class=\"animate__animated\" data-animate=\"fadeIn\">\n\t\t\t\t\t<div class=\"container\">\n\t\t\t\t\t\t\t\t<div class=\"row\">\n\t\t\t\t\t\t\t<div class=\"order-2 col-lg-6 order-lg-1 pr-9\">\n\t<picture><source type=\"image\/webp\" srcset=\"data:image\/svg+xml,%3Csvg%20xmlns='http:\/\/www.w3.org\/2000\/svg'%20viewBox='0%200%201244%201209'%20xml:space='preserve'%3E%3C\/svg%3E 1x\" data-srcset=\"https:\/\/www.jtl-software.com\/uploads\/2025\/10\/jtl-jera-datev-wir-haben-die-loesung-demo.png.webp 1x, https:\/\/www.jtl-software.com\/uploads\/2025\/10\/jtl-jera-datev-wir-haben-die-loesung-demo.png.webp 1x\"><source type=\"image\/png\" srcset=\"data:image\/svg+xml,%3Csvg%20xmlns='http:\/\/www.w3.org\/2000\/svg'%20viewBox='0%200%201244%201209'%20xml:space='preserve'%3E%3C\/svg%3E 1x\" data-srcset=\"https:\/\/www.jtl-software.com\/uploads\/2025\/10\/jtl-jera-datev-wir-haben-die-loesung-demo.png 1x, https:\/\/www.jtl-software.com\/uploads\/2025\/10\/jtl-jera-datev-wir-haben-die-loesung-demo.png 1x\"><img loading=\"lazy\" decoding=\"async\" class=\"rounded-top-left rounded-top-right rounded-bottom-left rounded-bottom-right mt-5 mr-auto ml-auto mt-lg-0 lazy img-fluid border-solid \" src=\"data:image\/svg+xml,%3Csvg%20xmlns='http:\/\/www.w3.org\/2000\/svg'%20viewBox='0%200%201244%201209'%20xml:space='preserve'%3E%3C\/svg%3E\" data-src=\"https:\/\/www.jtl-software.com\/uploads\/2025\/10\/jtl-jera-datev-wir-haben-die-loesung-demo.png\" width=\"1244\" height=\"1209\" alt><\/picture><\/div>\n<div class=\"order-1 col-lg-6 order-lg-2\">\n\t<style>\n\t.utils-69eb64b6bdc50 { color: #FF9A26 !important; }\n<\/style><span class=\"text-uppercase font-weight-bold mt-0 mb-2 utils-69eb64b6bdc50 h5\">Was dich erwartet<\/span><style>\n\t.utils-69eb64b6bddab { color: #333333 !important; }\n<\/style><h2 id=\"anchor-JERA Modul\" class=\"font-weight-normal mt-0 mb-5 utils-69eb64b6bddab line-none font-proxima-nova\">Umstieg auf den DATEV Buchungsdatenservice \u2013 <span class=\"font-weight-bold\"> JTL2DATEV ist die L\u00f6sung!<\/span><a href=\"#JERA Modul\" class=\"far fa-link headline-link\" data-href=\"#JERA Modul\"><\/a><\/h2><p>JTL stellt vom DATEV Rechnungsdatenservice 2.0 auf den komfortablen DATEV Buchungsdatenservice um. Wer noch mit dem alten JTL-Modul arbeitet, muss <strong>bis Ende M\u00e4rz 2026<\/strong> umstellen.<\/p>\n<p>Keine Sorge \u2013 JTL unterst\u00fctzt bereits jetzt die neue JERA-Schnittstelle, sodass du nahtlos weiterarbeiten kannst.<\/p>\n<p>Unser Ziel: Du bleibst compliant, sicher und zukunftsf\u00e4hig.<\/p>\n<style>\n\t.utils-69eb64b6bdfd0 { color: #333333 !important; }\n<\/style><h3 id=\"anchor-das-erwartet-dich\" class=\"utils-69eb64b6bdfd0 h5 font-proxima-nova\">Das erwartet dich<a href=\"#das-erwartet-dich\" class=\"far fa-link headline-link\" data-href=\"#das-erwartet-dich\"><\/a><\/h3><ul class=\"list-icons\">\n\t<li><span style=\"color:#FF9A26;\" class=\"fal fa-arrow-right fa-fw list-icon\"><\/span><strong>Offiziell abgenommen durch DATEV:<\/strong> Die JTL2DATEV JTL-Edition und die JERA FiBu-Schnittstelle sind technisch zertifiziert und startklar.<\/li><li><span style=\"color:#FF9A26;\" class=\"fal fa-arrow-right fa-fw list-icon\"><\/span><strong>Nahtlose Umstellung:<\/strong> Der neue DATEV Buchungsdatenservice ersetzt den bisherigen Rechnungsdatenservice 2.0 vollst\u00e4ndig \u2013 ohne Datenverlust.<\/li><li><span style=\"color:#FF9A26;\" class=\"fal fa-arrow-right fa-fw list-icon\"><\/span><strong>Zukunftssicher digital buchen:<\/strong> Mit JTL &amp; JERA bleibst du compliant, automatisiert und optimal f\u00fcr deine Steuerkanzlei aufgestellt.<\/li><\/ul><\/div>\n\t\t\t\t\t\t<\/div>\n\t\t\t\t\t\t\t<\/div>\n\t\t\t\t<\/section>\n\t\t\t<section class=\"animate__animated\" data-animate=\"fadeIn\">\n\t\t\t\t\t<div class=\"container\">\n\t\t\t\t\t\t\t\t<div class=\"row\">\n\t\t\t\t\t\t\t<div class=\"col-lg-6\">\n\t<style>\n\t.utils-69eb64b6bed89 { color: #FF9A26 !important; }\n<\/style><span class=\"text-uppercase font-weight-bold mt-0 mb-2 utils-69eb64b6bed89 h5\">WAS DU JETZT TUN SOLLTEST<\/span><style>\n\t.utils-69eb64b6beed1 { color: #333333 !important; }\n<\/style><h2 id=\"anchor-wachstum\" class=\"font-weight-normal mt-0 mb-5 utils-69eb64b6beed1 line-none font-proxima-nova\"><span class=\"font-weight-bold\">Nahtlose Integration<\/span> in JTL<a href=\"#wachstum\" class=\"far fa-link headline-link\" data-href=\"#wachstum\"><\/a><\/h2><p>Aktuell ist der Rechnungsdatenservice 2.0 ab JTL Start enthalten. Es besteht also Handlungsbedarf! Denn der neue DATEV Buchungsdatenservice ist zuk\u00fcnftig ab <strong>JTL Advanced<\/strong> inklusive \u2013 und bringt zahlreiche Verbesserungen mit:<\/p>\n<style>\n\t.utils-69eb64b6bf0f6 { color: #333333 !important; }\n<\/style><h3 id=\"anchor-checkliste-so-bleibst-du-konform\" class=\"utils-69eb64b6bf0f6 h5 font-proxima-nova\">Checkliste: So bleibst du konform<a href=\"#checkliste-so-bleibst-du-konform\" class=\"far fa-link headline-link\" data-href=\"#checkliste-so-bleibst-du-konform\"><\/a><\/h3><ul class=\"list-icons\">\n\t<li><span style=\"color:#FF9A26;\" class=\"fat fa-check fa-fw list-icon\"><\/span>Pr\u00fcfe, ob du noch das alte Rechnungsdatenservice 2.0 Modul von JTL nutzt.<\/li><li><span style=\"color:#FF9A26;\" class=\"fat fa-check fa-fw list-icon\"><\/span>Stelle bis Ende M\u00e4rz 2026 auf die neue JERA-Schnittstelle um.<\/li><li><span style=\"color:#FF9A26;\" class=\"fat fa-check fa-fw list-icon\"><\/span>Wenn du JTL Start nutzt \u2013 informiere dich \u00fcber ein Upgrade auf JTL Advanced, um den vollen Funktionsumfang zu erhalten.<\/li><li><span style=\"color:#FF9A26;\" class=\"fat fa-check fa-fw list-icon\"><\/span>Nutze die Zahlungsabgleiche und weitere Funktionen mit der <strong>JTL2DATEV JTL-Edition<\/strong>.<\/li><\/ul><ul class=\"list-icons\">\n\t<li><span style=\"color:#FF9A26;\" class=\"fa-solid fa-hand-point-right fa-fw list-icon\"><\/span>Details zur Umstellung und technischen Anleitung finden du ab Ende des Jahres in unserem JTL-Guide!<\/li><\/ul><div class=\"product-buttons-group mt-5\">\n            <a class=\"product-button-group__button no-icon\" href=\"https:\/\/www.fibu-schnittstelle.com\/warenwirtschaft-2-datev\/jtl-2-datev\/miete\/621\/jtl-2-datev-jtl-edition?c=250\" target=\"_blank\">\n    <span class=\"product-button-group__button__text\">Upgrade auf JTL2DATEV JTL-Edition<\/span>\n<\/a>\n    <\/div><\/div>\n<div class=\"col-lg-6 pl-9\">\n\t<picture><source type=\"image\/webp\" srcset=\"data:image\/svg+xml,%3Csvg%20xmlns='http:\/\/www.w3.org\/2000\/svg'%20viewBox='0%200%201244%201209'%20xml:space='preserve'%3E%3C\/svg%3E 1x\" data-srcset=\"https:\/\/www.jtl-software.com\/uploads\/2025\/10\/jtl-jera-datev-nahtlose-integration-demo.png.webp 1x, https:\/\/www.jtl-software.com\/uploads\/2025\/10\/jtl-jera-datev-nahtlose-integration-demo.png.webp 1x\"><source type=\"image\/png\" srcset=\"data:image\/svg+xml,%3Csvg%20xmlns='http:\/\/www.w3.org\/2000\/svg'%20viewBox='0%200%201244%201209'%20xml:space='preserve'%3E%3C\/svg%3E 1x\" data-srcset=\"https:\/\/www.jtl-software.com\/uploads\/2025\/10\/jtl-jera-datev-nahtlose-integration-demo.png 1x, https:\/\/www.jtl-software.com\/uploads\/2025\/10\/jtl-jera-datev-nahtlose-integration-demo.png 1x\"><img loading=\"lazy\" decoding=\"async\" class=\"rounded-top-left rounded-top-right rounded-bottom-left rounded-bottom-right mt-5 mr-auto ml-auto mt-lg-0 lazy img-fluid border-solid \" src=\"data:image\/svg+xml,%3Csvg%20xmlns='http:\/\/www.w3.org\/2000\/svg'%20viewBox='0%200%201244%201209'%20xml:space='preserve'%3E%3C\/svg%3E\" data-src=\"https:\/\/www.jtl-software.com\/uploads\/2025\/10\/jtl-jera-datev-nahtlose-integration-demo.png\" width=\"1244\" height=\"1209\" alt><\/picture><\/div>\n\t\t\t\t\t\t<\/div>\n\t\t\t\t\t\t\t<\/div>\n\t\t\t\t<\/section>\n\t\t\t<section class=\"animate__animated\" data-animate=\"fadeIn\">\n\t\t\t\t\t<div class=\"container\">\n\t\t\t\t\t\t\t\t<div class=\"row\">\n\t\t\t\t\t\t\t<div class=\"order-2 col-lg-6 order-lg-1 pr-9\">\n\t<picture><source type=\"image\/webp\" srcset=\"data:image\/svg+xml,%3Csvg%20xmlns='http:\/\/www.w3.org\/2000\/svg'%20viewBox='0%200%201244%201209'%20xml:space='preserve'%3E%3C\/svg%3E 1x\" data-srcset=\"https:\/\/www.jtl-software.com\/uploads\/2025\/10\/jtl-jera-datev-digitale-buchhaktung-demo.png.webp 1x, https:\/\/www.jtl-software.com\/uploads\/2025\/10\/jtl-jera-datev-digitale-buchhaktung-demo.png.webp 1x\"><source type=\"image\/png\" srcset=\"data:image\/svg+xml,%3Csvg%20xmlns='http:\/\/www.w3.org\/2000\/svg'%20viewBox='0%200%201244%201209'%20xml:space='preserve'%3E%3C\/svg%3E 1x\" data-srcset=\"https:\/\/www.jtl-software.com\/uploads\/2025\/10\/jtl-jera-datev-digitale-buchhaktung-demo.png 1x, https:\/\/www.jtl-software.com\/uploads\/2025\/10\/jtl-jera-datev-digitale-buchhaktung-demo.png 1x\"><img loading=\"lazy\" decoding=\"async\" class=\"rounded-top-left rounded-top-right rounded-bottom-left rounded-bottom-right mt-5 mr-auto ml-auto mt-lg-0 lazy img-fluid border-solid \" src=\"data:image\/svg+xml,%3Csvg%20xmlns='http:\/\/www.w3.org\/2000\/svg'%20viewBox='0%200%201244%201209'%20xml:space='preserve'%3E%3C\/svg%3E\" data-src=\"https:\/\/www.jtl-software.com\/uploads\/2025\/10\/jtl-jera-datev-digitale-buchhaktung-demo.png\" width=\"1244\" height=\"1209\" alt><\/picture><\/div>\n<div class=\"order-1 col-lg-6 order-lg-2\">\n\t<style>\n\t.utils-69eb64b6c211e { color: #FF9A26 !important; }\n<\/style><span class=\"text-uppercase font-weight-bold mt-0 mb-2 utils-69eb64b6c211e h5\">Good to know<\/span><style>\n\t.utils-69eb64b6c228d { color: #333333 !important; }\n<\/style><h2 id=\"anchor-social-commerce\" class=\"font-weight-normal mt-0 mb-5 utils-69eb64b6c228d line-none font-proxima-nova\">Erlebe <span class=\"font-weight-bold\">digitale Buchhaltung<\/span> auf dem n\u00e4chsten Level<a href=\"#social-commerce\" class=\"far fa-link headline-link\" data-href=\"#social-commerce\"><\/a><\/h2><p>JERA macht mit der <strong>JTL2DATEV<\/strong> <strong>JTL-Edition<\/strong> den Austausch zwischen JTL und DATEV so einfach wie nie.<\/p>\n<p>In unseren Partner-Artikeln erf\u00e4hrst du noch mehr \u00fcber die Hintergr\u00fcnde und Vorteile:<\/p>\n<ul class=\"list-icons\">\n\t<li><span style=\"color:#FF9A26;\" class=\"fal fa-arrow-right fa-fw list-icon\"><\/span><a href=\"https:\/\/www.fibu-schnittstelle.com\/blog\/datev-buchungsdatenservice-fibu-schnittstelle-mit-comfort\"  target='_blank' rel='noopener noreferrer' rel=\"noopener\">DATEV Buchungsdatenservice \u2013 FIBU-Schnittstelle mit Komfort<\/a><\/li><li><span style=\"color:#FF9A26;\" class=\"fal fa-arrow-right fa-fw list-icon\"><\/span><a href=\"https:\/\/www.fibu-schnittstelle.com\/blog\/detail\/sCategory\/78\/blogArticle\/292\"  target='_blank' rel='noopener noreferrer' rel=\"noopener\">Was ist eigentlich der DATEV Buchungsdatenservice? Und was hat die Schnittstelle damit zu tun?<\/a><\/li><\/ul><div class=\"product-buttons-group mt-5\">\n                <a class=\"product-button-group__button--with-icon no-icon has-wawi-gradient\" href=\"https:\/\/guide.jtl-software.com\/jtl-wawi\/zahlungen\/umstieg-vom-rechnungsdatenservice-2-0-zu-jtl2datev-jtl-edition\/\" target=\"_blank\">\n                                    <span class=\"product-button-group__button--with-icon__text\">Dokumentation JTL2DATEV JTL-Edition<\/span>\n            <\/a>\n    <\/div><\/div>\n\t\t\t\t\t\t<\/div>\n\t\t\t\t\t\t\t<\/div>\n\t\t\t\t<\/section>\n\t","protected":false},"excerpt":{"rendered":"POWERED BY JERAJetzt zukunftsorientiert auf den Buchungsdatenservice von JERA umsteigen Mit dem DATEV Buchungsdatenservice\u00a0von JERA, der JTL voll unterst\u00fctzt, bleibst du zuk\u00fcnftig gesetzeskonform und profitierst von neuen Funktionen! Die Registrierung wird zuk\u00fcnftig automatisch \u00fcber JTL laufen! Bis das m\u00f6glich ist, erstellt bitte ein Ticket bei JERA. Gepr\u00fcfte DATEV-Schnittstelle mit sicherer Daten\u00fcbertragungKeine doppelte Abstimmung mit dem","protected":false},"author":4,"featured_media":0,"parent":0,"menu_order":0,"comment_status":"closed","ping_status":"closed","template":"page-templates\/product-landing.php","meta":{"_acf_changed":false,"footnotes":""},"class_list":["post-278558","page","type-page","status-publish","hentry"],"acf":[],"_links":{"self":[{"href":"https:\/\/www.jtl-software.com\/de\/wp-json\/wp\/v2\/pages\/278558","targetHints":{"allow":["GET"]}}],"collection":[{"href":"https:\/\/www.jtl-software.com\/de\/wp-json\/wp\/v2\/pages"}],"about":[{"href":"https:\/\/www.jtl-software.com\/de\/wp-json\/wp\/v2\/types\/page"}],"author":[{"embeddable":true,"href":"https:\/\/www.jtl-software.com\/de\/wp-json\/wp\/v2\/users\/4"}],"replies":[{"embeddable":true,"href":"https:\/\/www.jtl-software.com\/de\/wp-json\/wp\/v2\/comments?post=278558"}],"version-history":[{"count":9,"href":"https:\/\/www.jtl-software.com\/de\/wp-json\/wp\/v2\/pages\/278558\/revisions"}],"predecessor-version":[{"id":296410,"href":"https:\/\/www.jtl-software.com\/de\/wp-json\/wp\/v2\/pages\/278558\/revisions\/296410"}],"wp:attachment":[{"href":"https:\/\/www.jtl-software.com\/de\/wp-json\/wp\/v2\/media?parent=278558"}],"curies":[{"name":"wp","href":"https:\/\/api.w.org\/{rel}","templated":true}]}}