{"id":236585,"date":"2025-08-11T09:14:24","date_gmt":"2025-08-11T07:14:24","guid":{"rendered":"https:\/\/www.jtl-software.com\/?page_id=236585"},"modified":"2026-03-16T10:35:19","modified_gmt":"2026-03-16T09:35:19","slug":"preise-und-editionen","status":"publish","type":"page","link":"https:\/\/www.jtl-software.com\/de\/preise-und-tarife","title":{"rendered":"Preise und Tarife"},"content":{"rendered":"<style>\n\t.utils-69e1ea4b62a6b { background-repeat: no-repeat !important; }\n<\/style>\t\t<section class=\"price-heading-landing partner-heading-landing orange utils-69e1ea4b62a6b\">\n\t\t\t\t\t<div class=\"container\">\n\t\t\t\t\t\t\t\t<div class=\"row\">\n\t\t\t\t\t\t\t<style>\n\t.utils-69e1ea4b63163 { color: #333333 !important; }\n<\/style><div class=\"col-lg-12 hero-product-section__content utils-69e1ea4b63163\">\n\t<h2 class=\"product-price-section__overtitle text-uppercase h3\">Alle JTL-Pakete &amp; Preise<\/h2><h1 class=\"product-price-section__title h3\">Flexibel starten.<span class=\"font-weight-bold\"> Skalierbar wachsen.<\/span><\/h1><\/div>\n<div class=\"col-lg-12\">\n\t<style>\n\t.utils-69e1ea4b63806 { background-color: #FFE1BE !important; background-repeat: no-repeat !important; }\n\n\t@media (min-width: 768px) {\n\t\t.utils-69e1ea4b63806 { background-image: url(\"https:\/\/www.jtl-software.com\/uploads\/2025\/08\/Frame-427321556.png\") !important; background-position-y: top !important; background-position-x: left !important; }\n\t\t.webp .utils-69e1ea4b63806 { background-image: url(\"https:\/\/www.jtl-software.com\/uploads\/2025\/08\/Frame-427321556.png.webp\") !important; }\n\t}\n<\/style><div class=\"container-product-payments-card basic-br container-product-payments-card mt-5 border-top-0 border-right-0 border-bottom-0 border-left-0 utils-69e1ea4b63806 card d-none\">\n\t<div class=\"card-body\">\n\t\t\t<div class=\"row\">\n\t\t<div class=\"col-lg-5 pr-xl-8\">\n\t<h2 class=\"text-gray-333 font-weight-normal line-none\"><span class=\"font-weight-bold\">Neue Funktionen und Tarife<\/span> ab April 2026<\/h2><\/div><div class=\"col-lg-7 pl-xl-10\">\n\t<p>Wir entwickeln das JTL-\u00d6kosystem kontinuierlich weiter \u2013 mit neuen Funktionen, Produkten und leistungsstarken Integrationen f\u00fcr nachhaltiges Wachstum. Deshalb passen wir unsere Angebotsstruktur zum <strong>01. April 2026<\/strong> an. Alle neuen Preise, Editionen, Leistungen und FAQ findest du ab sofort hier:<\/p>\n<div class=\"product-buttons-group mt-5\">\n            <a class=\"product-button-group__button no-icon has-wawi-gradient\" href=\"\/de\/angebotsgestaltung-ab-april-2026\">\n    <span class=\"product-button-group__button__text\">Mehr erfahren<\/span>\n<\/a>\n    <\/div><\/div>\t<\/div>\n\t<\/div>\n\t<\/div><style>\n\t.utils-69e1ea4b6519f { background-color: #FFE1BE !important; background-repeat: no-repeat !important; }\n\n\t@media (min-width: 768px) {\n\t\t.utils-69e1ea4b6519f { background-image: url(\"https:\/\/www.jtl-software.com\/uploads\/2025\/08\/Frame-427321556.png\") !important; background-position-y: top !important; background-position-x: left !important; }\n\t\t.webp .utils-69e1ea4b6519f { background-image: url(\"https:\/\/www.jtl-software.com\/uploads\/2025\/08\/Frame-427321556.png.webp\") !important; }\n\t}\n<\/style><div class=\"container-product-payments-card basic-br mt-5 border-top-0 border-right-0 border-bottom-0 border-left-0 utils-69e1ea4b6519f card\">\n\t<div class=\"card-body\">\n\t\t\t<div class=\"row\">\n\t\t<div class=\"col-lg-5 pr-xl-8\">\n\t<h2 id=\"anchor-neue-funktionen-und-tarife\" class=\"product-payments-section__title text-gray-333 font-weight-normal line-none\"><span class=\"font-weight-bold\">Neue Funktionen und Tarife<\/span><a href=\"#neue-funktionen-und-tarife\" class=\"far fa-link headline-link\" data-href=\"#neue-funktionen-und-tarife\"><\/a><\/h2><\/div><div class=\"col-lg-7 pl-xl-10\">\n\t<p>Wir entwickeln das JTL-\u00d6kosystem kontinuierlich weiter \u2013 mit neuen Funktionen, Produkten und leistungsstarken Integrationen f\u00fcr nachhaltiges Wachstum. Deshalb haben wir unsere Angebotsstrukrur angepasst.<\/p>\n<p><strong>F\u00fcr alle Bestandskunden<\/strong>: Alle \u00c4nderungen inkl. FAQ findest du ab sofort <a href=\"https:\/\/www.jtl-software.com\/de\/angebotsgestaltung-ab-april-2026\">hier<\/a>.<\/p>\n<\/div>\t<\/div>\n\t<\/div>\n\t<\/div><\/div>\n\t\t\t\t\t\t<\/div>\n\t\t\t\t\t\t\t<\/div>\n\t\t\t\t<\/section>\n\t<style>\n\t.utils-69e1ea4b660a8 { background-repeat: no-repeat !important; }\n<\/style>\t\t<section class=\"product-accordion-section\">\n\t\t\t\t\t<div class=\"container\">\n\t\t\t\t\t\t\t\t<div class=\"row\">\n\t\t\t\t\t\t\t<div class=\"col\">\n\t<h2 class=\"product-accordion-section__title\"><span class=\"font-weight-bold\">Fragen und Antworten<\/span> zu unserer Warenwirtschaftssystem Software<\/h2><div class=\"product-accordion\" itemscope itemtype=\"https:\/\/schema.org\/FAQPage\">\n            \n<div class=\"product-accordion__item\" id=\"\" itemscope itemprop=\"mainEntity\" itemtype=\"https:\/\/schema.org\/Question\">\n    <button class=\"product-accordion__item--button\">\n    <span class=\"product-accordion__item--button-title\" itemprop=\"name\">Was ist JTL-Wawi?<\/span>\n    <i class=\"fa-solid fa-plus\" style=\"color:#FF9A26;\"><\/i>\n    <i class=\"fa-solid fa-minus\" style=\"color:#FF9A26;\"><\/i>\n    <\/button>\n            <div class=\"product-accordion__item--panel\" itemscope=\"\" itemprop=\"acceptedAnswer\" itemtype=\"https:\/\/schema.org\/Answer\">\n            <div class=\"product-accordion__item--panel-wrapper\" itemprop=\"text\">\n                <p>JTL-Wawi ist ein leistungsstarkes Warenwirtschaftssystem f\u00fcr den modernen Multichannell-Handel. Es vernetzt und automatisiert alle zentralen Gesch\u00e4ftsbereiche \u2013 von der Produktdatenpflege \u00fcber Einkauf, Verkauf, Lager und Versand bis hin zur Verwaltung deiner Verkaufskan\u00e4le, Finanzbuchhaltung und Produktionsprozesse. Mit Schnittstellen zu Shopsystemen, Marktpl\u00e4tzen und Kassensystem steuerst du alle Angebote und Auftr\u00e4ge zentral in einer Oberfl\u00e4che. Ob kleines Start-up oder wachsender Mittelstand: JTL-Wawi bietet dir eine skalierbare L\u00f6sung passgenauer Erweiterbarkeit und REST-API \u2013 ganz ohne Risiko und mit voller Kontrolle.<\/p>\n            <\/div>\n        <\/div>\n    <\/div>\n<div class=\"product-accordion__item\" id=\"\" itemscope itemprop=\"mainEntity\" itemtype=\"https:\/\/schema.org\/Question\">\n    <button class=\"product-accordion__item--button\">\n    <span class=\"product-accordion__item--button-title\" itemprop=\"name\">Ist JTL-Wawi kostenlos?<\/span>\n    <i class=\"fa-solid fa-plus\" style=\"color:#FF9A26;\"><\/i>\n    <i class=\"fa-solid fa-minus\" style=\"color:#FF9A26;\"><\/i>\n    <\/button>\n            <div class=\"product-accordion__item--panel\" itemscope=\"\" itemprop=\"acceptedAnswer\" itemtype=\"https:\/\/schema.org\/Answer\">\n            <div class=\"product-accordion__item--panel-wrapper\" itemprop=\"text\">\n                <p>Ja, wir bieten JTL-Wawi als lokale Version f\u00fcr 0\u202f\u20ac zum Download an. In der Edition JTL Start ist die Warenwirtschaftsl\u00f6sung dauerhaft gratis nutzbar \u2013 ohne versteckte Kosten oder nachtr\u00e4gliche Einschr\u00e4nkungen im Funktionsumfang. Wenn dein Business und deine Anforderungen wachsen, kannst du flexibel auf eine andere Edition mit erweiterten Funktionen umsteigen \u2013 ganz ohne Mindestvertragslaufzeit. Auch unsere kostenpflichtigen Editionen z\u00e4hlen mit ihrem Preis-Leistungs-Verh\u00e4ltnis zu den attraktivsten Angeboten im Markt.<\/p>\n            <\/div>\n        <\/div>\n    <\/div>\n<div class=\"product-accordion__item\" id=\"\" itemscope itemprop=\"mainEntity\" itemtype=\"https:\/\/schema.org\/Question\">\n    <button class=\"product-accordion__item--button\">\n    <span class=\"product-accordion__item--button-title\" itemprop=\"name\">Ab wann lohnt sich ein Warenwirtschaftssystem f\u00fcr mich?<\/span>\n    <i class=\"fa-solid fa-plus\" style=\"color:#FF9A26;\"><\/i>\n    <i class=\"fa-solid fa-minus\" style=\"color:#FF9A26;\"><\/i>\n    <\/button>\n            <div class=\"product-accordion__item--panel\" itemscope=\"\" itemprop=\"acceptedAnswer\" itemtype=\"https:\/\/schema.org\/Answer\">\n            <div class=\"product-accordion__item--panel-wrapper\" itemprop=\"text\">\n                <p>Unsere Warenwirtschaftsl\u00f6sung lohnt sich bereits f\u00fcr kleine Onlineh\u00e4ndler. Die kostenlose Edition JTL-Start erm\u00f6glicht dir den Einstieg ohne Risiko und ohne hohes Startkapital. Wenn dein Business erfolgreich w\u00e4chst, skalierst du einfach mit passenden Anwendungen und Services \u2013 und zahlst erst dann mehr. Selbst 50.000 Pakete im Monat lassen sich mit JTL-Wawi reibungslos abwickeln, sodass du f\u00fcr jedes E-Commerce-Level optimal ger\u00fcstet bist.<\/p>\n            <\/div>\n        <\/div>\n    <\/div>\n<div class=\"product-accordion__item\" id=\"\" itemscope itemprop=\"mainEntity\" itemtype=\"https:\/\/schema.org\/Question\">\n    <button class=\"product-accordion__item--button\">\n    <span class=\"product-accordion__item--button-title\" itemprop=\"name\">Wo bekomme ich den besten \u00dcberblick zu JTL-Wawi?<\/span>\n    <i class=\"fa-solid fa-plus\" style=\"color:#FF9A26;\"><\/i>\n    <i class=\"fa-solid fa-minus\" style=\"color:#FF9A26;\"><\/i>\n    <\/button>\n            <div class=\"product-accordion__item--panel\" itemscope=\"\" itemprop=\"acceptedAnswer\" itemtype=\"https:\/\/schema.org\/Answer\">\n            <div class=\"product-accordion__item--panel-wrapper\" itemprop=\"text\">\n                <p>Einmal pro Woche bieten wir ein <a href=\"https:\/\/www.jtl-software.com\/de\/hilfecenter\/webinare#woechentliches-einsteigerwebinar\">kostenfreies Einsteigerwebinar<\/a> an. Es richtet sich an alle, die sich einen \u00dcberblick \u00fcber Produkte, Funktionen und Einsatzm\u00f6glichkeiten von JTL-Software verschaffen m\u00f6chten.<\/p>\n            <\/div>\n        <\/div>\n    <\/div>\n<div class=\"product-accordion__item\" id=\"\" itemscope itemprop=\"mainEntity\" itemtype=\"https:\/\/schema.org\/Question\">\n    <button class=\"product-accordion__item--button\">\n    <span class=\"product-accordion__item--button-title\" itemprop=\"name\">Kann ich das Warenwirtschaftsprogramm als Middleware f\u00fcr meine aktuellen L\u00f6sungen nutzen?<\/span>\n    <i class=\"fa-solid fa-plus\" style=\"color:#FF9A26;\"><\/i>\n    <i class=\"fa-solid fa-minus\" style=\"color:#FF9A26;\"><\/i>\n    <\/button>\n            <div class=\"product-accordion__item--panel\" itemscope=\"\" itemprop=\"acceptedAnswer\" itemtype=\"https:\/\/schema.org\/Answer\">\n            <div class=\"product-accordion__item--panel-wrapper\" itemprop=\"text\">\n                <p>Ja, \u00fcber die REST-API sowie fertige Schnittstellen und Connectoren l\u00e4sst sich JTL-Wawi nahtlos in bestehende Systeme integrieren. Wenn du z.\u202fB. verschiedene L\u00f6sungen f\u00fcr Onlineshop, CRM, Lager- und Fulfillment oder andere ERP-Software einsetzt, kannst du unser Warenwirtschaftssystem als verbindende Middleware nutzen.<\/p>\n            <\/div>\n        <\/div>\n    <\/div>\n<div class=\"product-accordion__item\" id=\"\" itemscope itemprop=\"mainEntity\" itemtype=\"https:\/\/schema.org\/Question\">\n    <button class=\"product-accordion__item--button\">\n    <span class=\"product-accordion__item--button-title\" itemprop=\"name\">Wie migriere ich meine Daten aus meinem aktuellen System in JTL-Wawi?<\/span>\n    <i class=\"fa-solid fa-plus\" style=\"color:#FF9A26;\"><\/i>\n    <i class=\"fa-solid fa-minus\" style=\"color:#FF9A26;\"><\/i>\n    <\/button>\n            <div class=\"product-accordion__item--panel\" itemscope=\"\" itemprop=\"acceptedAnswer\" itemtype=\"https:\/\/schema.org\/Answer\">\n            <div class=\"product-accordion__item--panel-wrapper\" itemprop=\"text\">\n                <p>Du kannst deine Daten massenweise per CSV mit dem Import-Tool JTL-Ameise migrieren \u2013 ideal f\u00fcr Artikel, Kunden, Lieferanten und mehr. Nutze alternativ den Migrationsservice, um deine Daten schnell, sicher und strukturiert in das Warenwirtschaftssystem zu \u00fcbertragen. Unser Expertenteam analysiert deine Anforderung, entwickelt eine individuelle Importl\u00f6sung und sorgt f\u00fcr einen reibungslosen Wechsel \u2013 ohne Datenverlust und ohne Unterbrechung deines laufenden Betriebs. Alternativ kannst du deine Daten massenweise per CSV mit dem Import-Tool JTL-Ameise selbst migrieren \u2013 ideal f\u00fcr Artikel, Kunden, Lieferanten und mehr.<\/p>\n<p><a href=\"https:\/\/www.jtl-software.de\/jtl-store\/services\/migrationsservice\">Mehr zum Migrationsservice erfahren<\/a><\/p>\n            <\/div>\n        <\/div>\n    <\/div>\n<div class=\"product-accordion__item\" id=\"\" itemscope itemprop=\"mainEntity\" itemtype=\"https:\/\/schema.org\/Question\">\n    <button class=\"product-accordion__item--button\">\n    <span class=\"product-accordion__item--button-title\" itemprop=\"name\">Kann ich JTL-Wawi auch auf dem Mac nutzen?<\/span>\n    <i class=\"fa-solid fa-plus\" style=\"color:#FF9A26;\"><\/i>\n    <i class=\"fa-solid fa-minus\" style=\"color:#FF9A26;\"><\/i>\n    <\/button>\n            <div class=\"product-accordion__item--panel\" itemscope=\"\" itemprop=\"acceptedAnswer\" itemtype=\"https:\/\/schema.org\/Answer\">\n            <div class=\"product-accordion__item--panel-wrapper\" itemprop=\"text\">\n                <p>Die lokale Version von JTL-Wawi ist f\u00fcr Windows optimiert. Wenn du mit macOS arbeitest, kannst du die Warenwirtschaft online in der JTL-Wawi Cloud nutzen \u2013 direkt im Browser oder via CloudAPP Launcher. So bleibst du unabh\u00e4ngig vom Betriebssystem und greifst jederzeit flexibel auf dein Warenwirtschaftsprogramm zu.<\/p>\n<p><a href=\"https:\/\/www.jtl-software.com\/de\/warenwirtschaftssystem-software\/jtl-warenwirtschaft-cloud\">Mehr \u00fcber JTL-Wawi Cloud erfahren<\/a><\/p>\n            <\/div>\n        <\/div>\n    <\/div>\n<div class=\"product-accordion__item\" id=\"\" itemscope itemprop=\"mainEntity\" itemtype=\"https:\/\/schema.org\/Question\">\n    <button class=\"product-accordion__item--button\">\n    <span class=\"product-accordion__item--button-title\" itemprop=\"name\">Kann ich mir bei der Installation von JTL-Wawi helfen lassen?<\/span>\n    <i class=\"fa-solid fa-plus\" style=\"color:#FF9A26;\"><\/i>\n    <i class=\"fa-solid fa-minus\" style=\"color:#FF9A26;\"><\/i>\n    <\/button>\n            <div class=\"product-accordion__item--panel\" itemscope=\"\" itemprop=\"acceptedAnswer\" itemtype=\"https:\/\/schema.org\/Answer\">\n            <div class=\"product-accordion__item--panel-wrapper\" itemprop=\"text\">\n                <p>Ja, unser Installationsservice unterst\u00fctzt dich beim Aufsetzen des JTL-Wawi Systems\u2013 ob f\u00fcr einen einzelnen Arbeitsplatz oder ein ganzes Team. Auch die SQL-Server-Konfiguration \u00fcbernehmen unsere Experten gerne f\u00fcr dich.<\/p>\n<p>Mehr \u00fcber den <a href=\"https:\/\/www.jtl-software.de\/jtl-store\/services\/installation-jtl-wawi-einzelplatz\"  target='_blank' rel='noopener noreferrer' rel=\"noopener\">Installationsservice Einzelplatzbetrieb<\/a> und <a href=\"https:\/\/www.jtl-software.de\/jtl-store\/services\/installation-jtl-wawi-mehrplatz\"  target='_blank' rel='noopener noreferrer' rel=\"noopener\">Mehrplatzbetrieb<\/a> erfahren<\/p>\n            <\/div>\n        <\/div>\n    <\/div>\n<div class=\"product-accordion__item\" id=\"\" itemscope itemprop=\"mainEntity\" itemtype=\"https:\/\/schema.org\/Question\">\n    <button class=\"product-accordion__item--button\">\n    <span class=\"product-accordion__item--button-title\" itemprop=\"name\">Gibt es Unterst\u00fctzung bei der Ersteinrichtung von JTL-Wawi?<\/span>\n    <i class=\"fa-solid fa-plus\" style=\"color:#FF9A26;\"><\/i>\n    <i class=\"fa-solid fa-minus\" style=\"color:#FF9A26;\"><\/i>\n    <\/button>\n            <div class=\"product-accordion__item--panel\" itemscope=\"\" itemprop=\"acceptedAnswer\" itemtype=\"https:\/\/schema.org\/Answer\">\n            <div class=\"product-accordion__item--panel-wrapper\" itemprop=\"text\">\n                <p>Ja, unser Einrichtungsservice legt deinen Firmenmandanten f\u00fcr dich an \u2013 inklusive Beispielartikel, Kunden, Kategorie und optionaler Anbindung von JTL-Shop, Marktpl\u00e4tzen oder Zahlungsmodul.<\/p>\n<p><a href=\"https:\/\/www.jtl-software.de\/jtl-store\/services\/einrichtung-jtl-wawi\"  target='_blank' rel='noopener noreferrer' rel=\"noopener\">Mehr \u00fcber den Einrichtungsservice erfahren<\/a><\/p>\n            <\/div>\n        <\/div>\n    <\/div>    <\/div><\/div>\n\t\t\t\t\t\t<\/div>\n\t\t\t\t\t\t\t<\/div>\n\t\t\t\t<\/section>\n\t","protected":false},"excerpt":{"rendered":"Alle JTL-Pakete &amp; PreiseFlexibel starten. Skalierbar wachsen. Neue Funktionen und Tarife ab April 2026 Wir entwickeln das JTL-\u00d6kosystem kontinuierlich weiter \u2013 mit neuen Funktionen, Produkten und leistungsstarken Integrationen f\u00fcr nachhaltiges Wachstum. Deshalb passen wir unsere Angebotsstruktur zum 01. April 2026 an. Alle neuen Preise, Editionen, Leistungen und FAQ findest du ab sofort hier: Mehr erfahren","protected":false},"author":131,"featured_media":0,"parent":0,"menu_order":0,"comment_status":"closed","ping_status":"closed","template":"page-templates\/prices-new.php","meta":{"_acf_changed":false,"footnotes":""},"class_list":["post-236585","page","type-page","status-publish","hentry"],"acf":[],"_links":{"self":[{"href":"https:\/\/www.jtl-software.com\/de\/wp-json\/wp\/v2\/pages\/236585","targetHints":{"allow":["GET"]}}],"collection":[{"href":"https:\/\/www.jtl-software.com\/de\/wp-json\/wp\/v2\/pages"}],"about":[{"href":"https:\/\/www.jtl-software.com\/de\/wp-json\/wp\/v2\/types\/page"}],"author":[{"embeddable":true,"href":"https:\/\/www.jtl-software.com\/de\/wp-json\/wp\/v2\/users\/131"}],"replies":[{"embeddable":true,"href":"https:\/\/www.jtl-software.com\/de\/wp-json\/wp\/v2\/comments?post=236585"}],"version-history":[{"count":17,"href":"https:\/\/www.jtl-software.com\/de\/wp-json\/wp\/v2\/pages\/236585\/revisions"}],"predecessor-version":[{"id":302191,"href":"https:\/\/www.jtl-software.com\/de\/wp-json\/wp\/v2\/pages\/236585\/revisions\/302191"}],"wp:attachment":[{"href":"https:\/\/www.jtl-software.com\/de\/wp-json\/wp\/v2\/media?parent=236585"}],"curies":[{"name":"wp","href":"https:\/\/api.w.org\/{rel}","templated":true}]}}