{"id":206752,"date":"2024-05-14T11:39:39","date_gmt":"2024-05-14T09:39:39","guid":{"rendered":"https:\/\/www.jtl-software.com\/?page_id=206752"},"modified":"2026-04-20T15:59:13","modified_gmt":"2026-04-20T13:59:13","slug":"willkommen-bei-der-jtl-group","status":"publish","type":"page","link":"https:\/\/www.jtl-software.com\/de\/willkommen-bei-der-jtl-group","title":{"rendered":"Willkommen bei der JTL-Group"},"content":{"rendered":"\t\t<section>\n\t\t\t\t\t<div class=\"container\">\n\t\t\t\t\t\t\t\t<div class=\"row\">\n\t\t\t\t\t\t\t<div class=\"col\">\n\t\t<div class=\"row\">\n\t\t<div class=\"col-lg-10\">\n\t<span id=\"anchor-willkommen-bei-der-jtl-group\" class=\"font-weight-normal h4\">Willkommen bei der JTL-Group<a href=\"#willkommen-bei-der-jtl-group\" class=\"far fa-link headline-link\" data-href=\"#willkommen-bei-der-jtl-group\"><\/a><\/span><h1 id=\"anchor-die-jtl-group\">Die JTL-Group<a href=\"#die-jtl-group\" class=\"far fa-link headline-link\" data-href=\"#die-jtl-group\"><\/a><\/h1><p>Die JTL-Group besteht aus den Unternehmen JTL-Software-GmbH (JTL), GREYHOUND Software GmbH (GREYHOUND), JERA GmbH (JERA), countX GmbH (countX), Senddirect B.V. (returnless), Dealavo Sp. z o.o. (Dealavo), Bringly B.V. (Bringly), FFN Connect GmbH (FFN Connect) sowie FOC Solutions GmbH (FOC Solutions), welche unter dem Dach von JTL vereint sind.<\/p>\n<p>Die Unternehmen innerhalb der JTL-Group sind auf unterschiedliche Fachbereiche innerhalb des E-Commerce- und Multichannel-Handels spezialisiert und bieten entsprechende Software-L\u00f6sungen und Dienstleistungen an. Dazu geh\u00f6ren unter anderem automatisierte Kundenkommunikation, Dokumentenmanagement (CRM\/DMS), Schnittstellen zur vereinfachten Abwicklung der Finanzbuchhaltung, Versand- und Retourenmanagement sowie L\u00f6sungen zur Vereinfachung der Umsatzsteuerabwicklung f\u00fcr Onlineh\u00e4ndler.<\/p>\n<p>Die JTL-Group entwickelt sich stetig weiter, um durch die Aufnahme neuer Partner ihre Dienstleistungen und das Produktportfolio kontinuierlich zu erweitern. Zusammen streben wir danach, den Handel \u00fcber Grenzen hinweg zu st\u00e4rken und unseren Kunden innovative L\u00f6sungen zu bieten, die sie dabei unterst\u00fctzen, erfolgreich zu sein.<\/p>\n<span id=\"anchor-jtl\" class=\"mt-5 h5\">JTL<a href=\"#jtl\" class=\"far fa-link headline-link\" data-href=\"#jtl\"><\/a><\/span><p>JTL-Software-GmbH<br \/>\nRheinstr. 7<br \/>\n41836 H\u00fcckelhoven<br \/>\nDeutschland<br \/>\nE-Mail: <a href=\"mailto:info@jtl-software.de\">info@jtl-software.de<\/a><br \/>\nTelefon: +49 2433 8056801<br \/>\nFax: +49 2433 970433<\/p>\n<span id=\"anchor-greyhound\" class=\"mt-5 h5\">GREYHOUND<a href=\"#greyhound\" class=\"far fa-link headline-link\" data-href=\"#greyhound\"><\/a><\/span><p>GREYHOUND Software GmbH<br \/>\nSegelfliegerweg 53<br \/>\n49324 Melle<br \/>\nDeutschland<br \/>\nE-Mail: <a href=\"mailto:team@greyhound-software.com\">team@greyhound-software.com<\/a><br \/>\nTelefon: +49 541 507990 0<br \/>\nFax: +49 541 507990 99<\/p>\n<span id=\"anchor-countx\" class=\"h5\">countX<a href=\"#countx\" class=\"far fa-link headline-link\" data-href=\"#countx\"><\/a><\/span><p>countX GmbH<br \/>\nChausseestra\u00dfe 6<br \/>\n10115 Berlin<br \/>\nDeutschland<br \/>\nE-Mail: <a href=\"mailto:hello@countx.com\">hello@countx.com<\/a><br \/>\nTelefon: +49 30 6293155 0<\/p>\n<span id=\"anchor-jera\" class=\"h5\">JERA<a href=\"#jera\" class=\"far fa-link headline-link\" data-href=\"#jera\"><\/a><\/span><p>JERA GmbH<br \/>\nReutener Stra\u00dfe 4<br \/>\n79279 V\u00f6rstetten<br \/>\nDeutschland<br \/>\nE-Mail: <a href=\"mailto:info@jera-software.de\">info@jera-software.de<\/a><br \/>\nTelefon: +49 7666 94 29 50<\/p>\n<span id=\"anchor-returnless\" class=\"h5\">returnless<a href=\"#returnless\" class=\"far fa-link headline-link\" data-href=\"#returnless\"><\/a><\/span><p>Senddirect B.V.<br \/>\nStadhuisplein 10<br \/>\n5611 EM Eindhoven<br \/>\nThe Netherlands<br \/>\nE-Mail: <a href=\"mailto:support@returnless.com\" rel=\"noopener\">support@returnless.com<\/a><\/p>\n<span id=\"anchor-dealavo\" class=\"h5\">Dealavo<a href=\"#dealavo\" class=\"far fa-link headline-link\" data-href=\"#dealavo\"><\/a><\/span><p>Dealavo Sp. z o.o.<br \/>\nW\u0142odarzewska 33\/6<br \/>\n02-384 Warsaw<br \/>\nPolen<br \/>\nE-Mail: <a href=\"contactDE@dealavo.com\" rel=\"noopener\">contactDE@dealavo.com<\/a><br \/>\nTelefon: +49 151 20517324<\/p>\n<span id=\"anchor-bringly\" class=\"h5\">Bringly<a href=\"#bringly\" class=\"far fa-link headline-link\" data-href=\"#bringly\"><\/a><\/span><p>Bringly B.V.<br \/>\nHerengracht 420<br \/>\n1017 BZ Amsterdam<br \/>\nThe Netherlands<\/p>\n<span id=\"anchor-ffn-connect\" class=\"h5\">FFN Connect<a href=\"#ffn-connect\" class=\"far fa-link headline-link\" data-href=\"#ffn-connect\"><\/a><\/span><p>FFN Connect GmbH<br \/>\nAm Eiswurmlager 4<br \/>\n01189 Dresden<br \/>\nE-Mail: <a href=\"mailto:info@ffn-connect.de\" rel=\"noopener\">info@ffn-connect.de<\/a><\/p>\n<span id=\"anchor-foc-solutions\" class=\"h5\">FOC Solutions<a href=\"#foc-solutions\" class=\"far fa-link headline-link\" data-href=\"#foc-solutions\"><\/a><\/span><p>FOC Solutions GmbH<br \/>\nTheodor-Storm-Str. 4<br \/>\n22941 Bargteheide<br \/>\nE-Mail: <a href=\"mailto:support@foc-solutions.de\">support@foc-solutions.de<\/a><br \/>\nTelefon: +49 45 32 99 93 111<\/p>\n<span id=\"anchor-beteiligung-unserer-tochterfirmen-an-der-verarbeitung-personenbezogener-daten\" class=\"h5\">Beteiligung unserer Tochterfirmen an der Verarbeitung personenbezogener Daten<a href=\"#beteiligung-unserer-tochterfirmen-an-der-verarbeitung-personenbezogener-daten\" class=\"far fa-link headline-link\" data-href=\"#beteiligung-unserer-tochterfirmen-an-der-verarbeitung-personenbezogener-daten\"><\/a><\/span><p>Unsere Tochterfirmen gleichen ihre Kundendaten mit denen von JTL ab, um eine konsistente Kundenkommunikation und -verwaltung zu gew\u00e4hrleisten. Eine andere Art der Verarbeitung, die \u00fcber diesen Abgleich hinausgeht, \ufb01ndet nicht statt. JTL bewirbt Produkte der Tochter\ufb01rmen und stellt sicher, dass die Verarbeitung personenbezogener Daten gem\u00e4\u00df den geltenden Datenschutzbestimmungen erfolgt.<\/p>\n<\/div>\t<\/div>\n<\/div>\n\t\t\t\t\t\t<\/div>\n\t\t\t\t\t\t\t<\/div>\n\t\t\t\t<\/section>\n\t","protected":false},"excerpt":{"rendered":"Willkommen bei der JTL-GroupDie JTL-GroupDie JTL-Group besteht aus den Unternehmen JTL-Software-GmbH (JTL), GREYHOUND Software GmbH (GREYHOUND), JERA GmbH (JERA), countX GmbH (countX), Senddirect B.V. (returnless), Dealavo Sp. z o.o. (Dealavo), Bringly B.V. (Bringly), FFN Connect GmbH (FFN Connect) sowie FOC Solutions GmbH (FOC Solutions), welche unter dem Dach von JTL vereint sind. Die Unternehmen innerhalb","protected":false},"author":34,"featured_media":0,"parent":0,"menu_order":0,"comment_status":"closed","ping_status":"closed","template":"","meta":{"_acf_changed":false,"footnotes":""},"class_list":["post-206752","page","type-page","status-publish","hentry"],"acf":[],"_links":{"self":[{"href":"https:\/\/www.jtl-software.com\/de\/wp-json\/wp\/v2\/pages\/206752","targetHints":{"allow":["GET"]}}],"collection":[{"href":"https:\/\/www.jtl-software.com\/de\/wp-json\/wp\/v2\/pages"}],"about":[{"href":"https:\/\/www.jtl-software.com\/de\/wp-json\/wp\/v2\/types\/page"}],"author":[{"embeddable":true,"href":"https:\/\/www.jtl-software.com\/de\/wp-json\/wp\/v2\/users\/34"}],"replies":[{"embeddable":true,"href":"https:\/\/www.jtl-software.com\/de\/wp-json\/wp\/v2\/comments?post=206752"}],"version-history":[{"count":13,"href":"https:\/\/www.jtl-software.com\/de\/wp-json\/wp\/v2\/pages\/206752\/revisions"}],"predecessor-version":[{"id":321314,"href":"https:\/\/www.jtl-software.com\/de\/wp-json\/wp\/v2\/pages\/206752\/revisions\/321314"}],"wp:attachment":[{"href":"https:\/\/www.jtl-software.com\/de\/wp-json\/wp\/v2\/media?parent=206752"}],"curies":[{"name":"wp","href":"https:\/\/api.w.org\/{rel}","templated":true}]}}