{"id":205153,"date":"2024-04-15T15:39:06","date_gmt":"2024-04-15T13:39:06","guid":{"rendered":"https:\/\/www.jtl-software.com\/?page_id=205153"},"modified":"2024-04-15T15:39:06","modified_gmt":"2024-04-15T13:39:06","slug":"beratungsanfrage-danke-wms-whitepaper","status":"publish","type":"page","link":"https:\/\/www.jtl-software.com\/de\/beratungsanfrage-danke-wms-whitepaper","title":{"rendered":"Beratungsanfrage &#8211; Danke &#8211; WMS-Whitepaper"},"content":{"rendered":"\t\t<section>\n\t\t\t\t\t<div class=\"container\">\n\t\t\t\t\t\t\t\t<div class=\"row\">\n\t\t\t\t\t\t\t<div class=\"col\">\n\t    <a href=\"https:\/\/www.jtl-software.de\/\" class=\"no-icon\">\n    <img loading=\"lazy\" decoding=\"async\" class=\"mr-auto ml-auto img-fluid lazy\" src=\"https:\/\/www.jtl-software.com\/site\/themes\/jtl\/dist\/images\/logos\/jtl-logo.svg\" width=\"104\" height=\"78\">\n    <\/a>\n<\/div>\n\t\t\t\t\t\t<\/div>\n\t\t\t\t\t\t\t<\/div>\n\t\t\t\t<\/section>\n\t\t\t<section>\n\t\t\t\t\t<div class=\"container\">\n\t\t\t\t\t\t\t\t<div class=\"row\">\n\t\t\t\t\t\t\t<div class=\"col\">\n\t\t<div class=\"row animate__animated\" data-animate=\"fadeInDown\">\n\t\t<div class=\"col-lg-12 justify-content-center mr-auto ml-auto mr-lg-auto ml-lg-auto\">\n\t<style>\n\t.utils-69e1ea034ecf2 { color: #000000 !important; }\n<\/style><h1 class=\"text-tertiary text-center mr-auto mb-4 ml-auto mr-lg-auto ml-lg-auto utils-69e1ea034ecf2 line-none font-proxima-nova\"><span class=\"text-half-bg-wms\">Vielen Dank!<\/span><\/h1>\t<div class=\"font-size-lg text-center justify-content-center mb-5\">\n<p>Danke f\u00fcr Dein Interesse an unseren Software-L\u00f6sungen!<\/p>\n<p>Wir melden uns in K\u00fcrze bei Dir!<\/p>\n\t<\/div>\n<div class=\"mr-auto ml-auto mr-lg-0 ml-lg-0 justify-content-center btn-wrapper\">\n\t<a class=\"mr-auto ml-auto mr-lg-0 ml-lg-0 btn btn-wms\" rel=\"noopener noreferrer\" target=\"_blank\" href=\"https:\/\/www.jtl-software.de\/\">\n\t\t\t\tZUR JTL-STARTSEITE\t\t<\/a><\/div><\/div>\t<\/div>\n<\/div>\n\t\t\t\t\t\t<\/div>\n\t\t\t\t\t\t\t<\/div>\n\t\t\t\t<\/section>\n\t","protected":false},"excerpt":{"rendered":"Vielen Dank! Danke f\u00fcr Dein Interesse an unseren Software-L\u00f6sungen! Wir melden uns in K\u00fcrze bei Dir! ZUR JTL-STARTSEITE","protected":false},"author":34,"featured_media":0,"parent":0,"menu_order":0,"comment_status":"closed","ping_status":"closed","template":"","meta":{"_acf_changed":false,"footnotes":""},"class_list":["post-205153","page","type-page","status-publish","hentry"],"acf":[],"_links":{"self":[{"href":"https:\/\/www.jtl-software.com\/de\/wp-json\/wp\/v2\/pages\/205153","targetHints":{"allow":["GET"]}}],"collection":[{"href":"https:\/\/www.jtl-software.com\/de\/wp-json\/wp\/v2\/pages"}],"about":[{"href":"https:\/\/www.jtl-software.com\/de\/wp-json\/wp\/v2\/types\/page"}],"author":[{"embeddable":true,"href":"https:\/\/www.jtl-software.com\/de\/wp-json\/wp\/v2\/users\/34"}],"replies":[{"embeddable":true,"href":"https:\/\/www.jtl-software.com\/de\/wp-json\/wp\/v2\/comments?post=205153"}],"version-history":[{"count":2,"href":"https:\/\/www.jtl-software.com\/de\/wp-json\/wp\/v2\/pages\/205153\/revisions"}],"predecessor-version":[{"id":205159,"href":"https:\/\/www.jtl-software.com\/de\/wp-json\/wp\/v2\/pages\/205153\/revisions\/205159"}],"wp:attachment":[{"href":"https:\/\/www.jtl-software.com\/de\/wp-json\/wp\/v2\/media?parent=205153"}],"curies":[{"name":"wp","href":"https:\/\/api.w.org\/{rel}","templated":true}]}}