{"id":198160,"date":"2024-01-24T16:40:04","date_gmt":"2024-01-24T15:40:04","guid":{"rendered":"https:\/\/www.jtl-software.com\/?page_id=198160"},"modified":"2024-01-24T17:40:41","modified_gmt":"2024-01-24T16:40:41","slug":"jetzt-wechseln-v-danke","status":"publish","type":"page","link":"https:\/\/www.jtl-software.com\/de\/jetzt-wechseln-v\/danke","title":{"rendered":"Danke &#8211; Umstieg auf JTL"},"content":{"rendered":"\t\t<section class=\"landing-page-hero text-tertiary\">\n\t\t\t\t\t<div class=\"container\">\n\t\t\t\t\t\t\t\t<div class=\"row\">\n\t\t\t\t\t\t\t<div class=\"col-lg-12\">\n\t\t<div class=\"row\">\n\t\t<div class=\"mt-5 mb-5 mt-lg-8 mb-lg-8 animate__animated col\" data-animate=\"fadeInDown\">\n\t    <a href=\"https:\/\/www.jtl-software.de\/\" class=\"no-icon\">\n    <img loading=\"lazy\" decoding=\"async\" class=\"mr-auto ml-auto img-fluid lazy\" src=\"https:\/\/www.jtl-software.com\/site\/themes\/jtl\/dist\/images\/logos\/jtl-logo-white.svg\" width=\"104\" height=\"78\">\n    <\/a>\n<\/div>\t<\/div>\n\t<div class=\"row animate__animated\" data-animate=\"fadeInDown\">\n\t\t<div class=\"col-lg-7\">\n\t<h1 class=\"text-tertiary mb-2 line-none font-proxima-nova\"><span class=\"text-half-bg-wawi\">Vielen Dank!<\/span><\/h1>\t<div class=\"font-size-lg mb-5\">\n<p>Danke f\u00fcr deine Anfrage und f\u00fcr dein Interesse an unseren Software-L\u00f6sungen!<\/p>\n<p>Wir melden uns in K\u00fcrze bei dir!<\/p>\n\t<\/div>\n<div class=\"btn-wrapper\">\n\t<a class=\"btn btn-wawi\" href=\"https:\/\/www.jtl-software.de\/\">\n\t\t\t\t> ZUR JTL-STARTSEITE\t\t<\/a><\/div><\/div>\t<\/div>\n\t<div class=\"row animate__animated\" data-animate=\"fadeInDown\">\n\t\t<div class=\"col\">\n\t<hr class=\"mt-5 mb-5 border-tertiary mt-lg-8 mb-lg-8\"><\/div>\t<\/div>\n<\/div>\n\t\t\t\t\t\t<\/div>\n\t\t\t\t\t\t\t<\/div>\n\t\t\t\t<\/section>\n\t","protected":false},"excerpt":{"rendered":"Vielen Dank! Danke f\u00fcr deine Anfrage und f\u00fcr dein Interesse an unseren Software-L\u00f6sungen! Wir melden uns in K\u00fcrze bei dir! > ZUR JTL-STARTSEITE","protected":false},"author":100,"featured_media":0,"parent":0,"menu_order":0,"comment_status":"closed","ping_status":"closed","template":"","meta":{"_acf_changed":false,"footnotes":""},"class_list":["post-198160","page","type-page","status-publish","hentry"],"acf":[],"_links":{"self":[{"href":"https:\/\/www.jtl-software.com\/de\/wp-json\/wp\/v2\/pages\/198160","targetHints":{"allow":["GET"]}}],"collection":[{"href":"https:\/\/www.jtl-software.com\/de\/wp-json\/wp\/v2\/pages"}],"about":[{"href":"https:\/\/www.jtl-software.com\/de\/wp-json\/wp\/v2\/types\/page"}],"author":[{"embeddable":true,"href":"https:\/\/www.jtl-software.com\/de\/wp-json\/wp\/v2\/users\/100"}],"replies":[{"embeddable":true,"href":"https:\/\/www.jtl-software.com\/de\/wp-json\/wp\/v2\/comments?post=198160"}],"version-history":[{"count":4,"href":"https:\/\/www.jtl-software.com\/de\/wp-json\/wp\/v2\/pages\/198160\/revisions"}],"predecessor-version":[{"id":198235,"href":"https:\/\/www.jtl-software.com\/de\/wp-json\/wp\/v2\/pages\/198160\/revisions\/198235"}],"wp:attachment":[{"href":"https:\/\/www.jtl-software.com\/de\/wp-json\/wp\/v2\/media?parent=198160"}],"curies":[{"name":"wp","href":"https:\/\/api.w.org\/{rel}","templated":true}]}}