{"id":163042,"date":"2022-08-24T16:06:45","date_gmt":"2022-08-24T14:06:45","guid":{"rendered":"https:\/\/www.jtl-software.com\/?page_id=163042"},"modified":"2026-03-30T15:10:53","modified_gmt":"2026-03-30T13:10:53","slug":"hinweis-sicherheitsluecke-jtl-shop-01092022","status":"publish","type":"page","link":"https:\/\/www.jtl-software.com\/de\/hinweis-sicherheitsluecke-jtl-shop-01092022","title":{"rendered":"Hinweis Sicherheitsl\u00fccke vom September 2022 JTL-Shop bis einschlie\u00dflich Version 5.1.4"},"content":{"rendered":"\t\t<section>\n\t\t\t\t\t<div class=\"container\">\n\t\t\t\t\t\t\t\t<div class=\"row\">\n\t\t\t\t\t\t\t<div class=\"col\">\n\t<h2 class=\"text-center mt-5 h2 line-color-shop\">Schritt-f\u00fcr-Schritt-Anleitung, um den Sicherheitsfix vom September 2022 in JTL-Shop einzuspielen<\/h2>\t<div class=\"text-center\">\n<p>Laden Sie den Patch wie im Newsletter verlinkt f\u00fcr Ihre JTL-Shop-Version herunter und entpacken diesen<br \/>\n(z.B. mit 7zip, WinZip oder der Windows-Funktion) &#8222;hier&#8220;):<\/p>\n\t<\/div>\n<picture><source type=\"image\/webp\" srcset=\"data:image\/svg+xml,%3Csvg%20xmlns='http:\/\/www.w3.org\/2000\/svg'%20viewBox='0%200%20636%20422'%20xml:space='preserve'%3E%3C\/svg%3E 1x\" data-srcset=\"https:\/\/www.jtl-software.com\/uploads\/2022\/08\/Step1-Extract-636x422.jpg.webp 1x, https:\/\/www.jtl-software.com\/uploads\/2022\/08\/Step1-Extract.jpg.webp 1.92x\"><source type=\"image\/jpeg\" srcset=\"data:image\/svg+xml,%3Csvg%20xmlns='http:\/\/www.w3.org\/2000\/svg'%20viewBox='0%200%20636%20422'%20xml:space='preserve'%3E%3C\/svg%3E 1x\" data-srcset=\"https:\/\/www.jtl-software.com\/uploads\/2022\/08\/Step1-Extract-636x422.jpg 1x, https:\/\/www.jtl-software.com\/uploads\/2022\/08\/Step1-Extract.jpg 1.92x\"><img loading=\"lazy\" decoding=\"async\" class=\"mt-4 mr-auto mb-4 ml-auto w-70 lazy img-fluid border-solid \" src=\"data:image\/svg+xml,%3Csvg%20xmlns='http:\/\/www.w3.org\/2000\/svg'%20viewBox='0%200%201222%20811'%20xml:space='preserve'%3E%3C\/svg%3E\" data-src=\"https:\/\/www.jtl-software.com\/uploads\/2022\/08\/Step1-Extract.jpg\" width=\"636\" height=\"422\" alt data-pswp=\"[{&quot;src&quot;:&quot;https:\\\/\\\/www.jtl-software.com\\\/uploads\\\/2022\\\/08\\\/Step1-Extract.jpg&quot;,&quot;w&quot;:1222,&quot;h&quot;:811,&quot;title&quot;:false}]\"><\/picture>\t<div class=\"text-center\">\n<p>Wenn Sie danach einen &#8222;includes&#8220; Ordner sehen, sind Sie bereit f\u00fcr den n\u00e4chsten Schritt:<\/p>\n\t<\/div>\n<picture><source type=\"image\/webp\" srcset=\"data:image\/svg+xml,%3Csvg%20xmlns='http:\/\/www.w3.org\/2000\/svg'%20viewBox='0%200%201221%20809'%20xml:space='preserve'%3E%3C\/svg%3E 1x\" data-srcset=\"https:\/\/www.jtl-software.com\/uploads\/2022\/08\/Step2-Extracted.jpg.webp 1x, https:\/\/www.jtl-software.com\/uploads\/2022\/08\/Step2-Extracted.jpg.webp 1x\"><source type=\"image\/jpeg\" srcset=\"data:image\/svg+xml,%3Csvg%20xmlns='http:\/\/www.w3.org\/2000\/svg'%20viewBox='0%200%201221%20809'%20xml:space='preserve'%3E%3C\/svg%3E 1x\" data-srcset=\"https:\/\/www.jtl-software.com\/uploads\/2022\/08\/Step2-Extracted.jpg 1x, https:\/\/www.jtl-software.com\/uploads\/2022\/08\/Step2-Extracted.jpg 1x\"><img loading=\"lazy\" decoding=\"async\" class=\"mt-4 mr-auto mb-4 ml-auto w-70 lazy img-fluid border-solid \" src=\"data:image\/svg+xml,%3Csvg%20xmlns='http:\/\/www.w3.org\/2000\/svg'%20viewBox='0%200%201221%20809'%20xml:space='preserve'%3E%3C\/svg%3E\" data-src=\"https:\/\/www.jtl-software.com\/uploads\/2022\/08\/Step2-Extracted.jpg\" width=\"1221\" height=\"809\" alt data-pswp=\"[{&quot;src&quot;:&quot;https:\\\/\\\/www.jtl-software.com\\\/uploads\\\/2022\\\/08\\\/Step2-Extracted.jpg&quot;,&quot;w&quot;:1221,&quot;h&quot;:809,&quot;title&quot;:false}]\"><\/picture>\t<div class=\"text-center\">\n<p>Um den Patch manuell einzuspielen, ben\u00f6tigen Sie ein Programm wie FileZilla, das Sie z. B. <a href=\"https:\/\/filezilla-project.org\/download.php\"  target='_blank' rel='noopener noreferrer' rel=\"noopener\"><strong>hier downloaden<\/strong><\/a> k\u00f6nnen.<\/p>\n<p>Nach dem Start von FileZilla sehen Sie folgenden Screen:<\/p>\n\t<\/div>\n<picture><source type=\"image\/webp\" srcset=\"data:image\/svg+xml,%3Csvg%20xmlns='http:\/\/www.w3.org\/2000\/svg'%20viewBox='0%200%201045%20891'%20xml:space='preserve'%3E%3C\/svg%3E 1x\" data-srcset=\"https:\/\/www.jtl-software.com\/uploads\/2022\/07\/3.jpg.webp 1x, https:\/\/www.jtl-software.com\/uploads\/2022\/07\/3.jpg.webp 1x\"><source type=\"image\/jpeg\" srcset=\"data:image\/svg+xml,%3Csvg%20xmlns='http:\/\/www.w3.org\/2000\/svg'%20viewBox='0%200%201045%20891'%20xml:space='preserve'%3E%3C\/svg%3E 1x\" data-srcset=\"https:\/\/www.jtl-software.com\/uploads\/2022\/07\/3.jpg 1x, https:\/\/www.jtl-software.com\/uploads\/2022\/07\/3.jpg 1x\"><img loading=\"lazy\" decoding=\"async\" class=\"mt-4 mr-auto mb-4 ml-auto w-70 lazy img-fluid border-solid \" src=\"data:image\/svg+xml,%3Csvg%20xmlns='http:\/\/www.w3.org\/2000\/svg'%20viewBox='0%200%201045%20891'%20xml:space='preserve'%3E%3C\/svg%3E\" data-src=\"https:\/\/www.jtl-software.com\/uploads\/2022\/07\/3.jpg\" width=\"1045\" height=\"891\" alt data-pswp=\"[{&quot;src&quot;:&quot;https:\\\/\\\/www.jtl-software.com\\\/uploads\\\/2022\\\/07\\\/3.jpg&quot;,&quot;w&quot;:1045,&quot;h&quot;:891,&quot;title&quot;:false}]\"><\/picture>\t<div class=\"text-center\">\n<p>Links oben bei &#8222;Host&#8220;, &#8222;Username&#8220;, &#8222;Passwort&#8220; und &#8222;Port&#8220; m\u00fcssen Sie Ihre FTP-Zugangsdaten eintragen. Sollten Ihnen diese nicht vorliegen, kann Ihr Hosting-Dienstleister helfen. Gro\u00dfe Hoster bieten h\u00e4ufig auch Guide\/FAQ-Eintr\u00e4ge an, in denen der Vorgang beschrieben wird.<\/p>\n<p>Haben Sie die Zugangsdaten hinterlegt und sich erfolgreich verbunden, sehen Sie auf der linken Seite die Dateistruktur ihres eigenen Rechners. Navigieren Sie hier zu dem Downloadverzeichnis des Patches:<\/p>\n\t<\/div>\n<picture><source type=\"image\/webp\" srcset=\"data:image\/svg+xml,%3Csvg%20xmlns='http:\/\/www.w3.org\/2000\/svg'%20viewBox='0%200%201260%201024'%20xml:space='preserve'%3E%3C\/svg%3E 1x\" data-srcset=\"https:\/\/www.jtl-software.com\/uploads\/2022\/08\/Step4-FileZilla2-Source-1260x1024.jpg.webp 1x, https:\/\/www.jtl-software.com\/uploads\/2022\/08\/Step4-FileZilla2-Source.jpg.webp 1.03x\"><source type=\"image\/jpeg\" srcset=\"data:image\/svg+xml,%3Csvg%20xmlns='http:\/\/www.w3.org\/2000\/svg'%20viewBox='0%200%201260%201024'%20xml:space='preserve'%3E%3C\/svg%3E 1x\" data-srcset=\"https:\/\/www.jtl-software.com\/uploads\/2022\/08\/Step4-FileZilla2-Source-1260x1024.jpg 1x, https:\/\/www.jtl-software.com\/uploads\/2022\/08\/Step4-FileZilla2-Source.jpg 1.03x\"><img loading=\"lazy\" decoding=\"async\" class=\"mt-4 mr-auto mb-4 ml-auto w-70 lazy img-fluid border-solid \" src=\"data:image\/svg+xml,%3Csvg%20xmlns='http:\/\/www.w3.org\/2000\/svg'%20viewBox='0%200%201296%201053'%20xml:space='preserve'%3E%3C\/svg%3E\" data-src=\"https:\/\/www.jtl-software.com\/uploads\/2022\/08\/Step4-FileZilla2-Source.jpg\" width=\"1260\" height=\"1024\" alt data-pswp=\"[{&quot;src&quot;:&quot;https:\\\/\\\/www.jtl-software.com\\\/uploads\\\/2022\\\/08\\\/Step4-FileZilla2-Source.jpg&quot;,&quot;w&quot;:1296,&quot;h&quot;:1053,&quot;title&quot;:false}]\"><\/picture>\t<div class=\"text-center\">\n<p>Auf der rechten Seite sehen Sie die Dateistruktur auf Ihrem Webspace. In unserem Fall sind wir im Wurzelverzeichnis des Hostings, nicht im Hauptverzeichnis des JTL-Shops. In dieses m\u00fcssen wir via Doppelklick auf, in diesem Fall, &#8222;httpdocs&#8220; wechseln.<\/p>\n<p>Welches Verzeichnis Sie nach dem Verbinden sehen und wo sich das Hauptverzeichnis Ihres JTL-Shops befindet, kann sich bei jedem Hoster unterscheiden. Sollten Sie Ihr JTL-Shop Hauptverzeichnis nicht finden, bitten Sie Ihren Hoster um Unterst\u00fctzung.<\/p>\n\t<\/div>\n<picture><source type=\"image\/webp\" srcset=\"data:image\/svg+xml,%3Csvg%20xmlns='http:\/\/www.w3.org\/2000\/svg'%20viewBox='0%200%201045%20890'%20xml:space='preserve'%3E%3C\/svg%3E 1x\" data-srcset=\"https:\/\/www.jtl-software.com\/uploads\/2022\/07\/5.jpg.webp 1x, https:\/\/www.jtl-software.com\/uploads\/2022\/07\/5.jpg.webp 1x\"><source type=\"image\/jpeg\" srcset=\"data:image\/svg+xml,%3Csvg%20xmlns='http:\/\/www.w3.org\/2000\/svg'%20viewBox='0%200%201045%20890'%20xml:space='preserve'%3E%3C\/svg%3E 1x\" data-srcset=\"https:\/\/www.jtl-software.com\/uploads\/2022\/07\/5.jpg 1x, https:\/\/www.jtl-software.com\/uploads\/2022\/07\/5.jpg 1x\"><img loading=\"lazy\" decoding=\"async\" class=\"mt-4 mr-auto mb-4 ml-auto w-70 lazy img-fluid border-solid \" src=\"data:image\/svg+xml,%3Csvg%20xmlns='http:\/\/www.w3.org\/2000\/svg'%20viewBox='0%200%201045%20890'%20xml:space='preserve'%3E%3C\/svg%3E\" data-src=\"https:\/\/www.jtl-software.com\/uploads\/2022\/07\/5.jpg\" width=\"1045\" height=\"890\" alt data-pswp=\"[{&quot;src&quot;:&quot;https:\\\/\\\/www.jtl-software.com\\\/uploads\\\/2022\\\/07\\\/5.jpg&quot;,&quot;w&quot;:1045,&quot;h&quot;:890,&quot;title&quot;:false}]\"><\/picture>\t<div class=\"text-center\">\n<p>Ihr Shop-Hauptverzeichnis sollte so aussehen (Kann sich je Shopversion unterscheiden):<\/p>\n\t<\/div>\n<picture><source type=\"image\/webp\" srcset=\"data:image\/svg+xml,%3Csvg%20xmlns='http:\/\/www.w3.org\/2000\/svg'%20viewBox='0%200%201260%201016'%20xml:space='preserve'%3E%3C\/svg%3E 1x\" data-srcset=\"https:\/\/www.jtl-software.com\/uploads\/2022\/08\/Step6-FileZilla4-shoproot-1260x1016.jpg.webp 1x, https:\/\/www.jtl-software.com\/uploads\/2022\/08\/Step6-FileZilla4-shoproot.jpg.webp 1.03x\"><source type=\"image\/jpeg\" srcset=\"data:image\/svg+xml,%3Csvg%20xmlns='http:\/\/www.w3.org\/2000\/svg'%20viewBox='0%200%201260%201016'%20xml:space='preserve'%3E%3C\/svg%3E 1x\" data-srcset=\"https:\/\/www.jtl-software.com\/uploads\/2022\/08\/Step6-FileZilla4-shoproot-1260x1016.jpg 1x, https:\/\/www.jtl-software.com\/uploads\/2022\/08\/Step6-FileZilla4-shoproot.jpg 1.03x\"><img loading=\"lazy\" decoding=\"async\" class=\"mt-4 mr-auto mb-4 ml-auto w-70 lazy img-fluid border-solid \" src=\"data:image\/svg+xml,%3Csvg%20xmlns='http:\/\/www.w3.org\/2000\/svg'%20viewBox='0%200%201296%201045'%20xml:space='preserve'%3E%3C\/svg%3E\" data-src=\"https:\/\/www.jtl-software.com\/uploads\/2022\/08\/Step6-FileZilla4-shoproot.jpg\" width=\"1260\" height=\"1016\" alt data-pswp=\"[{&quot;src&quot;:&quot;https:\\\/\\\/www.jtl-software.com\\\/uploads\\\/2022\\\/08\\\/Step6-FileZilla4-shoproot.jpg&quot;,&quot;w&quot;:1296,&quot;h&quot;:1045,&quot;title&quot;:false}]\"><\/picture>\t<div class=\"text-center\">\n<p>Machen Sie nun auf der linken Seite auf den Ordner &#8222;includes&#8220; einen Rechsklick und w\u00e4hlen Sie &#8222;Upload&#8220;:<\/p>\n\t<\/div>\n<picture><source type=\"image\/webp\" srcset=\"data:image\/svg+xml,%3Csvg%20xmlns='http:\/\/www.w3.org\/2000\/svg'%20viewBox='0%200%201045%20854'%20xml:space='preserve'%3E%3C\/svg%3E 1x\" data-srcset=\"https:\/\/www.jtl-software.com\/uploads\/2022\/07\/7.jpg.webp 1x, https:\/\/www.jtl-software.com\/uploads\/2022\/07\/7.jpg.webp 1x\"><source type=\"image\/jpeg\" srcset=\"data:image\/svg+xml,%3Csvg%20xmlns='http:\/\/www.w3.org\/2000\/svg'%20viewBox='0%200%201045%20854'%20xml:space='preserve'%3E%3C\/svg%3E 1x\" data-srcset=\"https:\/\/www.jtl-software.com\/uploads\/2022\/07\/7.jpg 1x, https:\/\/www.jtl-software.com\/uploads\/2022\/07\/7.jpg 1x\"><img loading=\"lazy\" decoding=\"async\" class=\"mt-4 mr-auto mb-4 ml-auto w-70 lazy img-fluid border-solid \" src=\"data:image\/svg+xml,%3Csvg%20xmlns='http:\/\/www.w3.org\/2000\/svg'%20viewBox='0%200%201045%20854'%20xml:space='preserve'%3E%3C\/svg%3E\" data-src=\"https:\/\/www.jtl-software.com\/uploads\/2022\/07\/7.jpg\" width=\"1045\" height=\"854\" alt data-pswp=\"[{&quot;src&quot;:&quot;https:\\\/\\\/www.jtl-software.com\\\/uploads\\\/2022\\\/07\\\/7.jpg&quot;,&quot;w&quot;:1045,&quot;h&quot;:854,&quot;title&quot;:false}]\"><\/picture>\t<div class=\"text-center\">\n<p>Sie erhalten dann eine Best\u00e4tigungsabfrage zum \u00dcberschreiben der vorhandenen Datei. Best\u00e4tigen Sie diese mit OK:<\/p>\n\t<\/div>\n<picture><source type=\"image\/webp\" srcset=\"data:image\/svg+xml,%3Csvg%20xmlns='http:\/\/www.w3.org\/2000\/svg'%20viewBox='0%200%201260%201016'%20xml:space='preserve'%3E%3C\/svg%3E 1x\" data-srcset=\"https:\/\/www.jtl-software.com\/uploads\/2022\/08\/Step8-FileZilla6-Overwrite-1260x1016.jpg.webp 1x, https:\/\/www.jtl-software.com\/uploads\/2022\/08\/Step8-FileZilla6-Overwrite.jpg.webp 1.03x\"><source type=\"image\/jpeg\" srcset=\"data:image\/svg+xml,%3Csvg%20xmlns='http:\/\/www.w3.org\/2000\/svg'%20viewBox='0%200%201260%201016'%20xml:space='preserve'%3E%3C\/svg%3E 1x\" data-srcset=\"https:\/\/www.jtl-software.com\/uploads\/2022\/08\/Step8-FileZilla6-Overwrite-1260x1016.jpg 1x, https:\/\/www.jtl-software.com\/uploads\/2022\/08\/Step8-FileZilla6-Overwrite.jpg 1.03x\"><img loading=\"lazy\" decoding=\"async\" class=\"mt-4 mr-auto mb-4 ml-auto w-70 lazy img-fluid border-solid \" src=\"data:image\/svg+xml,%3Csvg%20xmlns='http:\/\/www.w3.org\/2000\/svg'%20viewBox='0%200%201296%201045'%20xml:space='preserve'%3E%3C\/svg%3E\" data-src=\"https:\/\/www.jtl-software.com\/uploads\/2022\/08\/Step8-FileZilla6-Overwrite.jpg\" width=\"1260\" height=\"1016\" alt data-pswp=\"[{&quot;src&quot;:&quot;https:\\\/\\\/www.jtl-software.com\\\/uploads\\\/2022\\\/08\\\/Step8-FileZilla6-Overwrite.jpg&quot;,&quot;w&quot;:1296,&quot;h&quot;:1045,&quot;title&quot;:false}]\"><\/picture>\t<div class=\"text-center\">\n<p>Die Datei wird nun hochgeladen. Achten Sie darauf, dass die \u00dcbertragung auch bei den erfolgreichen \u00dcbertragungen steht. Sollte dies nicht der Fall sein, versuchen Sie es erneut. Sollte es nicht klappen, bitten Sie Ihren Hoster um Unterst\u00fctzung.<\/p>\n\t<\/div>\n<picture><source type=\"image\/webp\" srcset=\"data:image\/svg+xml,%3Csvg%20xmlns='http:\/\/www.w3.org\/2000\/svg'%20viewBox='0%200%201260%20992'%20xml:space='preserve'%3E%3C\/svg%3E 1x\" data-srcset=\"https:\/\/www.jtl-software.com\/uploads\/2022\/08\/Step9-FileZilla7-Success-1260x992.jpg.webp 1x, https:\/\/www.jtl-software.com\/uploads\/2022\/08\/Step9-FileZilla7-Success.jpg.webp 1.03x\"><source type=\"image\/jpeg\" srcset=\"data:image\/svg+xml,%3Csvg%20xmlns='http:\/\/www.w3.org\/2000\/svg'%20viewBox='0%200%201260%20992'%20xml:space='preserve'%3E%3C\/svg%3E 1x\" data-srcset=\"https:\/\/www.jtl-software.com\/uploads\/2022\/08\/Step9-FileZilla7-Success-1260x992.jpg 1x, https:\/\/www.jtl-software.com\/uploads\/2022\/08\/Step9-FileZilla7-Success.jpg 1.03x\"><img loading=\"lazy\" decoding=\"async\" class=\"mt-4 mr-auto mb-4 ml-auto w-70 lazy img-fluid border-solid \" src=\"data:image\/svg+xml,%3Csvg%20xmlns='http:\/\/www.w3.org\/2000\/svg'%20viewBox='0%200%201296%201020'%20xml:space='preserve'%3E%3C\/svg%3E\" data-src=\"https:\/\/www.jtl-software.com\/uploads\/2022\/08\/Step9-FileZilla7-Success.jpg\" width=\"1260\" height=\"992\" alt data-pswp=\"[{&quot;src&quot;:&quot;https:\\\/\\\/www.jtl-software.com\\\/uploads\\\/2022\\\/08\\\/Step9-FileZilla7-Success.jpg&quot;,&quot;w&quot;:1296,&quot;h&quot;:1020,&quot;title&quot;:false}]\"><\/picture>\t<div class=\"text-center\">\n<p>Wurde erfolgreich \u00fcbertragen (&#8222;Successful transfers&#8220;), haben Sie den SecurityFix erfolgreich eingespielt.<\/p>\n<p>&nbsp;<\/p>\n<p>In Ihrem JTL-Shop Backend sehen Sie danach sowohl eine Mitteilung \u00fcber<br \/>\nFehler in der Dateistruktur, als auch bei der Pr\u00fcfung der Onlineshop-Dateien alle eben hochgeladenen Dateien (k\u00f6nnen je Shop-Version<br \/>\nabweichen, hier gezeigt f\u00fcr JTL-Shop 5) als modifiziert:<\/p>\n\t<\/div>\n\t<div class=\"row\">\n\t\t<div class=\"col-lg-12\">\n\t<picture><source type=\"image\/webp\" srcset=\"data:image\/svg+xml,%3Csvg%20xmlns='http:\/\/www.w3.org\/2000\/svg'%20viewBox='0%200%20512%2074'%20xml:space='preserve'%3E%3C\/svg%3E 1x\" data-srcset=\"https:\/\/www.jtl-software.com\/uploads\/2022\/08\/sicherheitsfix-hinweis-dateistruktur.jpg.webp 1x, https:\/\/www.jtl-software.com\/uploads\/2022\/08\/sicherheitsfix-hinweis-dateistruktur.jpg.webp 1x\"><source type=\"image\/jpeg\" srcset=\"data:image\/svg+xml,%3Csvg%20xmlns='http:\/\/www.w3.org\/2000\/svg'%20viewBox='0%200%20512%2074'%20xml:space='preserve'%3E%3C\/svg%3E 1x\" data-srcset=\"https:\/\/www.jtl-software.com\/uploads\/2022\/08\/sicherheitsfix-hinweis-dateistruktur.jpg 1x, https:\/\/www.jtl-software.com\/uploads\/2022\/08\/sicherheitsfix-hinweis-dateistruktur.jpg 1x\"><img loading=\"lazy\" decoding=\"async\" class=\"mt-4 mr-auto mb-4 ml-auto w-60 lazy img-fluid border-solid \" src=\"data:image\/svg+xml,%3Csvg%20xmlns='http:\/\/www.w3.org\/2000\/svg'%20viewBox='0%200%20512%2074'%20xml:space='preserve'%3E%3C\/svg%3E\" data-src=\"https:\/\/www.jtl-software.com\/uploads\/2022\/08\/sicherheitsfix-hinweis-dateistruktur.jpg\" width=\"512\" height=\"74\" alt data-pswp=\"[{&quot;src&quot;:&quot;https:\\\/\\\/www.jtl-software.com\\\/uploads\\\/2022\\\/08\\\/sicherheitsfix-hinweis-dateistruktur.jpg&quot;,&quot;w&quot;:512,&quot;h&quot;:74,&quot;title&quot;:false}]\"><\/picture><picture><source type=\"image\/webp\" srcset=\"data:image\/svg+xml,%3Csvg%20xmlns='http:\/\/www.w3.org\/2000\/svg'%20viewBox='0%200%201260%20632'%20xml:space='preserve'%3E%3C\/svg%3E 1x\" data-srcset=\"https:\/\/www.jtl-software.com\/uploads\/2022\/08\/sicherheitsfix-hinweis-pruefung-dateien-1260x632.jpg.webp 1x, https:\/\/www.jtl-software.com\/uploads\/2022\/08\/sicherheitsfix-hinweis-pruefung-dateien.jpg.webp 1.14x\"><source type=\"image\/jpeg\" srcset=\"data:image\/svg+xml,%3Csvg%20xmlns='http:\/\/www.w3.org\/2000\/svg'%20viewBox='0%200%201260%20632'%20xml:space='preserve'%3E%3C\/svg%3E 1x\" data-srcset=\"https:\/\/www.jtl-software.com\/uploads\/2022\/08\/sicherheitsfix-hinweis-pruefung-dateien-1260x632.jpg 1x, https:\/\/www.jtl-software.com\/uploads\/2022\/08\/sicherheitsfix-hinweis-pruefung-dateien.jpg 1.14x\"><img loading=\"lazy\" decoding=\"async\" class=\"mt-4 mr-auto mb-4 ml-auto w-70 lazy img-fluid border-solid \" src=\"data:image\/svg+xml,%3Csvg%20xmlns='http:\/\/www.w3.org\/2000\/svg'%20viewBox='0%200%201440%20722'%20xml:space='preserve'%3E%3C\/svg%3E\" data-src=\"https:\/\/www.jtl-software.com\/uploads\/2022\/08\/sicherheitsfix-hinweis-pruefung-dateien.jpg\" width=\"1260\" height=\"632\" alt data-pswp=\"[{&quot;src&quot;:&quot;https:\\\/\\\/www.jtl-software.com\\\/uploads\\\/2022\\\/08\\\/sicherheitsfix-hinweis-pruefung-dateien.jpg&quot;,&quot;w&quot;:1440,&quot;h&quot;:722,&quot;title&quot;:false}]\"><\/picture><\/div>\t<\/div>\n\t<div class=\"text-center\">\n<p>Das ist so korrekt! Da die gefixten Dateien nicht mehr dem Original der Version entsprechen, werden diese als modifiziert angezeigt. Mit den neuen releasten Versionen, die diesen Fix standardm\u00e4\u00dfig enthalten, tritt dies dann nicht mehr auf.<\/p>\n\t<\/div>\n<\/div>\n\t\t\t\t\t\t<\/div>\n\t\t\t\t\t\t\t<\/div>\n\t\t\t\t<\/section>\n\t\t\t<section>\n\t\t\t\t\t<div class=\"container\">\n\t\t\t\t\t\t\t\t<div class=\"row\">\n\t\t\t\t\t\t\t<div class=\"col\">\n\t[vc_raw_html css=&#8220;&#8220;]JTNDc3R5bGUlM0UlMjNkaXNydXB0b3IlMjAlN0IlMjBkaXNwbGF5JTNBJTIwbm9uZSUyMCUyMWltcG9ydGFudCUzQiUyMCU3RCUzQyUyRnN0eWxlJTNF[\/vc_raw_html]<\/div>\n\t\t\t\t\t\t<\/div>\n\t\t\t\t\t\t\t<\/div>\n\t\t\t\t<\/section>\n\t","protected":false},"excerpt":{"rendered":"Schritt-f\u00fcr-Schritt-Anleitung, um den Sicherheitsfix vom September 2022 in JTL-Shop einzuspielen Laden Sie den Patch wie im Newsletter verlinkt f\u00fcr Ihre JTL-Shop-Version herunter und entpacken diesen (z.B. mit 7zip, WinZip oder der Windows-Funktion) \"hier\"): Wenn Sie danach einen \"includes\" Ordner sehen, sind Sie bereit f\u00fcr den n\u00e4chsten Schritt: Um den Patch manuell einzuspielen, ben\u00f6tigen Sie ein","protected":false},"author":1,"featured_media":0,"parent":0,"menu_order":0,"comment_status":"closed","ping_status":"closed","template":"","meta":{"_acf_changed":false,"footnotes":""},"class_list":["post-163042","page","type-page","status-publish","hentry"],"acf":[],"_links":{"self":[{"href":"https:\/\/www.jtl-software.com\/de\/wp-json\/wp\/v2\/pages\/163042","targetHints":{"allow":["GET"]}}],"collection":[{"href":"https:\/\/www.jtl-software.com\/de\/wp-json\/wp\/v2\/pages"}],"about":[{"href":"https:\/\/www.jtl-software.com\/de\/wp-json\/wp\/v2\/types\/page"}],"author":[{"embeddable":true,"href":"https:\/\/www.jtl-software.com\/de\/wp-json\/wp\/v2\/users\/1"}],"replies":[{"embeddable":true,"href":"https:\/\/www.jtl-software.com\/de\/wp-json\/wp\/v2\/comments?post=163042"}],"version-history":[{"count":6,"href":"https:\/\/www.jtl-software.com\/de\/wp-json\/wp\/v2\/pages\/163042\/revisions"}],"predecessor-version":[{"id":312484,"href":"https:\/\/www.jtl-software.com\/de\/wp-json\/wp\/v2\/pages\/163042\/revisions\/312484"}],"wp:attachment":[{"href":"https:\/\/www.jtl-software.com\/de\/wp-json\/wp\/v2\/media?parent=163042"}],"curies":[{"name":"wp","href":"https:\/\/api.w.org\/{rel}","templated":true}]}}