{"id":115807,"date":"2021-06-11T12:05:21","date_gmt":"2021-06-11T10:05:21","guid":{"rendered":"https:\/\/www.jtl-software.com\/?page_id=115807"},"modified":"2026-01-27T02:25:16","modified_gmt":"2026-01-27T01:25:16","slug":"jtl-hosting-status-stoerungen","status":"publish","type":"page","link":"https:\/\/www.jtl-software.com\/de\/jtl-hosting-status-stoerungen","title":{"rendered":"JTL-Hosting Status \/ St\u00f6rungen"},"content":{"rendered":"\t\t<section>\n\t\t\t\t\t<div class=\"container py-0\">\n\t\t\t\t\t\t\t\t<div class=\"row\">\n\t\t\t\t\t\t\t<div class=\"col\">\n\t<h3 id=\"anchor-st\u00f6rungen\" class=\"mt-7\">St\u00f6rungen<a href=\"#st\u00f6rungen\" class=\"far fa-link headline-link\" data-href=\"#st\u00f6rungen\"><\/a><\/h3><p>Aktuell keine St\u00f6rung.<\/p>\n<\/div>\n\t\t\t\t\t\t<\/div>\n\t\t\t\t\t\t\t<\/div>\n\t\t\t\t<\/section>\n\t\t\t<section>\n\t\t\t\t\t<div class=\"container\">\n\t\t\t\t\t\t\t\t<div class=\"row\">\n\t\t\t\t\t\t\t<div class=\"col\">\n\t<h3 id=\"anchor-wartungsarbeiten\">Wartungsarbeiten<a href=\"#wartungsarbeiten\" class=\"far fa-link headline-link\" data-href=\"#wartungsarbeiten\"><\/a><\/h3><p><strong>Updatearbeiten und Neustarts der SQL-Server (27.01.2026):<\/strong><\/p>\n<ul>\n<li>Wegen Aktualisierung des Betriebssystems und anschlie\u00dfendem Neustart kommt es bei allen SQL-Hostings am Dienstag, dem 27.01.2026\u200b zu einer Unterbrechung. Die SQL-Server-Datenbanken werden f\u00fcr ca. 6 Stunden nicht erreichbar sein.<\/li>\n<li>Die Wartungsarbeiten werden am Montag, dem 26.01.2026 ab 23:00 Uhr durchgef\u00fchrt. Leider k\u00f6nnen wir Ihnen nicht mitteilen, zu welcher Uhrzeit Ihr SQL-Server bearbeitet wird, daher bitten wir Sie, von einer entsprechenden Nachfrage abzusehen. Sobald die Wartung bei einem einzelnen SQL-Server abgeschlossen ist, vermerken wir dies auf unserer JTL Statusseite.<\/li>\n<li>Eine Verschiebung oder Aufhebung der Wartungsarbeiten ist aus organisatorischen Gr\u00fcnden nicht m\u00f6glich.<\/li>\n<li>Bei R\u00fcckfragen \u00f6ffnen Sie bitte ein Ticket mit der Produktauswahl \u201cJTL-Hosting\u201d \u00fcber Ihr Kundencenter.<\/li>\n<\/ul>\n<div class=\"table-responsive\">\n<table class=\"mt-3 mb-5 table\">\n\t<thead>\n\t\t<tr>\n\t\t\t\t\t\t\t<th>Server<\/th>\n\t\t\t\t<th>Wartung<\/th>\n\t\t\t\t<th>Datum<\/th>\n\t\t\t\t<th>Status<\/th>\n\t\t\t\t\t<\/tr>\n\t<\/thead>\n\t<tr>\n    <td><strong>Alle SQL-Hostingserver<\/strong><\/td>\n    <td><strong>Wartungsarbeiten<\/strong><\/td>\n    <td>\n        26.01.2026\n    <\/td>\n    <td>\n        <div class=\"badge badge-pill badge-success\">Erledigt<\/div>    <\/td>\n<\/tr><\/table>\n<\/div><\/div>\n\t\t\t\t\t\t<\/div>\n\t\t\t\t\t\t\t<\/div>\n\t\t\t\t<\/section>\n\t\t\t<section>\n\t\t\t\t\t<div class=\"container py-0\">\n\t\t\t\t\t\t\t\t<div class=\"row\">\n\t\t\t\t\t\t\t<div class=\"col\">\n\t<h3 id=\"anchor-information\">Information<a href=\"#information\" class=\"far fa-link headline-link\" data-href=\"#information\"><\/a><\/h3><p><strong>Abschaltung unverschl\u00fcsselter E-Mail-Anmeldung:<\/strong><\/p>\n<p data-pm-slice=\"1 1 &#091;&#093;\" data-prosemirror-node-block=\"true\" data-prosemirror-node-name=\"paragraph\" data-prosemirror-content-type=\"node\" data-ogsc=\"\" data-olk-copy-source=\"MessageBody\">um die Sicherheit deiner E-Mail-Kommunikation weiter zu erh\u00f6hen, deaktivieren wir demn\u00e4chst die\u00a0<strong data-prosemirror-mark-name=\"strong\" data-prosemirror-content-type=\"mark\" data-ogsc=\"\">unverschl\u00fcsselte Anmeldung (Port 25 \/ 110 \/ 143 ohne SSL\/TLS)<\/strong> f\u00fcr den E-Mail-Versand und -Empfang im JTL-Hosting.<\/p>\n<p data-pm-slice=\"1 1 &#091;&#093;\" data-prosemirror-node-block=\"true\" data-prosemirror-node-name=\"paragraph\" data-prosemirror-content-type=\"node\" data-ogsc=\"\" data-olk-copy-source=\"MessageBody\">Ab diesem Zeitpunkt ist eine Anmeldung\u00a0<strong data-prosemirror-mark-name=\"strong\" data-prosemirror-content-type=\"mark\" data-ogsc=\"\">nur noch \u00fcber verschl\u00fcsselte Verbindungen (TLS oder STARTTLS)<\/strong>\u00a0m\u00f6glich. Diese Ma\u00dfnahme sch\u00fctzt deine Zugangsdaten und deine Kommunikation zuverl\u00e4ssig vor dem Zugriff Dritter.<\/p>\n<p data-pm-slice=\"1 1 &#091;&#093;\" data-prosemirror-node-block=\"true\" data-prosemirror-node-name=\"paragraph\" data-prosemirror-content-type=\"node\" data-ogsc=\"\" data-olk-copy-source=\"MessageBody\"><strong>\ud83d\udd10 Empfohlene Einstellungen<\/strong><\/p>\n<p data-prosemirror-node-block=\"true\" data-prosemirror-node-name=\"paragraph\" data-prosemirror-content-type=\"node\" data-ogsc=\"\">Bitte pr\u00fcfe die Konfiguration deiner E-Mail-Programme und stelle sicher, dass folgende Verschl\u00fcsselungsmethoden aktiv sind:<\/p>\n<p data-olk-copy-source=\"MessageBody\"><strong><img loading=\"lazy\" decoding=\"async\" class=\"alignnone wp-image-286239\" src=\"https:\/\/www.jtl-software.com\/uploads\/2025\/11\/hosting-email-einstellungen-300x43.webp\" alt=\"\" width=\"702\" height=\"101\" srcset=\"https:\/\/www.jtl-software.com\/uploads\/2025\/11\/hosting-email-einstellungen-300x43.webp 300w, https:\/\/www.jtl-software.com\/uploads\/2025\/11\/hosting-email-einstellungen-1024x146.webp 1024w, https:\/\/www.jtl-software.com\/uploads\/2025\/11\/hosting-email-einstellungen-768x109.webp 768w, https:\/\/www.jtl-software.com\/uploads\/2025\/11\/hosting-email-einstellungen-636x91.webp 636w, https:\/\/www.jtl-software.com\/uploads\/2025\/11\/hosting-email-einstellungen-828x118.webp 828w, https:\/\/www.jtl-software.com\/uploads\/2025\/11\/hosting-email-einstellungen-1052x150.webp 1052w, https:\/\/www.jtl-software.com\/uploads\/2025\/11\/hosting-email-einstellungen.webp 1116w\" sizes=\"auto, (max-width: 702px) 100vw, 702px\" \/><\/strong><\/p>\n<p data-olk-copy-source=\"MessageBody\"><strong>\ud83d\udd04 Hinweis zur Passwortabfrage<\/strong><\/p>\n<p data-prosemirror-node-block=\"true\" data-prosemirror-node-name=\"paragraph\" data-prosemirror-content-type=\"node\" data-ogsc=\"\">Nach der Umstellung kann es vorkommen, dass dein E-Mail-Programm\u00a0<strong data-prosemirror-mark-name=\"strong\" data-prosemirror-content-type=\"mark\" data-ogsc=\"\">erneut nach dem Passwort fragt<\/strong>\u00a0\u2013\u00a0<strong data-prosemirror-mark-name=\"strong\" data-prosemirror-content-type=\"mark\" data-ogsc=\"\">auch dann, wenn deine bisherigen Einstellungen korrekt sind und sich nichts ge\u00e4ndert hat.<\/strong><\/p>\n<p data-prosemirror-node-block=\"true\" data-prosemirror-node-name=\"paragraph\" data-prosemirror-content-type=\"node\" data-ogsc=\"\">In diesem Fall gib bitte dein gewohntes Passwort erneut ein und speichere die Konfiguration. Dies ist technisch bedingt und kein Hinweis auf ein Problem mit deinem Konto.<\/p>\n<p data-prosemirror-node-block=\"true\" data-prosemirror-node-name=\"paragraph\" data-prosemirror-content-type=\"node\" data-ogsc=\"\"><strong>So gehtst du vor:<\/strong> <a href=\"https:\/\/guide.jtl-software.com\/jtl-hosting\/jtl-shop-hosting-faq\/#welche-daten-kann-ich-in-meinem-e-mail-programm-eintragen\">https:\/\/guide.jtl-software.com\/jtl-hosting\/jtl-shop-hosting-faq\/#welche-daten-kann-ich-in-meinem-e-mail-programm-eintragen<\/a><\/p>\n<p data-prosemirror-node-block=\"true\" data-prosemirror-node-name=\"paragraph\" data-prosemirror-content-type=\"node\" data-ogsc=\"\"><strong>Wann erfolgt die Umstellung?<\/strong><br \/>\nDie Abschaltung erfolgt in K\u00fcrze. Bitte f\u00fchre die Anpassung deiner E-Mail-Einstellungen rechtzeitig durch, um eine unterbrechungsfreie Nutzung zu gew\u00e4hrleisten.<\/p>\n<p>Die Ank\u00fcndigung der Abschaltung und weitere Informationen \u00fcber die Abschaltung haben wir Ihnen bereits per Mail zugesendet.<\/p>\n<p>Bei R\u00fcckfragen \u00f6ffnen Sie bitte ein Ticket mit der Produktauswahl \u201eJTL-Hosting\u201c \u00fcber Ihr Kundencenter.<\/p>\n<div class=\"table-responsive\">\n<table class=\"mt-3 mb-5 table\">\n\t<thead>\n\t\t<tr>\n\t\t\t\t\t\t\t<th>Server<\/th>\n\t\t\t\t<th>Wartung<\/th>\n\t\t\t\t<th>Datum<\/th>\n\t\t\t\t<th>Status<\/th>\n\t\t\t\t\t<\/tr>\n\t<\/thead>\n\t<tr>\n    <td><strong>Alle Shop-Hostingserver<\/strong><\/td>\n    <td><strong>Abschaltung unverschl\u00fcsselter E-Mail-Anmeldung<\/strong><\/td>\n    <td>\n        15.12.2025\n    <\/td>\n    <td>\n        <div class=\"badge badge-pill badge-success\">Erledigt<\/div>    <\/td>\n<\/tr><\/table>\n<\/div><\/div>\n\t\t\t\t\t\t<\/div>\n\t\t\t\t\t\t\t<\/div>\n\t\t\t\t<\/section>\n\t","protected":false},"excerpt":{"rendered":"St\u00f6rungenAktuell keine St\u00f6rung. WartungsarbeitenUpdatearbeiten und Neustarts der SQL-Server (27.01.2026): Wegen Aktualisierung des Betriebssystems und anschlie\u00dfendem Neustart kommt es bei allen SQL-Hostings am Dienstag, dem 27.01.2026\u200b zu einer Unterbrechung. Die SQL-Server-Datenbanken werden f\u00fcr ca. 6 Stunden nicht erreichbar sein. Die Wartungsarbeiten werden am Montag, dem 26.01.2026 ab 23:00 Uhr durchgef\u00fchrt. Leider k\u00f6nnen wir Ihnen nicht mitteilen,","protected":false},"author":4,"featured_media":0,"parent":0,"menu_order":0,"comment_status":"closed","ping_status":"closed","template":"page-templates\/product-landing.php","meta":{"_acf_changed":false,"footnotes":""},"class_list":["post-115807","page","type-page","status-publish","hentry"],"acf":[],"_links":{"self":[{"href":"https:\/\/www.jtl-software.com\/de\/wp-json\/wp\/v2\/pages\/115807","targetHints":{"allow":["GET"]}}],"collection":[{"href":"https:\/\/www.jtl-software.com\/de\/wp-json\/wp\/v2\/pages"}],"about":[{"href":"https:\/\/www.jtl-software.com\/de\/wp-json\/wp\/v2\/types\/page"}],"author":[{"embeddable":true,"href":"https:\/\/www.jtl-software.com\/de\/wp-json\/wp\/v2\/users\/4"}],"replies":[{"embeddable":true,"href":"https:\/\/www.jtl-software.com\/de\/wp-json\/wp\/v2\/comments?post=115807"}],"version-history":[{"count":39,"href":"https:\/\/www.jtl-software.com\/de\/wp-json\/wp\/v2\/pages\/115807\/revisions"}],"predecessor-version":[{"id":293963,"href":"https:\/\/www.jtl-software.com\/de\/wp-json\/wp\/v2\/pages\/115807\/revisions\/293963"}],"wp:attachment":[{"href":"https:\/\/www.jtl-software.com\/de\/wp-json\/wp\/v2\/media?parent=115807"}],"curies":[{"name":"wp","href":"https:\/\/api.w.org\/{rel}","templated":true}]}}