{"id":108878,"date":"2021-03-24T11:16:25","date_gmt":"2021-03-24T10:16:25","guid":{"rendered":"https:\/\/www.jtl-software.com\/?page_id=108878"},"modified":"2025-01-06T17:23:54","modified_gmt":"2025-01-06T16:23:54","slug":"sitemap","status":"publish","type":"page","link":"https:\/\/www.jtl-software.com\/de\/sitemap","title":{"rendered":"Sitemap"},"content":{"rendered":"\t\t<section>\n\t\t\t\t\t<div class=\"container\">\n\t\t\t\t\t\t\t\t<div class=\"row\">\n\t\t\t\t\t\t\t<div class=\"col\">\n\t<h1 id=\"anchor-sitemap\">Sitemap<a href=\"#sitemap\" class=\"far fa-link headline-link\" data-href=\"#sitemap\"><\/a><\/h1><h2 id=\"anchor-funktionen-features-unserer-warenwirtschaft\" class=\"mb-5 h3\">Funktionen &amp; Features unserer Warenwirtschaft<a href=\"#funktionen-features-unserer-warenwirtschaft\" class=\"far fa-link headline-link\" data-href=\"#funktionen-features-unserer-warenwirtschaft\"><\/a><\/h2>\t<div class=\"row\">\n\t\t<div class=\"col-lg-6\">\n\t<p><a class=\"\" href=\"https:\/\/www.jtl-software.com\/warenwirtschaft\/funktionen\/marktplatz-anbindung\">Marktplatz-Anbindung mit JTL-Wawi<\/a><\/p>\n<hr><p><a class=\"\" href=\"https:\/\/www.jtl-software.com\/warenwirtschaft\/funktionen\/onlineshop-anbindung\">Onlineshop-Anbindung mit JTL-Wawi<\/a><\/p>\n<hr><p><a class=\"\" href=\"https:\/\/www.jtl-software.com\/warenwirtschaft\/funktionen\/kunden\">Kundenverwaltung mit JTL-Wawi<\/a><\/p>\n<hr><p><a class=\"\" href=\"https:\/\/www.jtl-software.com\/warenwirtschaft\/funktionen\/zahlungen-buchhaltung\">Zahlungen &amp; Buchhaltung mit JTL-Wawi<\/a><\/p>\n<hr><\/div><div class=\"col-lg-6\">\n\t<p><a class=\"\" href=\"https:\/\/www.jtl-software.com\/warenwirtschaft\/funktionen\/einkauf\">Einkauf &amp; Lieferantenbestellungen mit JTL-Wawi<\/a><\/p>\n<hr><p><a class=\"\" href=\"https:\/\/www.jtl-software.com\/warenwirtschaft\/funktionen\/lager\">Lageradministration mit JTL-Wawi<\/a><\/p>\n<hr><p><a class=\"\" href=\"https:\/\/www.jtl-software.com\/warenwirtschaft\/packprozess-vereinfachen\">Schnellere Lagerprozesse mit JTL-Packtisch+<\/a><\/p>\n<hr><p><a class=\"\" href=\"https:\/\/www.jtl-software.com\/warenwirtschaft\/funktionen\/erweiterungen\">Erweiterungen &amp; Zusatzfunktionen f\u00fcr JTL-Wawi<\/a><\/p>\n<hr><\/div>\t<\/div>\n<\/div>\n\t\t\t\t\t\t<\/div>\n\t\t\t\t\t\t\t<\/div>\n\t\t\t\t<\/section>\n\t\t\t<section>\n\t\t\t\t\t<div class=\"container py-0\">\n\t\t\t\t\t\t\t\t<div class=\"row\">\n\t\t\t\t\t\t\t<div class=\"col\">\n\t<h2 id=\"anchor-direkte-hilfen-von-jtl\" class=\"mb-5 h3\">Direkte Hilfen von JTL<a href=\"#direkte-hilfen-von-jtl\" class=\"far fa-link headline-link\" data-href=\"#direkte-hilfen-von-jtl\"><\/a><\/h2>\t<div class=\"row\">\n\t\t<div class=\"col-lg-6\">\n\t<p><a class=\"\" href=\"https:\/\/www.jtl-software.com\/jtl-store\/services\/migrationsservice\"  target='_blank' rel='noopener noreferrer' rel=\"noopener\">Daten\u00fcbernahme &amp; Migration zu JTL<\/a><\/p>\n<hr><p><a class=\"\" href=\"https:\/\/www.jtl-software.com\/jtl-store\/services\/installation-jtl-wawi-einzelplatz\"  target='_blank' rel='noopener noreferrer' rel=\"noopener\">Installation &amp; Einrichtung von JTL-Wawi<\/a><\/p>\n<hr><\/div><div class=\"col-lg-6\">\n\t<p><a href=\"https:\/\/www.jtl-software.com\/jtl-store\/Videokurs-JTL-Wawi-fuer-Einsteiger\"  target='_blank' rel='noopener noreferrer' rel=\"noopener\">Videokurs: JTL-Wawi f\u00fcr Einsteiger<\/a><\/p>\n<hr><p><a class=\"\" href=\"https:\/\/www.jtl-software.com\/jtl-store\/services\/einrichtung-tse-jtl-pos\"  target='_blank' rel='noopener noreferrer' rel=\"noopener\">TSE-Einrichtungsservice f\u00fcr JTL-POS<\/a><\/p>\n<hr><\/div>\t<\/div>\n<\/div>\n\t\t\t\t\t\t<\/div>\n\t\t\t\t\t\t\t<\/div>\n\t\t\t\t<\/section>\n\t\t\t<section>\n\t\t\t\t\t<div class=\"container\">\n\t\t\t\t\t\t\t\t<div class=\"row\">\n\t\t\t\t\t\t\t<div class=\"col\">\n\t\t<div class=\"row\">\n\t\t<div class=\"col-lg-6\">\n\t<h2 id=\"anchor-aktuelle-meldungen\" class=\"mb-5 h3\">Aktuelle Meldungen<a href=\"#aktuelle-meldungen\" class=\"far fa-link headline-link\" data-href=\"#aktuelle-meldungen\"><\/a><\/h2><p><a class=\"\" href=\"https:\/\/www.jtl-software.com\/blog\/loesungen-von-jtl\/neues-steuerberater-netzwerk-von-jtl\"  target='_blank' rel='noopener noreferrer' rel=\"noopener\">Das neue Steuerberater-Netzwerk von JTL<\/a><\/p>\n<hr><p><a class=\"\" href=\"https:\/\/www.jtl-software.com\/blog\/loesungen-von-jtl\/ready-for-e-commerce\"  target='_blank' rel='noopener noreferrer' rel=\"noopener\">Ready for E-Commerce? &#8211; Der Start mit JTL<\/a><\/p>\n<hr><\/div><div class=\"col-lg-6\">\n\t<h2 id=\"anchor-dein-job-bei-jtl\" class=\"mb-5 h3\">Dein Job bei JTL ...<a href=\"#dein-job-bei-jtl\" class=\"far fa-link headline-link\" data-href=\"#dein-job-bei-jtl\"><\/a><\/h2><p><a class=\"\" href=\"https:\/\/www.jtl-software.com\/jobs\/full-stack-webentwickler-php-mysql-javascript-aachen-moenchengladbach-hueckelhoven\">Senior PHP-Entwickler Interne Systeme (w\/m\/d)<\/a><\/p>\n<hr><p><a href=\"https:\/\/www.jtl-software.com\/jobs\/sales-development-representative-kassel-paderborn-diemelstadt-goettingen-mobiles-arbeiten\">Sales Development Representative (w\/m\/d)<\/a><\/p>\n<hr><\/div>\t<\/div>\n<\/div>\n\t\t\t\t\t\t<\/div>\n\t\t\t\t\t\t\t<\/div>\n\t\t\t\t<\/section>\n\t\t\t<section>\n\t\t\t\t\t<div class=\"container py-0\">\n\t\t\t\t\t\t\t\t<div class=\"row\">\n\t\t\t\t\t\t\t<div class=\"col\">\n\t\t<div class=\"row\">\n\t\t<div class=\"col-lg-6\">\n\t<h2 id=\"anchor-kunden-empfehlen-jtl\" class=\"mb-5 h3\">Kunden empfehlen JTL<a href=\"#kunden-empfehlen-jtl\" class=\"far fa-link headline-link\" data-href=\"#kunden-empfehlen-jtl\"><\/a><\/h2><p><a class=\"\" href=\"https:\/\/www.jtl-software.com\/referenzen\/saemereien\">Saemereien.ch: Schweizer Branchenpionier punktet bei Shop-Relaunch<\/a><\/p>\n<hr><p><a class=\"\" href=\"https:\/\/www.jtl-software.com\/referenzen\/fynch-hatton\">Fynch-Hatton im Onlinehandel: Sp\u00e4t, aber erfolgreich!<\/a><\/p>\n<hr><p><a class=\"\" href=\"https:\/\/www.jtl-software.com\/referenzen\/success-story-audioblock\">Audioblock: Ohren- und Augenschmaus mit JTL-Shop<\/a><\/p>\n<hr><\/div><div class=\"col-lg-6\">\n\t<h2 id=\"anchor-software-l\u00f6sungen-f\u00fcr-ihre-branche\" class=\"mb-5 h3\">Software-L\u00f6sungen f\u00fcr Ihre Branche<a href=\"#software-l\u00f6sungen-f\u00fcr-ihre-branche\" class=\"far fa-link headline-link\" data-href=\"#software-l\u00f6sungen-f\u00fcr-ihre-branche\"><\/a><\/h2><p><a class=\"\" href=\"https:\/\/www.jtl-software.com\/branchenloesungen\/sport-freizeit\">Sport- &amp; Freizeitartikel mit JTL erfolgreich verkaufen<\/a><\/p>\n<hr><p><a class=\"\" href=\"https:\/\/www.jtl-software.com\/branchenloesungen\/mode-textilien-accessoires\">Mode &amp; Accessoires mit JTL erfolgreich verkaufen<\/a><\/p>\n<hr><p><a class=\"\" href=\"https:\/\/www.jtl-software.com\/demo-anwendungen\">Selber ausprobieren: Die JTL-Demowelten erkunden!<\/a><\/p>\n<hr><\/div>\t<\/div>\n<\/div>\n\t\t\t\t\t\t<\/div>\n\t\t\t\t\t\t\t<\/div>\n\t\t\t\t<\/section>\n\t\t\t<section>\n\t\t\t\t\t<div class=\"container\">\n\t\t\t\t\t\t\t\t<div class=\"row\">\n\t\t\t\t\t\t\t<div class=\"col\">\n\t\t<div class=\"row\">\n\t\t<div class=\"col-lg-6\">\n\t<h2 id=\"anchor-partnerschaften-kooperationen\" class=\"mb-5 h3\">Partnerschaften &amp; Kooperationen<a href=\"#partnerschaften-kooperationen\" class=\"far fa-link headline-link\" data-href=\"#partnerschaften-kooperationen\"><\/a><\/h2><p><a class=\"\" href=\"https:\/\/www.jtl-software.com\/kooperationen\/wawi-lager-projekte\">Partnerprogramm JTL-Wawi<\/a><\/p>\n<hr><p><a class=\"\" href=\"https:\/\/www.jtl-software.com\/kooperationen\/onlineshop-projekte\">Partnerprogramm JTL-Shop<\/a><\/p>\n<hr><p><a class=\"\" href=\"https:\/\/www.jtl-software.com\/partner-werden\">Direkter Kontakt: Jetzt Partner werden!<\/a><\/p>\n<hr><\/div><div class=\"col-lg-6\">\n\t<h2 id=\"anchor-station\u00e4rer-handel\" class=\"mb-5 h3\">Station\u00e4rer Handel<a href=\"#station\u00e4rer-handel\" class=\"far fa-link headline-link\" data-href=\"#station\u00e4rer-handel\"><\/a><\/h2><p><a class=\"\" href=\"https:\/\/www.jtl-software.com\/kassensystem\">Kassensystem JTL-POS<\/a><\/p>\n<hr><p><a class=\"\" href=\"https:\/\/www.jtl-software.com\/kassensystem\/kassensicherungsverordnung\">Kassensicherungsverordnung<\/a><\/p>\n<hr><\/div>\t<\/div>\n<\/div>\n\t\t\t\t\t\t<\/div>\n\t\t\t\t\t\t\t<\/div>\n\t\t\t\t<\/section>\n\t","protected":false},"excerpt":{"rendered":"SitemapFunktionen &amp; Features unserer Warenwirtschaft Marktplatz-Anbindung mit JTL-Wawi Onlineshop-Anbindung mit JTL-Wawi Kundenverwaltung mit JTL-Wawi Zahlungen &amp; Buchhaltung mit JTL-Wawi Einkauf &amp; Lieferantenbestellungen mit JTL-Wawi Lageradministration mit JTL-Wawi Schnellere Lagerprozesse mit JTL-Packtisch+ Erweiterungen &amp; Zusatzfunktionen f\u00fcr JTL-Wawi Direkte Hilfen von JTL Daten\u00fcbernahme &amp; Migration zu JTL Installation &amp; Einrichtung von JTL-Wawi Videokurs: JTL-Wawi f\u00fcr Einsteiger TSE-Einrichtungsservice","protected":false},"author":4,"featured_media":0,"parent":0,"menu_order":0,"comment_status":"closed","ping_status":"closed","template":"","meta":{"_acf_changed":false,"footnotes":""},"class_list":["post-108878","page","type-page","status-publish","hentry"],"acf":[],"_links":{"self":[{"href":"https:\/\/www.jtl-software.com\/de\/wp-json\/wp\/v2\/pages\/108878","targetHints":{"allow":["GET"]}}],"collection":[{"href":"https:\/\/www.jtl-software.com\/de\/wp-json\/wp\/v2\/pages"}],"about":[{"href":"https:\/\/www.jtl-software.com\/de\/wp-json\/wp\/v2\/types\/page"}],"author":[{"embeddable":true,"href":"https:\/\/www.jtl-software.com\/de\/wp-json\/wp\/v2\/users\/4"}],"replies":[{"embeddable":true,"href":"https:\/\/www.jtl-software.com\/de\/wp-json\/wp\/v2\/comments?post=108878"}],"version-history":[{"count":6,"href":"https:\/\/www.jtl-software.com\/de\/wp-json\/wp\/v2\/pages\/108878\/revisions"}],"predecessor-version":[{"id":219922,"href":"https:\/\/www.jtl-software.com\/de\/wp-json\/wp\/v2\/pages\/108878\/revisions\/219922"}],"wp:attachment":[{"href":"https:\/\/www.jtl-software.com\/de\/wp-json\/wp\/v2\/media?parent=108878"}],"curies":[{"name":"wp","href":"https:\/\/api.w.org\/{rel}","templated":true}]}}