{"id":107195,"date":"2021-03-18T11:33:46","date_gmt":"2021-03-18T10:33:46","guid":{"rendered":"https:\/\/www.jtl-software.com\/?page_id=107195"},"modified":"2023-10-26T16:25:28","modified_gmt":"2023-10-26T14:25:28","slug":"video-tutorials","status":"publish","type":"page","link":"https:\/\/www.jtl-software.com\/de\/hilfecenter\/video-tutorials","title":{"rendered":"Video-Tutorials"},"content":{"rendered":"<style>\n\t.utils-69e1269861b5b { background-image: url(\"https:\/\/www.jtl-software.com\/uploads\/2021\/01\/pattern-netz-white-scaled.jpg\") !important; background-position-y: center !important; background-position-x: center !important; background-size: cover !important; }\n\t.webp .utils-69e1269861b5b { background-image: url(\"https:\/\/www.jtl-software.com\/uploads\/2021\/01\/pattern-netz-white-scaled.jpg.webp\") !important; }\n<\/style>\t\t<section class=\"utils-69e1269861b5b\">\n\t\t\t\t\t<div class=\"container\">\n\t\t\t\t\t\t\t\t<div class=\"row\">\n\t\t\t\t\t\t\t<div class=\"col\">\n\t\t<div class=\"row\">\n\t\t<div class=\"col-lg-6\">\n\t<span id=\"anchor-l\u00f6sungen-h\u00f6ren-sehen-anwenden\" class=\"mb-2 font-weight-normal h3\">L\u00f6sungen h\u00f6ren, sehen &amp; anwenden!<a href=\"#l\u00f6sungen-h\u00f6ren-sehen-anwenden\" class=\"far fa-link headline-link\" data-href=\"#l\u00f6sungen-h\u00f6ren-sehen-anwenden\"><\/a><\/span><h1 id=\"anchor-video-tutorials\">Video-Tutorials<a href=\"#video-tutorials\" class=\"far fa-link headline-link\" data-href=\"#video-tutorials\"><\/a><\/h1><p><strong>Wir ver\u00f6ffentlichen regelm\u00e4\u00dfig neue Video-Tutorials<\/strong>, die Ihnen anschaulich demonstrieren, wie Sie die Warenwirtschaft JTL-Wawi und weitere Softwarel\u00f6sungen aus der JTL-Produktfamilie im Alltag effizient einsetzen k\u00f6nnen. Vom Einsteiger bis zum Prozessoptimierer ist f\u00fcr jeden etwas dabei.<\/p>\n<\/div><div class=\"col-lg-6 mt-auto mb-auto text-center d-none d-lg-block\">\n\t<span class=\"fa-stack fa-fw text-primary fa-5x\">\n<span class=\"fa-stack-2x fas fa-circle\"><\/span>\n<span class=\"fab fa-youtube fa-fw fa-stack-1x fa-inverse\"><\/span>\n<\/span>\n<\/div>\t<\/div>\n<\/div>\n\t\t\t\t\t\t<\/div>\n\t\t\t\t\t\t\t<\/div>\n\t\t\t\t<\/section>\n\t\t\t<section class=\"bg-secondary\">\n\t\t\t\t\t<div class=\"container\">\n\t\t\t\t\t\t\t\t<div class=\"row\">\n\t\t\t\t\t\t\t<div class=\"col\">\n\t<h2 id=\"anchor-jtl-wawi\" class=\"text-center\">JTL-Wawi<a href=\"#jtl-wawi\" class=\"far fa-link headline-link\" data-href=\"#jtl-wawi\"><\/a><\/h2>\t<div class=\"row flex-column-reverse flex-lg-row d-flex\">\n\t\t<div class=\"col-lg-6\">\n\t<div class=\"mt-5 mt-lg-0 embed-responsive embed-responsive-16by9 bg-secondary\">\n\t<div  class=\"embed-responsive-item\" data-youtube-id=\"sNYv0JgrUlw\">\n\t\t\t\t<div class=\"embed-cover lazy poster\" data-bg=\"url('https:\/\/www.jtl-software.com\/uploads\/youtube-thumbs\/sNYv0JgrUlw-maxresdefault.webp')\">\n\t\t\t<span class=\"embed-play fas fa-play-circle\"><\/span>\n\t\t<\/div>\t\n\t\t\t<\/div>\n<\/div>\n<\/div><div class=\"col-lg-6 mt-auto mb-auto\">\n\t<h3 id=\"anchor-videos-zur-warenwirtschaft\">Videos zur Warenwirtschaft<a href=\"#videos-zur-warenwirtschaft\" class=\"far fa-link headline-link\" data-href=\"#videos-zur-warenwirtschaft\"><\/a><\/h3><p>JTL-Wawi ist die Schalt- und Waltzentrale Ihres Business. Unsere Tutorials machen Sie mit den wichtigsten Funktionen vertraut und vermitteln wertvolle Praxistipps. Die Einstellungen werden Schritt f\u00fcr Schritt in der Software vorgef\u00fchrt, so dass Sie alles in der eigenen Warenwirtschaft nachvollziehen und umsetzen k\u00f6nnen. Zum Repertoire geh\u00f6ren auch Videos zur JTL-Wawi App, zum Im- und Export von Daten via JTL-Ameise, zu Automatisierungen mit JTL-Workflows sowie zu Pack- und Versandprozessen mit JTL-Packtisch+.<\/p>\n<div class=\"mt-4 btn-wrapper\">\n\t<div class=\"btn-group\">\n\t<button class=\"btn btn-wawi dropdown-toggle\" type=\"button\" id=\"dropdownMenuButton-69e1269864749\" data-toggle=\"dropdown\" aria-haspopup=\"1\" aria-expanded>\n\t\t\t\tZu den Playlists\t<\/button>\n\n\t\t\t<div class=\"dropdown-menu dropdown-menu-left\" aria-labelledby=\"dropdownMenuButton-69e1269864749\">\n\t\t\t\t\t\t\t\t\t\t\t\t<a class=\"dropdown-item\" target=\"_blank\" href=\"https:\/\/www.youtube.com\/playlist?list=PL44cp2iiTsTVEVbIE06CX_Bb32z9RFrqv\">Warenwirtschaft JTL-Wawi<\/a>\n\t\t\t\t\t\t\t\t\t\t\t\t\t\t\t\t<a class=\"dropdown-item\" target=\"_blank\" href=\"https:\/\/www.youtube.com\/playlist?list=PL44cp2iiTsTWi5s0jFCwUKmTTfvXLz4Vl\">Neue Features in JTL-Wawi 1.7<\/a>\n\t\t\t\t\t\t\t\t\t\t\t\t\t\t\t\t<a class=\"dropdown-item\" target=\"_blank\" href=\"https:\/\/www.youtube.com\/playlist?list=PL44cp2iiTsTV8fwCbOVfR3W9cguJlFnuJ\">Neue Features in JTL-Wawi 1.6<\/a>\n\t\t\t\t\t\t\t\t\t\t\t\t\t\t\t\t<a class=\"dropdown-item\" target=\"_blank\" href=\"https:\/\/www.youtube.com\/playlist?list=PL44cp2iiTsTWSr0df0bPZqe2FrQwZxkRw\">Routinen automatisieren mit JTL-Workflows<\/a>\n\t\t\t\t\t\t\t\t\t\t\t\t\t\t\t\t<a class=\"dropdown-item\" target=\"_blank\" href=\"https:\/\/www.youtube.com\/playlist?list=PL44cp2iiTsTUCG2JU4zGfzxs3u5iI1zT1\">Massendaten im-\/export mit JTL-Ameise<\/a>\n\t\t\t\t\t\t\t\t\t\t\t\t\t\t\t\t<a class=\"dropdown-item\" target=\"_blank\" href=\"https:\/\/www.youtube.com\/playlist?list=PL44cp2iiTsTUvY6bgfh7G7FB7JKIv0R0d\">Effizient verpacken mit JTL-Packtisch+<\/a>\n\t\t\t\t\t\t\t\t\t<\/div>\n\t<\/div><\/div><\/div>\t<\/div>\n<\/div>\n\t\t\t\t\t\t<\/div>\n\t\t\t\t\t\t\t<\/div>\n\t\t\t\t<\/section>\n\t\t\t<section>\n\t\t\t\t\t<div class=\"container\">\n\t\t\t\t\t\t\t\t<div class=\"row\">\n\t\t\t\t\t\t\t<div class=\"col\">\n\t<h2 id=\"anchor-jtl-eazyauction\" class=\"text-center line-color-eazyauction\">JTL-eazyAuction<a href=\"#jtl-eazyauction\" class=\"far fa-link headline-link\" data-href=\"#jtl-eazyauction\"><\/a><\/h2>\t<div class=\"row flex-column-reverse flex-lg-row d-flex\">\n\t\t<div class=\"col-lg-6\">\n\t<div class=\"mt-5 mt-lg-0 embed-responsive embed-responsive-16by9 bg-secondary\">\n\t<div  class=\"embed-responsive-item\" data-youtube-id=\"NK5jrQZDSr4\">\n\t\t\t\t<div class=\"embed-cover lazy poster\" data-bg=\"url('https:\/\/www.jtl-software.com\/uploads\/youtube-thumbs\/NK5jrQZDSr4-maxresdefault.webp')\">\n\t\t\t<span class=\"embed-play fas fa-play-circle\"><\/span>\n\t\t<\/div>\t\n\t\t\t<\/div>\n<\/div>\n<\/div><div class=\"col-lg-6 mt-auto mb-auto\">\n\t<h3 id=\"anchor-videos-zur-marktplatz-anbindung\">Videos zur Marktplatz-Anbindung<a href=\"#videos-zur-marktplatz-anbindung\" class=\"far fa-link headline-link\" data-href=\"#videos-zur-marktplatz-anbindung\"><\/a><\/h3><p>Klicken Sie durch unsere Playlist zur Marktplatzschnittstelle JTL-eazyAuction und sammeln Sie schnell das praktische Know-how, um Ihre Amazon- und eBay-Angebote zentral in JTL-Wawi zu managen. Erfahren Sie, wie Sie die beiden Marktpl\u00e4tze anbinden, bestehende Angebote importieren oder neue Angebote listen.<\/p>\n<div class=\"mt-4 btn-wrapper\">\n\t<a class=\"btn btn-eazyauction\" rel=\"noopener noreferrer\" target=\"_blank\" href=\"https:\/\/www.youtube.com\/playlist?list=PL44cp2iiTsTXwOpwQWSCGb7gaF6IjTy2g\">\n\t\t\t\tZur Playlist\t\t<\/a><\/div><\/div>\t<\/div>\n<\/div>\n\t\t\t\t\t\t<\/div>\n\t\t\t\t\t\t\t<\/div>\n\t\t\t\t<\/section>\n\t\t\t<section class=\"bg-secondary\">\n\t\t\t\t\t<div class=\"container\">\n\t\t\t\t\t\t\t\t<div class=\"row\">\n\t\t\t\t\t\t\t<div class=\"col\">\n\t<h2 id=\"anchor-jtl-vouchers\" class=\"text-center line-color-primary\">JTL-Vouchers<a href=\"#jtl-vouchers\" class=\"far fa-link headline-link\" data-href=\"#jtl-vouchers\"><\/a><\/h2>\t<div class=\"row flex-column-reverse flex-lg-row d-flex\">\n\t\t<div class=\"col-lg-6\">\n\t<div class=\"mt-5 mt-lg-0 embed-responsive embed-responsive-16by9 bg-secondary\">\n\t<div  class=\"embed-responsive-item\" data-youtube-id=\"k9_Aq5dCKj8\">\n\t\t\t\t<div class=\"embed-cover lazy poster\" data-bg=\"url('https:\/\/www.jtl-software.com\/uploads\/youtube-thumbs\/k9_Aq5dCKj8-maxresdefault.webp')\">\n\t\t\t<span class=\"embed-play fas fa-play-circle\"><\/span>\n\t\t<\/div>\t\n\t\t\t<\/div>\n<\/div>\n<\/div><div class=\"col-lg-6 mt-auto mb-auto\">\n\t<h3 id=\"anchor-videos-zum-gutscheinsystem\">Videos zum Gutscheinsystem<a href=\"#videos-zum-gutscheinsystem\" class=\"far fa-link headline-link\" data-href=\"#videos-zum-gutscheinsystem\"><\/a><\/h3><p>JTL-Vouchers macht gedruckte und digitale Gutscheine f\u00fcr JTL-Wawi, JTL-Shop und JTL-POS nutzbar. Damit Sie sich in der Welt der Gutscheine schnell souver\u00e4n bewegen, begleiten Sie unsere Videos beim Onboarding und machen Sie mit der Benutzeroberfl\u00e4che des Onlineportals, grundlegenden Einstellungen, dem Verkaufen sowie Einl\u00f6sen von Gutscheinen und weiteren wichtigen Funktionen vertraut.<\/p>\n<div class=\"mt-4 btn-wrapper\">\n\t<a class=\"btn btn-primary\" rel=\"noopener noreferrer\" target=\"_blank\" href=\"https:\/\/www.youtube.com\/playlist?list=PL44cp2iiTsTXeX1oiKTaoHfH9jDNG02Nb\">\n\t\t\t\tZur Playlist\t\t<\/a><\/div><\/div>\t<\/div>\n<\/div>\n\t\t\t\t\t\t<\/div>\n\t\t\t\t\t\t\t<\/div>\n\t\t\t\t<\/section>\n\t\t\t<section>\n\t\t\t\t\t<div class=\"container\">\n\t\t\t\t\t\t\t\t<div class=\"row\">\n\t\t\t\t\t\t\t<div class=\"col\">\n\t<h2 id=\"anchor-jtl-shop\" class=\"text-center line-color-shop\">JTL-Shop<a href=\"#jtl-shop\" class=\"far fa-link headline-link\" data-href=\"#jtl-shop\"><\/a><\/h2>\t<div class=\"row flex-column-reverse flex-lg-row d-flex\">\n\t\t<div class=\"col-lg-6\">\n\t<div class=\"mt-5 mt-lg-0 embed-responsive embed-responsive-16by9 bg-secondary\">\n\t<div  class=\"embed-responsive-item\" data-youtube-id=\"9kineR7Wm1c\">\n\t\t\t\t<div class=\"embed-cover lazy poster\" data-bg=\"url('https:\/\/www.jtl-software.com\/uploads\/youtube-thumbs\/9kineR7Wm1c-maxresdefault.webp')\">\n\t\t\t<span class=\"embed-play fas fa-play-circle\"><\/span>\n\t\t<\/div>\t\n\t\t\t<\/div>\n<\/div>\n<\/div><div class=\"col-lg-6 mt-auto mb-auto\">\n\t<h3 id=\"anchor-videos-zum-onlineshopsystem\">Videos zum Onlineshopsystem<a href=\"#videos-zum-onlineshopsystem\" class=\"far fa-link headline-link\" data-href=\"#videos-zum-onlineshopsystem\"><\/a><\/h3><p>Ein eigener Onlineshop ist Ihre digitale B\u00fchne, auf der Sie Ihre Kunden mit einer attraktiven und individuellen Inszenierung Ihres Sortiments begeistern k\u00f6nnen. Hinter den Kulissen sorgt die eng verzahnte Maschinerie von JTL-Shop und JTL-Wawi f\u00fcr reibungslose Arbeitsabl\u00e4ufe. Damit ein schneller Start gelingt, f\u00fchren unsere Tutorials vor, wie Sie den Shop auf einem Webserver installieren, an JTL-Wawi anbinden oder unseren Hosting-Service nutzen.<\/p>\n<div class=\"mt-4 btn-wrapper\">\n\t<a class=\"btn btn-shop\" rel=\"noopener noreferrer\" target=\"_blank\" href=\"https:\/\/www.youtube.com\/playlist?list=PL44cp2iiTsTX3J-rFNfnlbVJe8unajq7y\">\n\t\t\t\tZur Playlist\t\t<\/a><\/div><\/div>\t<\/div>\n<\/div>\n\t\t\t\t\t\t<\/div>\n\t\t\t\t\t\t\t<\/div>\n\t\t\t\t<\/section>\n\t\t\t<section class=\"bg-secondary\">\n\t\t\t\t\t<div class=\"container\">\n\t\t\t\t\t\t\t\t<div class=\"row\">\n\t\t\t\t\t\t\t<div class=\"col\">\n\t<h2 id=\"anchor-jtl-connector\" class=\"text-center line-color-connector\">JTL-Connector<a href=\"#jtl-connector\" class=\"far fa-link headline-link\" data-href=\"#jtl-connector\"><\/a><\/h2>\t<div class=\"row flex-column-reverse flex-lg-row d-flex\">\n\t\t<div class=\"col-lg-6\">\n\t<div class=\"mt-5 mt-lg-0 embed-responsive embed-responsive-16by9 bg-secondary\">\n\t<div  class=\"embed-responsive-item\" data-youtube-id=\"gWJKENQdqkQ\">\n\t\t\t\t<div class=\"embed-cover lazy poster\" data-bg=\"url('https:\/\/www.jtl-software.com\/uploads\/youtube-thumbs\/gWJKENQdqkQ-maxresdefault.webp')\">\n\t\t\t<span class=\"embed-play fas fa-play-circle\"><\/span>\n\t\t<\/div>\t\n\t\t\t<\/div>\n<\/div>\n<\/div><div class=\"col-lg-6 mt-auto mb-auto\">\n\t<h3 id=\"anchor-videos-zur-drittshop-anbindung\">Videos zur Drittshop-Anbindung<a href=\"#videos-zur-drittshop-anbindung\" class=\"far fa-link headline-link\" data-href=\"#videos-zur-drittshop-anbindung\"><\/a><\/h3><p>Mit der Schnittstelle JTL-Connector verkn\u00fcpfen Sie beliebte Shopsysteme von Drittanbietern mit JTL-Wawi. Sie verwalten Ihren Shop dann komplett aus der Warenwirtschaft heraus. Unsere Tutorials helfen Ihnen Schritt f\u00fcr Schritt bei der Einrichtung der Connectoren f\u00fcr Shopify, Shopware, WooCommerce und PrestaShop.<\/p>\n<div class=\"mt-4 btn-wrapper\">\n\t<a class=\"btn btn-connector\" rel=\"noopener noreferrer\" target=\"_blank\" href=\"https:\/\/www.youtube.com\/playlist?list=PL44cp2iiTsTXfN18-sZgAKIiaD2wSI4xl\">\n\t\t\t\tZur Playlist\t\t<\/a><\/div><\/div>\t<\/div>\n<\/div>\n\t\t\t\t\t\t<\/div>\n\t\t\t\t\t\t\t<\/div>\n\t\t\t\t<\/section>\n\t\t\t<section class=\"bg-tertiary\">\n\t\t\t\t\t<div class=\"container\">\n\t\t\t\t\t\t\t\t<div class=\"row\">\n\t\t\t\t\t\t\t<div class=\"col\">\n\t<h2 id=\"anchor-jtl-pos\" class=\"text-center line-color-pos\">JTL-POS<a href=\"#jtl-pos\" class=\"far fa-link headline-link\" data-href=\"#jtl-pos\"><\/a><\/h2>\t<div class=\"row flex-column-reverse flex-lg-row d-flex\">\n\t\t<div class=\"col-lg-6\">\n\t<div class=\"mt-5 mt-lg-0 embed-responsive embed-responsive-16by9 bg-secondary\">\n\t<div  class=\"embed-responsive-item\" data-youtube-id=\"gwJAOX7GMkU\">\n\t\t\t\t<div class=\"embed-cover lazy poster\" data-bg=\"url('https:\/\/www.jtl-software.com\/uploads\/youtube-thumbs\/gwJAOX7GMkU-maxresdefault.webp')\">\n\t\t\t<span class=\"embed-play fas fa-play-circle\"><\/span>\n\t\t<\/div>\t\n\t\t\t<\/div>\n<\/div>\n<\/div><div class=\"col-lg-6 mt-auto mb-auto\">\n\t<h3 id=\"anchor-videos-zur-kassensoftware\">Videos zur Kassensoftware<a href=\"#videos-zur-kassensoftware\" class=\"far fa-link headline-link\" data-href=\"#videos-zur-kassensoftware\"><\/a><\/h3><p>JTL-POS ist die perfekte L\u00f6sung, wenn Sie mit nur wenigen Handgriffen eine funktionsm\u00e4chtige Kasse in Betrieb nehmen m\u00f6chten. F\u00fcr den erfolgreichen Start zeigen Ihnen unsere Tutorials u.a., wie Sie JTL-POS auf Ihrem Android-Ger\u00e4t einrichten, einen Zahlungsanbieter und eine TSE anschlie\u00dfen, Rabatte anlegen, kassieren und digitale Kassenbelege erstellen. Der ERPConnected-Schnittstelle zu JTL-Wawi ist ebenfalls ein eigenes Video gewidmet.<\/p>\n<div class=\"mt-4 btn-wrapper\">\n\t<a class=\"btn btn-pos\" rel=\"noopener noreferrer\" target=\"_blank\" href=\"https:\/\/www.youtube.com\/playlist?list=PL44cp2iiTsTUyR08dZfEHOyk9v_OMBbgZ\">\n\t\t\t\tZur Playlist\t\t<\/a><\/div><\/div>\t<\/div>\n<\/div>\n\t\t\t\t\t\t<\/div>\n\t\t\t\t\t\t\t<\/div>\n\t\t\t\t<\/section>\n\t\t\t<section class=\"bg-secondary\">\n\t\t\t\t\t<div class=\"container\">\n\t\t\t\t\t\t\t\t<div class=\"row\">\n\t\t\t\t\t\t\t<div class=\"col\">\n\t<h2 id=\"anchor-jtl-shipping\" class=\"text-center line-color-shipping\">JTL-Shipping<a href=\"#jtl-shipping\" class=\"far fa-link headline-link\" data-href=\"#jtl-shipping\"><\/a><\/h2>\t<div class=\"row flex-column-reverse flex-lg-row d-flex\">\n\t\t<div class=\"col-lg-6\">\n\t<div class=\"mt-5 mt-lg-0 embed-responsive embed-responsive-16by9 bg-secondary\">\n\t<div  class=\"embed-responsive-item\" data-youtube-id=\"mPUnJqXReSY\">\n\t\t\t\t<div class=\"embed-cover lazy poster\" data-bg=\"url('https:\/\/www.jtl-software.com\/uploads\/youtube-thumbs\/mPUnJqXReSY-maxresdefault.webp')\">\n\t\t\t<span class=\"embed-play fas fa-play-circle\"><\/span>\n\t\t<\/div>\t\n\t\t\t<\/div>\n<\/div>\n<\/div><div class=\"col-lg-6 mt-auto mb-auto\">\n\t<h3 id=\"anchor-videos-zu-den-versandmodulen\">Videos zu den Versandmodulen<a href=\"#videos-zu-den-versandmodulen\" class=\"far fa-link headline-link\" data-href=\"#videos-zu-den-versandmodulen\"><\/a><\/h3><p>Die Versandschnittstellen in JTL-Wawi erh\u00f6hen die Effizienz Ihrer t\u00e4glichen Auslieferungsprozesse enorm. Die Einrichtung der Logistiker DHL, DPD, Hermes, GLS und Co. in JTL-Wawi haben wir in unseren Tutorials ausf\u00fchrlich dokumentiert. Erfahren Sie, welche Druckereinstellungen n\u00f6tig sind, um mit JTL-ShippingLabels automatisiert Versandetiketten zu drucken, und wie Sie Retourenlabels von DHL erzeugen. Auch JTL-Track&amp;Trace, unsere DHL-Sendungsverfolgung in JTL-Wawi, stellen wir Ihnen n\u00e4her vor.<\/p>\n<div class=\"mt-4 btn-wrapper\">\n\t<a class=\"btn btn-shipping\" rel=\"noopener noreferrer\" target=\"_blank\" href=\"https:\/\/www.youtube.com\/playlist?list=PL44cp2iiTsTXwcAUDTV55MgODnbC0_GiC\">\n\t\t\t\tZur Playlist\t\t<\/a><\/div><\/div>\t<\/div>\n<\/div>\n\t\t\t\t\t\t<\/div>\n\t\t\t\t\t\t\t<\/div>\n\t\t\t\t<\/section>\n\t\t\t<section class=\"bg-tertiary\">\n\t\t\t\t\t<div class=\"container\">\n\t\t\t\t\t\t\t\t<div class=\"row\">\n\t\t\t\t\t\t\t<div class=\"col\">\n\t<h2 id=\"anchor-jtl-wms\" class=\"text-center line-color-wms\">JTL-WMS<a href=\"#jtl-wms\" class=\"far fa-link headline-link\" data-href=\"#jtl-wms\"><\/a><\/h2>\t<div class=\"row flex-column-reverse flex-lg-row d-flex\">\n\t\t<div class=\"col-lg-6\">\n\t<div class=\"mt-5 mt-lg-0 embed-responsive embed-responsive-16by9 bg-secondary\">\n\t<div  class=\"embed-responsive-item\" data-youtube-id=\"pys_FqhR5Dc\">\n\t\t\t\t<div class=\"embed-cover lazy poster\" data-bg=\"url('https:\/\/www.jtl-software.com\/uploads\/youtube-thumbs\/pys_FqhR5Dc-maxresdefault.webp')\">\n\t\t\t<span class=\"embed-play fas fa-play-circle\"><\/span>\n\t\t<\/div>\t\n\t\t\t<\/div>\n<\/div>\n<\/div><div class=\"col-lg-6 mt-auto mb-auto\">\n\t<h3 id=\"anchor-videos-zur-lagerverwaltung\">Videos zur Lagerverwaltung<a href=\"#videos-zur-lagerverwaltung\" class=\"far fa-link headline-link\" data-href=\"#videos-zur-lagerverwaltung\"><\/a><\/h3><p>Die Lagerverwaltung JTL-WMS unterst\u00fctzt Sie bei allen Aufgaben innerhalb Ihres Lagers. Unsere Videos vermitteln Ihnen einen praktischen Einblick in den breiten Funktionsumfang, den Ihnen die Software bietet: Wareneingang von Lieferantenbestellungen, Korrekturbuchungen, Kommissionierung mit wegoptimierten Picklisten, Inventur und das Arbeiten mit der mobilen Lagerverwaltung JTL-WMS Mobile \u2013 das sind nur ein paar der Themen, die unserer Tutorials f\u00fcr Sie bereithalten.<\/p>\n<div class=\"mt-4 btn-wrapper\">\n\t<a class=\"btn btn-wms\" rel=\"noopener noreferrer\" target=\"_blank\" href=\"https:\/\/www.youtube.com\/playlist?list=PL44cp2iiTsTUb2MKaEOzMSSc0wM_0inxU\">\n\t\t\t\tZur Playlist\t\t<\/a><\/div><\/div>\t<\/div>\n<\/div>\n\t\t\t\t\t\t<\/div>\n\t\t\t\t\t\t\t<\/div>\n\t\t\t\t<\/section>\n\t\t\t<section class=\"bg-secondary\">\n\t\t\t\t\t<div class=\"container\">\n\t\t\t\t\t\t\t\t<div class=\"row\">\n\t\t\t\t\t\t\t<div class=\"col\">\n\t<h2 id=\"anchor-jtl-fulfillment-network\" class=\"text-center line-color-wms\">JTL-Fulfillment Network<a href=\"#jtl-fulfillment-network\" class=\"far fa-link headline-link\" data-href=\"#jtl-fulfillment-network\"><\/a><\/h2>\t<div class=\"row flex-column-reverse flex-lg-row d-flex\">\n\t\t<div class=\"col-lg-6\">\n\t<div class=\"mt-5 mt-lg-0 embed-responsive embed-responsive-16by9 bg-secondary\">\n\t<div  class=\"embed-responsive-item\" data-youtube-id=\"MdyIx9WGfTc\">\n\t\t\t\t<div class=\"embed-cover lazy poster\" data-bg=\"url('https:\/\/www.jtl-software.com\/uploads\/youtube-thumbs\/MdyIx9WGfTc-maxresdefault.webp')\">\n\t\t\t<span class=\"embed-play fas fa-play-circle\"><\/span>\n\t\t<\/div>\t\n\t\t\t<\/div>\n<\/div>\n<\/div><div class=\"col-lg-6 mt-auto mb-auto\">\n\t<h3 id=\"anchor-videos-zum-handelsnetzwerk\">Videos zum Handelsnetzwerk<a href=\"#videos-zum-handelsnetzwerk\" class=\"far fa-link headline-link\" data-href=\"#videos-zum-handelsnetzwerk\"><\/a><\/h3><p>Wenn Sie sich als H\u00e4ndler g\u00e4nzlich der Vermarktung Ihrer Produkte widmen und mit ressourcenzehrenden Lager- und Versandprozessen nichts am Hut haben m\u00f6chten, ist die Teilnahme im JTL-Fulfillment Network eine attraktive Option: Hier legen Sie Ihre Logistikaufgaben einfach einem professionellen Dienstleister in die H\u00e4nde. Unsere Videos geben einen schnellen \u00dcberblick \u00fcber die mannigfachen M\u00f6glichkeiten, die Ihnen das Netzwerk bietet.<\/p>\n<div class=\"mt-4 btn-wrapper\">\n\t<a class=\"btn btn-wms\" rel=\"noopener noreferrer\" target=\"_blank\" href=\"https:\/\/www.youtube.com\/playlist?list=PL44cp2iiTsTXvhihYjGtFlEUH8_s3I9A_\">\n\t\t\t\tZur Playlist\t\t<\/a><\/div><\/div>\t<\/div>\n<\/div>\n\t\t\t\t\t\t<\/div>\n\t\t\t\t\t\t\t<\/div>\n\t\t\t\t<\/section>\n\t","protected":false},"excerpt":{"rendered":"L\u00f6sungen h\u00f6ren, sehen &amp; anwenden!Video-TutorialsWir ver\u00f6ffentlichen regelm\u00e4\u00dfig neue Video-Tutorials, die Ihnen anschaulich demonstrieren, wie Sie die Warenwirtschaft JTL-Wawi und weitere Softwarel\u00f6sungen aus der JTL-Produktfamilie im Alltag effizient einsetzen k\u00f6nnen. Vom Einsteiger bis zum Prozessoptimierer ist f\u00fcr jeden etwas dabei. JTL-Wawi Videos zur WarenwirtschaftJTL-Wawi ist die Schalt- und Waltzentrale Ihres Business. Unsere Tutorials machen Sie mit","protected":false},"author":4,"featured_media":0,"parent":427,"menu_order":0,"comment_status":"closed","ping_status":"closed","template":"","meta":{"_acf_changed":false,"footnotes":""},"class_list":["post-107195","page","type-page","status-publish","hentry"],"acf":[],"_links":{"self":[{"href":"https:\/\/www.jtl-software.com\/de\/wp-json\/wp\/v2\/pages\/107195","targetHints":{"allow":["GET"]}}],"collection":[{"href":"https:\/\/www.jtl-software.com\/de\/wp-json\/wp\/v2\/pages"}],"about":[{"href":"https:\/\/www.jtl-software.com\/de\/wp-json\/wp\/v2\/types\/page"}],"author":[{"embeddable":true,"href":"https:\/\/www.jtl-software.com\/de\/wp-json\/wp\/v2\/users\/4"}],"replies":[{"embeddable":true,"href":"https:\/\/www.jtl-software.com\/de\/wp-json\/wp\/v2\/comments?post=107195"}],"version-history":[{"count":7,"href":"https:\/\/www.jtl-software.com\/de\/wp-json\/wp\/v2\/pages\/107195\/revisions"}],"predecessor-version":[{"id":192841,"href":"https:\/\/www.jtl-software.com\/de\/wp-json\/wp\/v2\/pages\/107195\/revisions\/192841"}],"up":[{"embeddable":true,"href":"https:\/\/www.jtl-software.com\/de\/wp-json\/wp\/v2\/pages\/427"}],"wp:attachment":[{"href":"https:\/\/www.jtl-software.com\/de\/wp-json\/wp\/v2\/media?parent=107195"}],"curies":[{"name":"wp","href":"https:\/\/api.w.org\/{rel}","templated":true}]}}